{"id":9998,"date":"2023-06-20T11:08:05","date_gmt":"2025-04-07T15:12:08","guid":{"rendered":"https:\/\/positiveautism.org\/product\/las-emociones-hojas-de-trabajo-para-ensenar-a-los-ninos-habilidades-sociales-y-emocionales\/"},"modified":"2025-04-07T11:12:08","modified_gmt":"2025-04-07T15:12:08","slug":"las-emociones-hojas-de-trabajo-para-ensenar-a-los-ninos-habilidades-sociales-y-emocionales","status":"publish","type":"product","link":"https:\/\/positiveautism.org\/es\/producto\/las-emociones-hojas-de-trabajo-para-ensenar-a-los-ninos-habilidades-sociales-y-emocionales\/","title":{"rendered":"Las emociones. (Hojas de trabajo para ense\u00f1ar a los ni\u00f1os habilidades sociales y emocionales)"},"content":{"rendered":"","protected":false},"excerpt":{"rendered":"<p>Este material de trabajo, dise\u00f1ado para ense\u00f1ar habilidades sociales y emocionales a ni\u00f1os autistas, busca desarrollar su capacidad para reconocer, comprender y gestionar adecuadamente sus propias emociones y las de los dem\u00e1s. Aborda situaciones y emociones comunes como el dolor, la ira y la tristeza, presentando ejemplos claros y preguntas reflexivas para promover el autoan\u00e1lisis y la empat\u00eda. Se invita a los ni\u00f1os a imaginar y recrear escenarios que puedan provocar estas emociones, y a pensar en c\u00f3mo manejar\u00edan adecuadamente estas situaciones. El objetivo es mejorar su comunicaci\u00f3n y sus relaciones con los dem\u00e1s, ayud\u00e1ndoles a tomar decisiones m\u00e1s acertadas y a pedir ayuda cuando la necesiten, reduciendo la sensaci\u00f3n de aislamiento.   <\/p>\n","protected":false},"featured_media":9999,"comment_status":"open","ping_status":"closed","template":"","meta":{"_acf_changed":false,"_monsterinsights_skip_tracking":false,"_monsterinsights_sitenote_active":false,"_monsterinsights_sitenote_note":"","_monsterinsights_sitenote_category":0},"product_brand":[],"product_cat":[787],"product_tag":[811,833],"class_list":{"0":"post-9998","1":"product","2":"type-product","3":"status-publish","4":"has-post-thumbnail","6":"product_cat-habilidades-sociales-y-emocionales","7":"product_tag-habilidades-sociales-y-emocionales-en-ninos-autistas","8":"product_tag-habilidades-sociales-y-emocionales-en-ninos-con-autismo","10":"first","11":"instock","12":"downloadable","13":"shipping-taxable","14":"purchasable","15":"product-type-simple"},"acf":[],"aioseo_notices":[],"jetpack_sharing_enabled":true,"_links":{"self":[{"href":"https:\/\/positiveautism.org\/es\/wp-json\/wp\/v2\/product\/9998","targetHints":{"allow":["GET"]}}],"collection":[{"href":"https:\/\/positiveautism.org\/es\/wp-json\/wp\/v2\/product"}],"about":[{"href":"https:\/\/positiveautism.org\/es\/wp-json\/wp\/v2\/types\/product"}],"replies":[{"embeddable":true,"href":"https:\/\/positiveautism.org\/es\/wp-json\/wp\/v2\/comments?post=9998"}],"wp:featuredmedia":[{"embeddable":true,"href":"https:\/\/positiveautism.org\/es\/wp-json\/wp\/v2\/media\/9999"}],"wp:attachment":[{"href":"https:\/\/positiveautism.org\/es\/wp-json\/wp\/v2\/media?parent=9998"}],"wp:term":[{"taxonomy":"product_brand","embeddable":true,"href":"https:\/\/positiveautism.org\/es\/wp-json\/wp\/v2\/product_brand?post=9998"},{"taxonomy":"product_cat","embeddable":true,"href":"https:\/\/positiveautism.org\/es\/wp-json\/wp\/v2\/product_cat?post=9998"},{"taxonomy":"product_tag","embeddable":true,"href":"https:\/\/positiveautism.org\/es\/wp-json\/wp\/v2\/product_tag?post=9998"}],"curies":[{"name":"wp","href":"https:\/\/api.w.org\/{rel}","templated":true}]}}