{"id":9994,"date":"2023-06-22T18:14:12","date_gmt":"2025-04-07T15:12:07","guid":{"rendered":"https:\/\/positiveautism.org\/product\/presta-atencion-a-los-pequenos-comentarios-y-a-la-emocion-que-se-muestra-en-ellos-hojas-de-trabajo-para-ensenar-habilidades-de-conversacion-a-ninos-autistas\/"},"modified":"2025-04-07T11:12:07","modified_gmt":"2025-04-07T15:12:07","slug":"presta-atencion-a-los-pequenos-comentarios-y-a-la-emocion-que-se-muestra-en-ellos-hojas-de-trabajo-para-ensenar-habilidades-de-conversacion-a-ninos-autistas","status":"publish","type":"product","link":"https:\/\/positiveautism.org\/es\/producto\/presta-atencion-a-los-pequenos-comentarios-y-a-la-emocion-que-se-muestra-en-ellos-hojas-de-trabajo-para-ensenar-habilidades-de-conversacion-a-ninos-autistas\/","title":{"rendered":"Presta atenci\u00f3n a los peque\u00f1os comentarios y a la emoci\u00f3n que se muestra en ellos. (Hojas de trabajo para ense\u00f1ar habilidades de conversaci\u00f3n a ni\u00f1os autistas)"},"content":{"rendered":"","protected":false},"excerpt":{"rendered":"<p>Prestar atenci\u00f3n a los peque\u00f1os comentarios y emociones\u00bb, est\u00e1 dise\u00f1ado para ayudar a los ni\u00f1os autistas a desarrollar sus habilidades de conversaci\u00f3n. Se centra en los matices de las conversaciones, enfatizando la importancia de reconocer y responder al contenido emocional de los comentarios de los dem\u00e1s. El recurso proporciona ejemplos y escenarios pr\u00e1cticos, alentando a los ni\u00f1os a responder adecuadamente a diferentes contextos emocionales, como la felicidad, la frustraci\u00f3n, el miedo y la tristeza. El material incluye adem\u00e1s ejercicios de pr\u00e1ctica que implican analizar im\u00e1genes y responder a diversas situaciones de una manera que demuestre empat\u00eda y comprensi\u00f3n. A trav\u00e9s de la pr\u00e1ctica regular, los ni\u00f1os pueden aprender a mejorar su participaci\u00f3n conversacional, haciendo que sus interacciones sean m\u00e1s agradables y significativas.    <\/p>\n","protected":false},"featured_media":9995,"comment_status":"open","ping_status":"closed","template":"","meta":{"_acf_changed":false,"_monsterinsights_skip_tracking":false,"_monsterinsights_sitenote_active":false,"_monsterinsights_sitenote_note":"","_monsterinsights_sitenote_category":0},"product_brand":[],"product_cat":[838],"product_tag":[839,841],"class_list":{"0":"post-9994","1":"product","2":"type-product","3":"status-publish","4":"has-post-thumbnail","6":"product_cat-habilidades-de-conversacion","7":"product_tag-actividades-de-conversacion-para-ninos-con-autismo","8":"product_tag-actividades-de-conversacion-para-ninos-autistas","10":"first","11":"instock","12":"downloadable","13":"shipping-taxable","14":"purchasable","15":"product-type-simple"},"acf":[],"aioseo_notices":[],"jetpack_sharing_enabled":true,"_links":{"self":[{"href":"https:\/\/positiveautism.org\/es\/wp-json\/wp\/v2\/product\/9994","targetHints":{"allow":["GET"]}}],"collection":[{"href":"https:\/\/positiveautism.org\/es\/wp-json\/wp\/v2\/product"}],"about":[{"href":"https:\/\/positiveautism.org\/es\/wp-json\/wp\/v2\/types\/product"}],"replies":[{"embeddable":true,"href":"https:\/\/positiveautism.org\/es\/wp-json\/wp\/v2\/comments?post=9994"}],"wp:featuredmedia":[{"embeddable":true,"href":"https:\/\/positiveautism.org\/es\/wp-json\/wp\/v2\/media\/9995"}],"wp:attachment":[{"href":"https:\/\/positiveautism.org\/es\/wp-json\/wp\/v2\/media?parent=9994"}],"wp:term":[{"taxonomy":"product_brand","embeddable":true,"href":"https:\/\/positiveautism.org\/es\/wp-json\/wp\/v2\/product_brand?post=9994"},{"taxonomy":"product_cat","embeddable":true,"href":"https:\/\/positiveautism.org\/es\/wp-json\/wp\/v2\/product_cat?post=9994"},{"taxonomy":"product_tag","embeddable":true,"href":"https:\/\/positiveautism.org\/es\/wp-json\/wp\/v2\/product_tag?post=9994"}],"curies":[{"name":"wp","href":"https:\/\/api.w.org\/{rel}","templated":true}]}}