{"id":9992,"date":"2023-06-16T11:40:25","date_gmt":"2025-04-07T15:12:01","guid":{"rendered":"https:\/\/positiveautism.org\/product\/hablar-de-lo-que-la-otra-persona-quiere-hablar-hojas-de-trabajo-para-ensenar-habilidades-de-conversacion-a-ninos-autistas-2\/"},"modified":"2025-04-07T11:12:01","modified_gmt":"2025-04-07T15:12:01","slug":"hablar-de-lo-que-la-otra-persona-quiere-hablar-hojas-de-trabajo-para-ensenar-habilidades-de-conversacion-a-ninos-autistas-2","status":"publish","type":"product","link":"https:\/\/positiveautism.org\/es\/producto\/hablar-de-lo-que-la-otra-persona-quiere-hablar-hojas-de-trabajo-para-ensenar-habilidades-de-conversacion-a-ninos-autistas-2\/","title":{"rendered":"Hablar de lo que la otra persona quiere hablar. (Hojas de trabajo para ense\u00f1ar habilidades de conversaci\u00f3n a ni\u00f1os autistas)"},"content":{"rendered":"","protected":false},"excerpt":{"rendered":"<p>Este material de trabajo est\u00e1 dise\u00f1ado para ayudar a desarrollar habilidades de conversaci\u00f3n en ni\u00f1os autistas, centr\u00e1ndose espec\u00edficamente en la capacidad de prestar atenci\u00f3n a lo que la otra persona quiere hablar. A trav\u00e9s de una met\u00e1fora de un viaje compartido, se ilustra la importancia de la reciprocidad en las conversaciones y se anima a los ni\u00f1os a considerar las perspectivas e intereses de los dem\u00e1s. El material presenta una serie de situaciones hipot\u00e9ticas que los ni\u00f1os pueden practicar, lo que les ayuda a anticipar las intenciones conversacionales de los dem\u00e1s y a responder adecuadamente. Las pautas proporcionadas tambi\u00e9n promueven la observaci\u00f3n de se\u00f1ales no verbales, como las expresiones faciales, para mejorar la comprensi\u00f3n interpersonal y la participaci\u00f3n activa en las conversaciones.   <\/p>\n","protected":false},"featured_media":9993,"comment_status":"open","ping_status":"closed","template":"","meta":{"_acf_changed":false,"_monsterinsights_skip_tracking":false,"_monsterinsights_sitenote_active":false,"_monsterinsights_sitenote_note":"","_monsterinsights_sitenote_category":0},"product_brand":[],"product_cat":[838],"product_tag":[839,841],"class_list":{"0":"post-9992","1":"product","2":"type-product","3":"status-publish","4":"has-post-thumbnail","6":"product_cat-habilidades-de-conversacion","7":"product_tag-actividades-de-conversacion-para-ninos-con-autismo","8":"product_tag-actividades-de-conversacion-para-ninos-autistas","10":"first","11":"instock","12":"downloadable","13":"shipping-taxable","14":"purchasable","15":"product-type-simple"},"acf":[],"aioseo_notices":[],"jetpack_sharing_enabled":true,"_links":{"self":[{"href":"https:\/\/positiveautism.org\/es\/wp-json\/wp\/v2\/product\/9992","targetHints":{"allow":["GET"]}}],"collection":[{"href":"https:\/\/positiveautism.org\/es\/wp-json\/wp\/v2\/product"}],"about":[{"href":"https:\/\/positiveautism.org\/es\/wp-json\/wp\/v2\/types\/product"}],"replies":[{"embeddable":true,"href":"https:\/\/positiveautism.org\/es\/wp-json\/wp\/v2\/comments?post=9992"}],"wp:featuredmedia":[{"embeddable":true,"href":"https:\/\/positiveautism.org\/es\/wp-json\/wp\/v2\/media\/9993"}],"wp:attachment":[{"href":"https:\/\/positiveautism.org\/es\/wp-json\/wp\/v2\/media?parent=9992"}],"wp:term":[{"taxonomy":"product_brand","embeddable":true,"href":"https:\/\/positiveautism.org\/es\/wp-json\/wp\/v2\/product_brand?post=9992"},{"taxonomy":"product_cat","embeddable":true,"href":"https:\/\/positiveautism.org\/es\/wp-json\/wp\/v2\/product_cat?post=9992"},{"taxonomy":"product_tag","embeddable":true,"href":"https:\/\/positiveautism.org\/es\/wp-json\/wp\/v2\/product_tag?post=9992"}],"curies":[{"name":"wp","href":"https:\/\/api.w.org\/{rel}","templated":true}]}}