{"id":9984,"date":"2023-06-07T21:45:53","date_gmt":"2025-04-07T15:12:00","guid":{"rendered":"https:\/\/positiveautism.org\/product\/escucha-a-la-otra-persona-para-que-sepas-de-que-quiere-hablar-hojas-de-trabajo-para-ensenar-habilidades-de-conversacion-a-ninos-autistas\/"},"modified":"2025-04-07T11:12:00","modified_gmt":"2025-04-07T15:12:00","slug":"escucha-a-la-otra-persona-para-que-sepas-de-que-quiere-hablar-hojas-de-trabajo-para-ensenar-habilidades-de-conversacion-a-ninos-autistas","status":"publish","type":"product","link":"https:\/\/positiveautism.org\/es\/producto\/escucha-a-la-otra-persona-para-que-sepas-de-que-quiere-hablar-hojas-de-trabajo-para-ensenar-habilidades-de-conversacion-a-ninos-autistas\/","title":{"rendered":"Escucha a la otra persona, para que sepas de qu\u00e9 quiere hablar. (Hojas de trabajo para ense\u00f1ar habilidades de conversaci\u00f3n a ni\u00f1os autistas)"},"content":{"rendered":"","protected":false},"excerpt":{"rendered":"<p>En este material, encontrar\u00e1 una gu\u00eda interactiva y completa dise\u00f1ada para ayudar a los ni\u00f1os con autismo a mejorar sus habilidades de conversaci\u00f3n. Proporciona una gu\u00eda estructurada sobre c\u00f3mo escuchar atentamente, responder adecuadamente y mantener el tema de conversaci\u00f3n coherente con la elecci\u00f3n del iniciador. El recurso ofrece escenarios pr\u00e1cticos, pidi\u00e9ndole al ni\u00f1o que formule posibles respuestas a diferentes temas de conversaci\u00f3n. El objetivo es fomentar intercambios m\u00e1s naturales y gratificantes. Al practicar estas habilidades, el ni\u00f1o podr\u00e1 participar con m\u00e1s confianza y \u00e9xito en las conversaciones cotidianas.    <\/p>\n","protected":false},"featured_media":9985,"comment_status":"open","ping_status":"closed","template":"","meta":{"_acf_changed":false,"_monsterinsights_skip_tracking":false,"_monsterinsights_sitenote_active":false,"_monsterinsights_sitenote_note":"","_monsterinsights_sitenote_category":0},"product_brand":[],"product_cat":[838],"product_tag":[842,843,857],"class_list":{"0":"post-9984","1":"product","2":"type-product","3":"status-publish","4":"has-post-thumbnail","6":"product_cat-habilidades-de-conversacion","7":"product_tag-como-ensenar-habilidades-de-conversacion-a-personas-autistas","8":"product_tag-como-ensenar-habilidades-de-conversacion-a-personas-con-autismo","9":"product_tag-habilidades-de-conversacion","11":"first","12":"instock","13":"downloadable","14":"shipping-taxable","15":"purchasable","16":"product-type-simple"},"acf":[],"aioseo_notices":[],"jetpack_sharing_enabled":true,"_links":{"self":[{"href":"https:\/\/positiveautism.org\/es\/wp-json\/wp\/v2\/product\/9984","targetHints":{"allow":["GET"]}}],"collection":[{"href":"https:\/\/positiveautism.org\/es\/wp-json\/wp\/v2\/product"}],"about":[{"href":"https:\/\/positiveautism.org\/es\/wp-json\/wp\/v2\/types\/product"}],"replies":[{"embeddable":true,"href":"https:\/\/positiveautism.org\/es\/wp-json\/wp\/v2\/comments?post=9984"}],"wp:featuredmedia":[{"embeddable":true,"href":"https:\/\/positiveautism.org\/es\/wp-json\/wp\/v2\/media\/9985"}],"wp:attachment":[{"href":"https:\/\/positiveautism.org\/es\/wp-json\/wp\/v2\/media?parent=9984"}],"wp:term":[{"taxonomy":"product_brand","embeddable":true,"href":"https:\/\/positiveautism.org\/es\/wp-json\/wp\/v2\/product_brand?post=9984"},{"taxonomy":"product_cat","embeddable":true,"href":"https:\/\/positiveautism.org\/es\/wp-json\/wp\/v2\/product_cat?post=9984"},{"taxonomy":"product_tag","embeddable":true,"href":"https:\/\/positiveautism.org\/es\/wp-json\/wp\/v2\/product_tag?post=9984"}],"curies":[{"name":"wp","href":"https:\/\/api.w.org\/{rel}","templated":true}]}}