{"id":9980,"date":"2023-06-07T13:05:36","date_gmt":"2025-04-07T15:12:00","guid":{"rendered":"https:\/\/positiveautism.org\/product\/por-que-deberias-organizar-tu-habitacion-y-tus-cosas-hojas-de-trabajo-para-ensenar-a-los-ninos-independencia-y-habilidades-para-la-vida\/"},"modified":"2025-04-07T11:12:00","modified_gmt":"2025-04-07T15:12:00","slug":"por-que-deberias-organizar-tu-habitacion-y-tus-cosas-hojas-de-trabajo-para-ensenar-a-los-ninos-independencia-y-habilidades-para-la-vida","status":"publish","type":"product","link":"https:\/\/positiveautism.org\/es\/producto\/por-que-deberias-organizar-tu-habitacion-y-tus-cosas-hojas-de-trabajo-para-ensenar-a-los-ninos-independencia-y-habilidades-para-la-vida\/","title":{"rendered":"\u00bfPor qu\u00e9 deber\u00edas organizar tu habitaci\u00f3n y tus cosas? (Hojas de trabajo para ense\u00f1ar a los ni\u00f1os independencia y habilidades para la vida)"},"content":{"rendered":"","protected":false},"excerpt":{"rendered":"<p>En este material educativo, encontrar\u00e1 actividades dise\u00f1adas para fomentar habilidades importantes para la vida y promover la independencia en ni\u00f1os con autismo. A trav\u00e9s de una serie de ejercicios, nuestro objetivo es introducir el concepto de mantener un espacio vital ordenado, incluida la importancia de organizar las pertenencias personales y comprender los beneficios de hacerlo. Este recurso aborda varias \u00e1reas clave: aumentar la independencia, facilitar el acceso a los art\u00edculos necesarios, crear un ambiente tranquilo y propicio, fomentar la responsabilidad, el respeto por las pertenencias personales y las de los dem\u00e1s, e introducir habilidades b\u00e1sicas de gesti\u00f3n del tiempo.  <\/p>\n","protected":false},"featured_media":9982,"comment_status":"open","ping_status":"closed","template":"","meta":{"_acf_changed":false,"_monsterinsights_skip_tracking":false,"_monsterinsights_sitenote_active":false,"_monsterinsights_sitenote_note":"","_monsterinsights_sitenote_category":0},"product_brand":[],"product_cat":[835],"product_tag":[1005,1006,1007],"class_list":{"0":"post-9980","1":"product","2":"type-product","3":"status-publish","4":"has-post-thumbnail","6":"product_cat-independencia-y-habilidades-para-la-vida","7":"product_tag-independencia-para-ninos-autistas","8":"product_tag-habilidades-para-la-vida","9":"product_tag-independencia-y-habilidades-para-la-vida-para-ninos-con-autismo","11":"first","12":"instock","13":"downloadable","14":"shipping-taxable","15":"purchasable","16":"product-type-simple"},"acf":[],"aioseo_notices":[],"jetpack_sharing_enabled":true,"_links":{"self":[{"href":"https:\/\/positiveautism.org\/es\/wp-json\/wp\/v2\/product\/9980","targetHints":{"allow":["GET"]}}],"collection":[{"href":"https:\/\/positiveautism.org\/es\/wp-json\/wp\/v2\/product"}],"about":[{"href":"https:\/\/positiveautism.org\/es\/wp-json\/wp\/v2\/types\/product"}],"replies":[{"embeddable":true,"href":"https:\/\/positiveautism.org\/es\/wp-json\/wp\/v2\/comments?post=9980"}],"wp:featuredmedia":[{"embeddable":true,"href":"https:\/\/positiveautism.org\/es\/wp-json\/wp\/v2\/media\/9982"}],"wp:attachment":[{"href":"https:\/\/positiveautism.org\/es\/wp-json\/wp\/v2\/media?parent=9980"}],"wp:term":[{"taxonomy":"product_brand","embeddable":true,"href":"https:\/\/positiveautism.org\/es\/wp-json\/wp\/v2\/product_brand?post=9980"},{"taxonomy":"product_cat","embeddable":true,"href":"https:\/\/positiveautism.org\/es\/wp-json\/wp\/v2\/product_cat?post=9980"},{"taxonomy":"product_tag","embeddable":true,"href":"https:\/\/positiveautism.org\/es\/wp-json\/wp\/v2\/product_tag?post=9980"}],"curies":[{"name":"wp","href":"https:\/\/api.w.org\/{rel}","templated":true}]}}