{"id":9978,"date":"2023-06-06T19:09:55","date_gmt":"2025-04-07T15:12:00","guid":{"rendered":"https:\/\/positiveautism.org\/product\/despedirse-hojas-de-trabajo-para-ensenar-habilidades-sociales-a-los-ninos\/"},"modified":"2025-04-07T11:12:00","modified_gmt":"2025-04-07T15:12:00","slug":"despedirse-hojas-de-trabajo-para-ensenar-habilidades-sociales-a-los-ninos","status":"publish","type":"product","link":"https:\/\/positiveautism.org\/es\/producto\/despedirse-hojas-de-trabajo-para-ensenar-habilidades-sociales-a-los-ninos\/","title":{"rendered":"Despedirse. (Hojas de trabajo para ense\u00f1ar habilidades sociales a los ni\u00f1os)"},"content":{"rendered":"","protected":false},"excerpt":{"rendered":"<p>Este material de trabajo est\u00e1 dise\u00f1ado para ense\u00f1ar a los ni\u00f1os autistas la importancia de decir adi\u00f3s en las interacciones sociales. Contiene informaci\u00f3n sobre c\u00f3mo y por qu\u00e9 debemos decir adi\u00f3s, consejos pr\u00e1cticos y actividades interactivas para ayudar a los ni\u00f1os a comprender y practicar esta habilidad. Adem\u00e1s, presenta escenarios en los que se debe decir adi\u00f3s, fomentando la reflexi\u00f3n y el razonamiento. Las actividades para colorear y las preguntas de reflexi\u00f3n complementan el aprendizaje, animando a los ni\u00f1os a explorar sus emociones y las reacciones de los dem\u00e1s en diferentes situaciones. Con este material, los ni\u00f1os autistas pueden desarrollar una mejor comprensi\u00f3n de las interacciones sociales y fortalecer sus habilidades de comunicaci\u00f3n.    <\/p>\n","protected":false},"featured_media":9979,"comment_status":"open","ping_status":"closed","template":"","meta":{"_acf_changed":false,"_monsterinsights_skip_tracking":false,"_monsterinsights_sitenote_active":false,"_monsterinsights_sitenote_note":"","_monsterinsights_sitenote_category":0},"product_brand":[],"product_cat":[787],"product_tag":[788,847],"class_list":{"0":"post-9978","1":"product","2":"type-product","3":"status-publish","4":"has-post-thumbnail","6":"product_cat-habilidades-sociales-y-emocionales","7":"product_tag-actividades-para-tecnificar-habilidades-sociales-a-ninos-autistas","8":"product_tag-actividades-para-ensenar-habilidades-sociales-a-ninos-con-autismo","10":"first","11":"instock","12":"downloadable","13":"shipping-taxable","14":"purchasable","15":"product-type-simple"},"acf":[],"aioseo_notices":[],"jetpack_sharing_enabled":true,"_links":{"self":[{"href":"https:\/\/positiveautism.org\/es\/wp-json\/wp\/v2\/product\/9978","targetHints":{"allow":["GET"]}}],"collection":[{"href":"https:\/\/positiveautism.org\/es\/wp-json\/wp\/v2\/product"}],"about":[{"href":"https:\/\/positiveautism.org\/es\/wp-json\/wp\/v2\/types\/product"}],"replies":[{"embeddable":true,"href":"https:\/\/positiveautism.org\/es\/wp-json\/wp\/v2\/comments?post=9978"}],"wp:featuredmedia":[{"embeddable":true,"href":"https:\/\/positiveautism.org\/es\/wp-json\/wp\/v2\/media\/9979"}],"wp:attachment":[{"href":"https:\/\/positiveautism.org\/es\/wp-json\/wp\/v2\/media?parent=9978"}],"wp:term":[{"taxonomy":"product_brand","embeddable":true,"href":"https:\/\/positiveautism.org\/es\/wp-json\/wp\/v2\/product_brand?post=9978"},{"taxonomy":"product_cat","embeddable":true,"href":"https:\/\/positiveautism.org\/es\/wp-json\/wp\/v2\/product_cat?post=9978"},{"taxonomy":"product_tag","embeddable":true,"href":"https:\/\/positiveautism.org\/es\/wp-json\/wp\/v2\/product_tag?post=9978"}],"curies":[{"name":"wp","href":"https:\/\/api.w.org\/{rel}","templated":true}]}}