{"id":9976,"date":"2023-06-09T18:00:47","date_gmt":"2025-04-07T15:11:59","guid":{"rendered":"https:\/\/positiveautism.org\/product\/decir-la-verdad-hojas-de-trabajo-para-ensenar-habilidades-sociales-a-los-ninos\/"},"modified":"2025-04-07T11:11:59","modified_gmt":"2025-04-07T15:11:59","slug":"decir-la-verdad-hojas-de-trabajo-para-ensenar-habilidades-sociales-a-los-ninos","status":"publish","type":"product","link":"https:\/\/positiveautism.org\/es\/producto\/decir-la-verdad-hojas-de-trabajo-para-ensenar-habilidades-sociales-a-los-ninos\/","title":{"rendered":"Decir la verdad. (Hojas de trabajo para ense\u00f1ar habilidades sociales a los ni\u00f1os)"},"content":{"rendered":"","protected":false},"excerpt":{"rendered":"<p>Este material educativo, titulado \u00abDecir la verdad\u00bb, est\u00e1 dise\u00f1ado para ense\u00f1ar a los ni\u00f1os con autismo sobre la importancia de la honestidad y los m\u00faltiples beneficios que aporta en las interacciones sociales. Les ayuda a comprender el papel fundamental de decir la verdad para fomentar la confianza, demostrar responsabilidad, mostrar respeto y generar sentimientos positivos. El material utiliza actividades atractivas, como completar conversaciones y preguntas reflexivas, para llevar a casa estas lecciones. Anima a los ni\u00f1os a explorar las posibles consecuencias de mentir y los beneficios de decir la verdad. Al ayudarlos a comprender el impacto de sus palabras y acciones en s\u00ed mismos y en los dem\u00e1s, este material equipa a los ni\u00f1os con herramientas esenciales para mejorar sus habilidades sociales y navegar las relaciones interpersonales de manera m\u00e1s efectiva.    <\/p>\n","protected":false},"featured_media":9977,"comment_status":"open","ping_status":"closed","template":"","meta":{"_acf_changed":false,"_monsterinsights_skip_tracking":false,"_monsterinsights_sitenote_active":false,"_monsterinsights_sitenote_note":"","_monsterinsights_sitenote_category":0},"product_brand":[],"product_cat":[787],"product_tag":[788,847,864],"class_list":{"0":"post-9976","1":"product","2":"type-product","3":"status-publish","4":"has-post-thumbnail","6":"product_cat-habilidades-sociales-y-emocionales","7":"product_tag-actividades-para-tecnificar-habilidades-sociales-a-ninos-autistas","8":"product_tag-actividades-para-ensenar-habilidades-sociales-a-ninos-con-autismo","9":"product_tag-ensenar-a-los-ninos-a-decir-la-verdad-es","11":"first","12":"instock","13":"downloadable","14":"shipping-taxable","15":"purchasable","16":"product-type-simple"},"acf":[],"aioseo_notices":[],"jetpack_sharing_enabled":true,"_links":{"self":[{"href":"https:\/\/positiveautism.org\/es\/wp-json\/wp\/v2\/product\/9976","targetHints":{"allow":["GET"]}}],"collection":[{"href":"https:\/\/positiveautism.org\/es\/wp-json\/wp\/v2\/product"}],"about":[{"href":"https:\/\/positiveautism.org\/es\/wp-json\/wp\/v2\/types\/product"}],"replies":[{"embeddable":true,"href":"https:\/\/positiveautism.org\/es\/wp-json\/wp\/v2\/comments?post=9976"}],"wp:featuredmedia":[{"embeddable":true,"href":"https:\/\/positiveautism.org\/es\/wp-json\/wp\/v2\/media\/9977"}],"wp:attachment":[{"href":"https:\/\/positiveautism.org\/es\/wp-json\/wp\/v2\/media?parent=9976"}],"wp:term":[{"taxonomy":"product_brand","embeddable":true,"href":"https:\/\/positiveautism.org\/es\/wp-json\/wp\/v2\/product_brand?post=9976"},{"taxonomy":"product_cat","embeddable":true,"href":"https:\/\/positiveautism.org\/es\/wp-json\/wp\/v2\/product_cat?post=9976"},{"taxonomy":"product_tag","embeddable":true,"href":"https:\/\/positiveautism.org\/es\/wp-json\/wp\/v2\/product_tag?post=9976"}],"curies":[{"name":"wp","href":"https:\/\/api.w.org\/{rel}","templated":true}]}}