{"id":9973,"date":"2023-06-09T15:31:34","date_gmt":"2025-04-07T15:11:59","guid":{"rendered":"https:\/\/positiveautism.org\/product\/conversaciones-sobre-pasatiempos-hojas-de-trabajo-para-ensenar-habilidades-de-conversacion-a-ninos-autistas\/"},"modified":"2025-04-07T11:11:59","modified_gmt":"2025-04-07T15:11:59","slug":"conversaciones-sobre-pasatiempos-hojas-de-trabajo-para-ensenar-habilidades-de-conversacion-a-ninos-autistas","status":"publish","type":"product","link":"https:\/\/positiveautism.org\/es\/producto\/conversaciones-sobre-pasatiempos-hojas-de-trabajo-para-ensenar-habilidades-de-conversacion-a-ninos-autistas\/","title":{"rendered":"Conversaciones sobre pasatiempos. (Hojas de trabajo para ense\u00f1ar habilidades de conversaci\u00f3n a ni\u00f1os autistas)"},"content":{"rendered":"","protected":false},"excerpt":{"rendered":"<p>Esta hoja de trabajo, titulada \u00abConversaciones sobre pasatiempos\u00bb, est\u00e1 dise\u00f1ada para ayudar a los ni\u00f1os con autismo a desarrollar y mejorar sus habilidades de conversaci\u00f3n. A trav\u00e9s de varios ejercicios interactivos, como la descripci\u00f3n de im\u00e1genes, escenarios de juego de roles y sugerencias de reflexi\u00f3n, los ni\u00f1os aprender\u00e1n c\u00f3mo acercarse a los dem\u00e1s, iniciar conversaciones y responder adecuadamente interpretando las expresiones faciales. La hoja de trabajo tambi\u00e9n ofrece estrategias pr\u00e1cticas sobre c\u00f3mo navegar situaciones sociales, identificar temas comunes de inter\u00e9s y lidiar con los desaf\u00edos que pueden surgir durante las conversaciones. Lleno de orientaci\u00f3n de apoyo y pr\u00e1ctica, este material tiene como objetivo fomentar una mayor confianza en los ni\u00f1os a medida que aprenden a participar de manera m\u00e1s efectiva en las interacciones sociales.   <\/p>\n","protected":false},"featured_media":9974,"comment_status":"open","ping_status":"closed","template":"","meta":{"_acf_changed":false,"_monsterinsights_skip_tracking":false,"_monsterinsights_sitenote_active":false,"_monsterinsights_sitenote_note":"","_monsterinsights_sitenote_category":0},"product_brand":[],"product_cat":[838],"product_tag":[849,854],"class_list":{"0":"post-9973","1":"product","2":"type-product","3":"status-publish","4":"has-post-thumbnail","6":"product_cat-habilidades-de-conversacion","7":"product_tag-hojas-de-trabajo-para-ensenar-habilidades-de-conversacion-a-ninos-con-autismo","8":"product_tag-hojas-de-trabajo-para-ensenar-habilidades-de-conversacion-a-ninos-autistas","10":"first","11":"instock","12":"downloadable","13":"shipping-taxable","14":"purchasable","15":"product-type-simple"},"acf":[],"aioseo_notices":[],"jetpack_sharing_enabled":true,"_links":{"self":[{"href":"https:\/\/positiveautism.org\/es\/wp-json\/wp\/v2\/product\/9973","targetHints":{"allow":["GET"]}}],"collection":[{"href":"https:\/\/positiveautism.org\/es\/wp-json\/wp\/v2\/product"}],"about":[{"href":"https:\/\/positiveautism.org\/es\/wp-json\/wp\/v2\/types\/product"}],"replies":[{"embeddable":true,"href":"https:\/\/positiveautism.org\/es\/wp-json\/wp\/v2\/comments?post=9973"}],"wp:featuredmedia":[{"embeddable":true,"href":"https:\/\/positiveautism.org\/es\/wp-json\/wp\/v2\/media\/9974"}],"wp:attachment":[{"href":"https:\/\/positiveautism.org\/es\/wp-json\/wp\/v2\/media?parent=9973"}],"wp:term":[{"taxonomy":"product_brand","embeddable":true,"href":"https:\/\/positiveautism.org\/es\/wp-json\/wp\/v2\/product_brand?post=9973"},{"taxonomy":"product_cat","embeddable":true,"href":"https:\/\/positiveautism.org\/es\/wp-json\/wp\/v2\/product_cat?post=9973"},{"taxonomy":"product_tag","embeddable":true,"href":"https:\/\/positiveautism.org\/es\/wp-json\/wp\/v2\/product_tag?post=9973"}],"curies":[{"name":"wp","href":"https:\/\/api.w.org\/{rel}","templated":true}]}}