{"id":9970,"date":"2023-06-01T15:57:02","date_gmt":"2025-04-07T15:11:54","guid":{"rendered":"https:\/\/positiveautism.org\/product\/conversaciones-conectadas-actividad-para-practicar-habilidades-de-conversacion\/"},"modified":"2025-04-07T11:11:54","modified_gmt":"2025-04-07T15:11:54","slug":"conversaciones-conectadas-actividad-para-practicar-habilidades-de-conversacion","status":"publish","type":"product","link":"https:\/\/positiveautism.org\/es\/producto\/conversaciones-conectadas-actividad-para-practicar-habilidades-de-conversacion\/","title":{"rendered":"Conversaciones conectadas. (Actividad para practicar habilidades de conversaci\u00f3n)"},"content":{"rendered":"","protected":false},"excerpt":{"rendered":"<p>En este material, encontrar\u00e1 una gu\u00eda detallada para una actividad llamada &#8216;Conversaciones conectadas&#8217;, que tiene como objetivo practicar habilidades de conversaci\u00f3n y fomentar una conexi\u00f3n entre dos j\u00f3venes con autismo. La gu\u00eda describe el objetivo, los materiales necesarios y proporciona instrucciones paso a paso para llevar a cabo la actividad. Comienza con una discusi\u00f3n sobre la importancia de las habilidades de comunicaci\u00f3n y contin\u00faa gui\u00e1ndolo a trav\u00e9s del proceso de preparaci\u00f3n, explicaci\u00f3n, juego, reflexi\u00f3n y conclusi\u00f3n del juego.  <\/p>\n","protected":false},"featured_media":9971,"comment_status":"open","ping_status":"closed","template":"","meta":{"_acf_changed":false,"_monsterinsights_skip_tracking":false,"_monsterinsights_sitenote_active":false,"_monsterinsights_sitenote_note":"","_monsterinsights_sitenote_category":0},"product_brand":[],"product_cat":[838],"product_tag":[839,841],"class_list":{"0":"post-9970","1":"product","2":"type-product","3":"status-publish","4":"has-post-thumbnail","6":"product_cat-habilidades-de-conversacion","7":"product_tag-actividades-de-conversacion-para-ninos-con-autismo","8":"product_tag-actividades-de-conversacion-para-ninos-autistas","10":"first","11":"instock","12":"downloadable","13":"shipping-taxable","14":"purchasable","15":"product-type-simple"},"acf":[],"aioseo_notices":[],"jetpack_sharing_enabled":true,"_links":{"self":[{"href":"https:\/\/positiveautism.org\/es\/wp-json\/wp\/v2\/product\/9970","targetHints":{"allow":["GET"]}}],"collection":[{"href":"https:\/\/positiveautism.org\/es\/wp-json\/wp\/v2\/product"}],"about":[{"href":"https:\/\/positiveautism.org\/es\/wp-json\/wp\/v2\/types\/product"}],"replies":[{"embeddable":true,"href":"https:\/\/positiveautism.org\/es\/wp-json\/wp\/v2\/comments?post=9970"}],"wp:featuredmedia":[{"embeddable":true,"href":"https:\/\/positiveautism.org\/es\/wp-json\/wp\/v2\/media\/9971"}],"wp:attachment":[{"href":"https:\/\/positiveautism.org\/es\/wp-json\/wp\/v2\/media?parent=9970"}],"wp:term":[{"taxonomy":"product_brand","embeddable":true,"href":"https:\/\/positiveautism.org\/es\/wp-json\/wp\/v2\/product_brand?post=9970"},{"taxonomy":"product_cat","embeddable":true,"href":"https:\/\/positiveautism.org\/es\/wp-json\/wp\/v2\/product_cat?post=9970"},{"taxonomy":"product_tag","embeddable":true,"href":"https:\/\/positiveautism.org\/es\/wp-json\/wp\/v2\/product_tag?post=9970"}],"curies":[{"name":"wp","href":"https:\/\/api.w.org\/{rel}","templated":true}]}}