{"id":9968,"date":"2023-06-01T12:21:41","date_gmt":"2025-04-07T15:11:54","guid":{"rendered":"https:\/\/positiveautism.org\/product\/conversando-juntos-hacia-la-conexion-actividad-para-practicar-habilidades-de-conversacion-y-comprension-lectora-a-ninos-autistas\/"},"modified":"2025-04-07T11:11:54","modified_gmt":"2025-04-07T15:11:54","slug":"conversando-juntos-hacia-la-conexion-actividad-para-practicar-habilidades-de-conversacion-y-comprension-lectora-a-ninos-autistas","status":"publish","type":"product","link":"https:\/\/positiveautism.org\/es\/producto\/conversando-juntos-hacia-la-conexion-actividad-para-practicar-habilidades-de-conversacion-y-comprension-lectora-a-ninos-autistas\/","title":{"rendered":"Conversando juntos hacia la conexi\u00f3n. (Actividad para practicar habilidades de conversaci\u00f3n y comprensi\u00f3n lectora a ni\u00f1os autistas)"},"content":{"rendered":"","protected":false},"excerpt":{"rendered":"<p>\u00abEn <strong>&#8216;\u00a1Conversando juntos hacia la conexi\u00f3n!&#8217;<\/strong>, encontrar\u00e1s una actividad de lectura integral dise\u00f1ada para trabajar con ni\u00f1os o adolescentes autistas, destinada a enfatizar la importancia de la conversaci\u00f3n y las reglas que pueden facilitar la comunicaci\u00f3n efectiva. Este material narra la historia de un joven llamado Alex que tiene dificultades para entablar conversaciones, pero comprende su necesidad en su vida. Despu\u00e9s de la lectura, los j\u00f3venes lectores responder\u00e1n preguntas de comprensi\u00f3n personalizadas y participar\u00e1n en una actividad pr\u00e1ctica aplicando las reglas de conversaci\u00f3n que aprendieron. Este material tambi\u00e9n incluye una secci\u00f3n sobre herramientas de comunicaci\u00f3n alternativa y aumentativa (CAA), que son recursos y estrategias utilizados para apoyar a las personas con dificultades de comunicaci\u00f3n o limitaciones en el lenguaje verbal. Desde tableros de comunicaci\u00f3n hasta sistemas de voz sintetizados, estas herramientas pueden facilitar la participaci\u00f3n y la comprensi\u00f3n entre los estudiantes\u00bb.    <\/p>\n","protected":false},"featured_media":9969,"comment_status":"open","ping_status":"closed","template":"","meta":{"_acf_changed":false,"_monsterinsights_skip_tracking":false,"_monsterinsights_sitenote_active":false,"_monsterinsights_sitenote_note":"","_monsterinsights_sitenote_category":0},"product_brand":[],"product_cat":[783,838],"product_tag":[790,795,839,841],"class_list":{"0":"post-9968","1":"product","2":"type-product","3":"status-publish","4":"has-post-thumbnail","6":"product_cat-comprension-lectora","7":"product_cat-habilidades-de-conversacion","8":"product_tag-comprension-lectora-para-ninos-con-autismo","9":"product_tag-comprension-lectora-para-ninos-autistas","10":"product_tag-actividades-de-conversacion-para-ninos-con-autismo","11":"product_tag-actividades-de-conversacion-para-ninos-autistas","13":"first","14":"instock","15":"downloadable","16":"shipping-taxable","17":"purchasable","18":"product-type-simple"},"acf":[],"aioseo_notices":[],"jetpack_sharing_enabled":true,"_links":{"self":[{"href":"https:\/\/positiveautism.org\/es\/wp-json\/wp\/v2\/product\/9968","targetHints":{"allow":["GET"]}}],"collection":[{"href":"https:\/\/positiveautism.org\/es\/wp-json\/wp\/v2\/product"}],"about":[{"href":"https:\/\/positiveautism.org\/es\/wp-json\/wp\/v2\/types\/product"}],"replies":[{"embeddable":true,"href":"https:\/\/positiveautism.org\/es\/wp-json\/wp\/v2\/comments?post=9968"}],"wp:featuredmedia":[{"embeddable":true,"href":"https:\/\/positiveautism.org\/es\/wp-json\/wp\/v2\/media\/9969"}],"wp:attachment":[{"href":"https:\/\/positiveautism.org\/es\/wp-json\/wp\/v2\/media?parent=9968"}],"wp:term":[{"taxonomy":"product_brand","embeddable":true,"href":"https:\/\/positiveautism.org\/es\/wp-json\/wp\/v2\/product_brand?post=9968"},{"taxonomy":"product_cat","embeddable":true,"href":"https:\/\/positiveautism.org\/es\/wp-json\/wp\/v2\/product_cat?post=9968"},{"taxonomy":"product_tag","embeddable":true,"href":"https:\/\/positiveautism.org\/es\/wp-json\/wp\/v2\/product_tag?post=9968"}],"curies":[{"name":"wp","href":"https:\/\/api.w.org\/{rel}","templated":true}]}}