{"id":9966,"date":"2023-05-31T20:04:07","date_gmt":"2025-04-07T15:11:53","guid":{"rendered":"https:\/\/positiveautism.org\/product\/conversando-hacia-el-exito-actividad-para-practicar-la-comprension-lectora-y-conversaciones\/"},"modified":"2025-04-07T11:11:53","modified_gmt":"2025-04-07T15:11:53","slug":"conversando-hacia-el-exito-actividad-para-practicar-la-comprension-lectora-y-conversaciones","status":"publish","type":"product","link":"https:\/\/positiveautism.org\/es\/producto\/conversando-hacia-el-exito-actividad-para-practicar-la-comprension-lectora-y-conversaciones\/","title":{"rendered":"Conversando hacia el \u00e9xito. (Actividad para practicar la comprensi\u00f3n lectora y conversaciones)"},"content":{"rendered":"","protected":false},"excerpt":{"rendered":"<p>En este material de trabajo, encontrar\u00e1 una actividad de comprensi\u00f3n lectora dise\u00f1ada para ayudar a los ni\u00f1os autistas a practicar y mejorar sus habilidades de conversaci\u00f3n. A trav\u00e9s de un cuento y una serie de preguntas, los j\u00f3venes podr\u00e1n reflexionar sobre la importancia de las conversaciones, aprender reglas b\u00e1sicas para una comunicaci\u00f3n efectiva y obtener consejos pr\u00e1cticos para aplicar en su vida diaria. El material est\u00e1 adaptado para proporcionar apoyo adicional y respetar las necesidades individuales de los ni\u00f1os autistas, incluido el uso de ayudas visuales y estrategias de adaptaci\u00f3n.  <\/p>\n","protected":false},"featured_media":9967,"comment_status":"open","ping_status":"closed","template":"","meta":{"_acf_changed":false,"_monsterinsights_skip_tracking":false,"_monsterinsights_sitenote_active":false,"_monsterinsights_sitenote_note":"","_monsterinsights_sitenote_category":0},"product_brand":[],"product_cat":[783,838],"product_tag":[790,795,839,841],"class_list":{"0":"post-9966","1":"product","2":"type-product","3":"status-publish","4":"has-post-thumbnail","6":"product_cat-comprension-lectora","7":"product_cat-habilidades-de-conversacion","8":"product_tag-comprension-lectora-para-ninos-con-autismo","9":"product_tag-comprension-lectora-para-ninos-autistas","10":"product_tag-actividades-de-conversacion-para-ninos-con-autismo","11":"product_tag-actividades-de-conversacion-para-ninos-autistas","13":"first","14":"instock","15":"downloadable","16":"shipping-taxable","17":"purchasable","18":"product-type-simple"},"acf":[],"aioseo_notices":[],"jetpack_sharing_enabled":true,"_links":{"self":[{"href":"https:\/\/positiveautism.org\/es\/wp-json\/wp\/v2\/product\/9966","targetHints":{"allow":["GET"]}}],"collection":[{"href":"https:\/\/positiveautism.org\/es\/wp-json\/wp\/v2\/product"}],"about":[{"href":"https:\/\/positiveautism.org\/es\/wp-json\/wp\/v2\/types\/product"}],"replies":[{"embeddable":true,"href":"https:\/\/positiveautism.org\/es\/wp-json\/wp\/v2\/comments?post=9966"}],"wp:featuredmedia":[{"embeddable":true,"href":"https:\/\/positiveautism.org\/es\/wp-json\/wp\/v2\/media\/9967"}],"wp:attachment":[{"href":"https:\/\/positiveautism.org\/es\/wp-json\/wp\/v2\/media?parent=9966"}],"wp:term":[{"taxonomy":"product_brand","embeddable":true,"href":"https:\/\/positiveautism.org\/es\/wp-json\/wp\/v2\/product_brand?post=9966"},{"taxonomy":"product_cat","embeddable":true,"href":"https:\/\/positiveautism.org\/es\/wp-json\/wp\/v2\/product_cat?post=9966"},{"taxonomy":"product_tag","embeddable":true,"href":"https:\/\/positiveautism.org\/es\/wp-json\/wp\/v2\/product_tag?post=9966"}],"curies":[{"name":"wp","href":"https:\/\/api.w.org\/{rel}","templated":true}]}}