{"id":9963,"date":"2023-06-05T17:58:32","date_gmt":"2025-04-07T15:11:53","guid":{"rendered":"https:\/\/positiveautism.org\/product\/confia-en-mama-y-papa-hojas-de-trabajo-para-ensenar-a-los-ninos-a-buscar-ayuda-y-habilidades-sociales\/"},"modified":"2025-04-07T11:11:53","modified_gmt":"2025-04-07T15:11:53","slug":"confia-en-mama-y-papa-hojas-de-trabajo-para-ensenar-a-los-ninos-a-buscar-ayuda-y-habilidades-sociales","status":"publish","type":"product","link":"https:\/\/positiveautism.org\/es\/producto\/confia-en-mama-y-papa-hojas-de-trabajo-para-ensenar-a-los-ninos-a-buscar-ayuda-y-habilidades-sociales\/","title":{"rendered":"Conf\u00eda en mam\u00e1 y pap\u00e1. (Hojas de trabajo para ense\u00f1ar a los ni\u00f1os a buscar ayuda y habilidades sociales)"},"content":{"rendered":"","protected":false},"excerpt":{"rendered":"<p>En este libro de ejercicios titulado \u00abConf\u00eda en mam\u00e1 y pap\u00e1\u00bb, se proporciona una gu\u00eda completa y ejemplos para ayudar a los ni\u00f1os a comprender la importancia de confiar en sus padres, especialmente cuando enfrentan problemas o situaciones dif\u00edciles. Este recurso interactivo incluye actividades para colorear, dibujar y reflexionar, animando a los ni\u00f1os a expresar y comprender sus emociones. Adem\u00e1s, el material presenta un escenario para la autorreflexi\u00f3n a trav\u00e9s de la historia de un ni\u00f1o y propone la creaci\u00f3n de una lista personal de personas de confianza. Por lo tanto, el material proporciona un enfoque multidimensional para ayudar a los ni\u00f1os a comprender la importancia de la confianza y la comunicaci\u00f3n en situaciones problem\u00e1ticas.   <\/p>\n<p>&nbsp;<\/p>\n","protected":false},"featured_media":9965,"comment_status":"open","ping_status":"closed","template":"","meta":{"_acf_changed":false,"_monsterinsights_skip_tracking":false,"_monsterinsights_sitenote_active":false,"_monsterinsights_sitenote_note":"","_monsterinsights_sitenote_category":0},"product_brand":[],"product_cat":[787],"product_tag":[857,1004],"class_list":{"0":"post-9963","1":"product","2":"type-product","3":"status-publish","4":"has-post-thumbnail","6":"product_cat-habilidades-sociales-y-emocionales","7":"product_tag-habilidades-de-conversacion","8":"product_tag-ensene-a-los-ninos-a-buscar-ayuda","10":"first","11":"instock","12":"downloadable","13":"shipping-taxable","14":"purchasable","15":"product-type-simple"},"acf":[],"aioseo_notices":[],"jetpack_sharing_enabled":true,"_links":{"self":[{"href":"https:\/\/positiveautism.org\/es\/wp-json\/wp\/v2\/product\/9963","targetHints":{"allow":["GET"]}}],"collection":[{"href":"https:\/\/positiveautism.org\/es\/wp-json\/wp\/v2\/product"}],"about":[{"href":"https:\/\/positiveautism.org\/es\/wp-json\/wp\/v2\/types\/product"}],"replies":[{"embeddable":true,"href":"https:\/\/positiveautism.org\/es\/wp-json\/wp\/v2\/comments?post=9963"}],"wp:featuredmedia":[{"embeddable":true,"href":"https:\/\/positiveautism.org\/es\/wp-json\/wp\/v2\/media\/9965"}],"wp:attachment":[{"href":"https:\/\/positiveautism.org\/es\/wp-json\/wp\/v2\/media?parent=9963"}],"wp:term":[{"taxonomy":"product_brand","embeddable":true,"href":"https:\/\/positiveautism.org\/es\/wp-json\/wp\/v2\/product_brand?post=9963"},{"taxonomy":"product_cat","embeddable":true,"href":"https:\/\/positiveautism.org\/es\/wp-json\/wp\/v2\/product_cat?post=9963"},{"taxonomy":"product_tag","embeddable":true,"href":"https:\/\/positiveautism.org\/es\/wp-json\/wp\/v2\/product_tag?post=9963"}],"curies":[{"name":"wp","href":"https:\/\/api.w.org\/{rel}","templated":true}]}}