{"id":9953,"date":"2023-06-02T16:04:34","date_gmt":"2025-04-07T15:11:52","guid":{"rendered":"https:\/\/positiveautism.org\/product\/aprende-a-decir-no-hojas-de-trabajo-para-ensenar-a-los-ninos-autoafirmacion-y-habilidades-sociales\/"},"modified":"2025-04-07T11:11:52","modified_gmt":"2025-04-07T15:11:52","slug":"aprende-a-decir-no-hojas-de-trabajo-para-ensenar-a-los-ninos-autoafirmacion-y-habilidades-sociales","status":"publish","type":"product","link":"https:\/\/positiveautism.org\/es\/producto\/aprende-a-decir-no-hojas-de-trabajo-para-ensenar-a-los-ninos-autoafirmacion-y-habilidades-sociales\/","title":{"rendered":"\u00a1Aprende a decir NO! (Hojas de trabajo para ense\u00f1ar a los ni\u00f1os autoafirmaci\u00f3n y habilidades sociales)"},"content":{"rendered":"","protected":false},"excerpt":{"rendered":"<p>En este material titulado &#8216;\u00a1Aprende a decir NO!&#8217;, los ni\u00f1os encontrar\u00e1n una gu\u00eda completa para comprender la importancia y el poder de la palabra &#8216;NO&#8217;. Esta gu\u00eda explica c\u00f3mo decir \u00abNO\u00bb puede ayudarnos a mantenernos seguros, respetar nuestros sentimientos y necesidades, establecer l\u00edmites y evitar el agotamiento. Enfatiza que est\u00e1 bien no complacer a todos y que debemos priorizar nuestra comodidad y bienestar. Adem\u00e1s, proporciona actividades interactivas para practicar decir &#8216;NO&#8217;, incluyendo describir y dibujar instancias en las que tuvieron que rechazar a alguien, imaginar c\u00f3mo reaccionar en situaciones espec\u00edficas y reflexionar sobre la importancia de decir &#8216;NO&#8217;. En general, este material anima a los ni\u00f1os a afirmarse a s\u00ed mismos y a comprender que sus sentimientos y elecciones son v\u00e1lidos e importantes.    <\/p>\n","protected":false},"featured_media":9954,"comment_status":"open","ping_status":"closed","template":"","meta":{"_acf_changed":false,"_monsterinsights_skip_tracking":false,"_monsterinsights_sitenote_active":false,"_monsterinsights_sitenote_note":"","_monsterinsights_sitenote_category":0},"product_brand":[],"product_cat":[787],"product_tag":[982,1002],"class_list":{"0":"post-9953","1":"product","2":"type-product","3":"status-publish","4":"has-post-thumbnail","6":"product_cat-habilidades-sociales-y-emocionales","7":"product_tag-aprende-a-decir-no","8":"product_tag-como-ensenar-a-los-ninos-a-decir-que-no","10":"first","11":"instock","12":"downloadable","13":"shipping-taxable","14":"purchasable","15":"product-type-simple"},"acf":[],"aioseo_notices":[],"jetpack_sharing_enabled":true,"_links":{"self":[{"href":"https:\/\/positiveautism.org\/es\/wp-json\/wp\/v2\/product\/9953","targetHints":{"allow":["GET"]}}],"collection":[{"href":"https:\/\/positiveautism.org\/es\/wp-json\/wp\/v2\/product"}],"about":[{"href":"https:\/\/positiveautism.org\/es\/wp-json\/wp\/v2\/types\/product"}],"replies":[{"embeddable":true,"href":"https:\/\/positiveautism.org\/es\/wp-json\/wp\/v2\/comments?post=9953"}],"wp:featuredmedia":[{"embeddable":true,"href":"https:\/\/positiveautism.org\/es\/wp-json\/wp\/v2\/media\/9954"}],"wp:attachment":[{"href":"https:\/\/positiveautism.org\/es\/wp-json\/wp\/v2\/media?parent=9953"}],"wp:term":[{"taxonomy":"product_brand","embeddable":true,"href":"https:\/\/positiveautism.org\/es\/wp-json\/wp\/v2\/product_brand?post=9953"},{"taxonomy":"product_cat","embeddable":true,"href":"https:\/\/positiveautism.org\/es\/wp-json\/wp\/v2\/product_cat?post=9953"},{"taxonomy":"product_tag","embeddable":true,"href":"https:\/\/positiveautism.org\/es\/wp-json\/wp\/v2\/product_tag?post=9953"}],"curies":[{"name":"wp","href":"https:\/\/api.w.org\/{rel}","templated":true}]}}