{"id":9951,"date":"2023-06-02T12:02:32","date_gmt":"2025-04-07T15:11:52","guid":{"rendered":"https:\/\/positiveautism.org\/product\/el-acoso-escolar-y-como-manejarlo-hojas-de-trabajo-para-ensenar-a-los-ninos-autoafirmacion-y-habilidades-sociales\/"},"modified":"2025-04-07T11:11:52","modified_gmt":"2025-04-07T15:11:52","slug":"el-acoso-escolar-y-como-manejarlo-hojas-de-trabajo-para-ensenar-a-los-ninos-autoafirmacion-y-habilidades-sociales","status":"publish","type":"product","link":"https:\/\/positiveautism.org\/es\/producto\/el-acoso-escolar-y-como-manejarlo-hojas-de-trabajo-para-ensenar-a-los-ninos-autoafirmacion-y-habilidades-sociales\/","title":{"rendered":"El acoso escolar y c\u00f3mo manejarlo. (Hojas de trabajo para ense\u00f1ar a los ni\u00f1os autoafirmaci\u00f3n y habilidades sociales)"},"content":{"rendered":"","protected":false},"excerpt":{"rendered":"<p>Este material proporciona una gu\u00eda completa y comprensible sobre c\u00f3mo manejar el acoso, dirigido espec\u00edficamente a los ni\u00f1os autistas. Ofrece un conjunto claro de pasos y acciones para manejar tales situaciones, alent\u00e1ndolos a reconocer sus emociones, a decir firmemente \u00abNo\u00bb, a alejarse de la situaci\u00f3n y a buscar ayuda de adultos de confianza. Tambi\u00e9n incluye una serie de actividades interactivas que promueven la autorreflexi\u00f3n, la representaci\u00f3n de situaciones y la pr\u00e1ctica de habilidades de autoafirmaci\u00f3n en contextos simulados.  <\/p>\n","protected":false},"featured_media":9952,"comment_status":"open","ping_status":"closed","template":"","meta":{"_acf_changed":false,"_monsterinsights_skip_tracking":false,"_monsterinsights_sitenote_active":false,"_monsterinsights_sitenote_note":"","_monsterinsights_sitenote_category":0},"product_brand":[],"product_cat":[787],"product_tag":[788,847,989,1000,1001],"class_list":{"0":"post-9951","1":"product","2":"type-product","3":"status-publish","4":"has-post-thumbnail","6":"product_cat-habilidades-sociales-y-emocionales","7":"product_tag-actividades-para-tecnificar-habilidades-sociales-a-ninos-autistas","8":"product_tag-actividades-para-ensenar-habilidades-sociales-a-ninos-con-autismo","9":"product_tag-bullying-y-autismo","10":"product_tag-como-manejar-el-acoso","11":"product_tag-como-manejar-el-acoso-es","13":"first","14":"instock","15":"downloadable","16":"shipping-taxable","17":"purchasable","18":"product-type-simple"},"acf":[],"aioseo_notices":[],"jetpack_sharing_enabled":true,"_links":{"self":[{"href":"https:\/\/positiveautism.org\/es\/wp-json\/wp\/v2\/product\/9951","targetHints":{"allow":["GET"]}}],"collection":[{"href":"https:\/\/positiveautism.org\/es\/wp-json\/wp\/v2\/product"}],"about":[{"href":"https:\/\/positiveautism.org\/es\/wp-json\/wp\/v2\/types\/product"}],"replies":[{"embeddable":true,"href":"https:\/\/positiveautism.org\/es\/wp-json\/wp\/v2\/comments?post=9951"}],"wp:featuredmedia":[{"embeddable":true,"href":"https:\/\/positiveautism.org\/es\/wp-json\/wp\/v2\/media\/9952"}],"wp:attachment":[{"href":"https:\/\/positiveautism.org\/es\/wp-json\/wp\/v2\/media?parent=9951"}],"wp:term":[{"taxonomy":"product_brand","embeddable":true,"href":"https:\/\/positiveautism.org\/es\/wp-json\/wp\/v2\/product_brand?post=9951"},{"taxonomy":"product_cat","embeddable":true,"href":"https:\/\/positiveautism.org\/es\/wp-json\/wp\/v2\/product_cat?post=9951"},{"taxonomy":"product_tag","embeddable":true,"href":"https:\/\/positiveautism.org\/es\/wp-json\/wp\/v2\/product_tag?post=9951"}],"curies":[{"name":"wp","href":"https:\/\/api.w.org\/{rel}","templated":true}]}}