{"id":9949,"date":"2023-08-02T15:22:40","date_gmt":"2025-04-07T15:10:45","guid":{"rendered":"https:\/\/positiveautism.org\/product\/la-importancia-de-decir-la-verdad-hojas-de-trabajo-de-actividades-para-ensenar-habilidades-sociales-a-ninos-autistas\/"},"modified":"2025-04-07T11:10:45","modified_gmt":"2025-04-07T15:10:45","slug":"la-importancia-de-decir-la-verdad-hojas-de-trabajo-de-actividades-para-ensenar-habilidades-sociales-a-ninos-autistas","status":"publish","type":"product","link":"https:\/\/positiveautism.org\/es\/producto\/la-importancia-de-decir-la-verdad-hojas-de-trabajo-de-actividades-para-ensenar-habilidades-sociales-a-ninos-autistas\/","title":{"rendered":"La importancia de decir la verdad. (Hojas de trabajo de actividades para ense\u00f1ar habilidades sociales a ni\u00f1os autistas)"},"content":{"rendered":"","protected":false},"excerpt":{"rendered":"<p>Este material did\u00e1ctico, titulado \u00abLa importancia de decir la verdad\u00bb, proporciona un enfoque integral para impartir habilidades sociales a los ni\u00f1os autistas. Se centra en por qu\u00e9 la honestidad es una virtud vital y ayuda a los ni\u00f1os a comprender las consecuencias de la deshonestidad. El m\u00f3dulo est\u00e1 dise\u00f1ado para ser interactivo, utilizando narraci\u00f3n de historias, escenarios de la vida real y debates para explicar la importancia de la confianza, el respeto, la responsabilidad y el sentirse bien con uno mismo. Tambi\u00e9n introduce el concepto de \u00abdecir la verdad\u00bb de una manera respetuosa y considerada para evitar herir los sentimientos de los dem\u00e1s.   <\/p>\n<p>Un punto culminante es la actividad, \u00abLa Caza de la Verdad\u00bb, que utiliza tarjetas de escenario y tarjetas de verdad o mentira para involucrar a los ni\u00f1os en la identificaci\u00f3n de declaraciones verdaderas y deshonestas. Luego se discuten las respuestas de los ni\u00f1os para proporcionar retroalimentaci\u00f3n y reforzar el aprendizaje. Esta actividad no solo ayuda a los ni\u00f1os a comprender mejor el concepto de honestidad, sino que tambi\u00e9n hace que el aprendizaje sea divertido e interactivo. El material es vers\u00e1til y se puede adaptar en funci\u00f3n del progreso del ni\u00f1o y de sus necesidades individuales. Este material did\u00e1ctico es una herramienta \u00fatil para educadores y padres con el objetivo de mejorar las habilidades sociales de los ni\u00f1os autistas.    <\/p>\n","protected":false},"featured_media":9950,"comment_status":"open","ping_status":"closed","template":"","meta":{"_acf_changed":false,"_monsterinsights_skip_tracking":false,"_monsterinsights_sitenote_active":false,"_monsterinsights_sitenote_note":"","_monsterinsights_sitenote_category":0},"product_brand":[],"product_cat":[787],"product_tag":[788,844],"class_list":{"0":"post-9949","1":"product","2":"type-product","3":"status-publish","4":"has-post-thumbnail","6":"product_cat-habilidades-sociales-y-emocionales","7":"product_tag-actividades-para-tecnificar-habilidades-sociales-a-ninos-autistas","8":"product_tag-ensenar-a-los-ninos-a-decir-la-verdad","10":"first","11":"instock","12":"downloadable","13":"shipping-taxable","14":"purchasable","15":"product-type-simple"},"acf":[],"aioseo_notices":[],"jetpack_sharing_enabled":true,"_links":{"self":[{"href":"https:\/\/positiveautism.org\/es\/wp-json\/wp\/v2\/product\/9949","targetHints":{"allow":["GET"]}}],"collection":[{"href":"https:\/\/positiveautism.org\/es\/wp-json\/wp\/v2\/product"}],"about":[{"href":"https:\/\/positiveautism.org\/es\/wp-json\/wp\/v2\/types\/product"}],"replies":[{"embeddable":true,"href":"https:\/\/positiveautism.org\/es\/wp-json\/wp\/v2\/comments?post=9949"}],"wp:featuredmedia":[{"embeddable":true,"href":"https:\/\/positiveautism.org\/es\/wp-json\/wp\/v2\/media\/9950"}],"wp:attachment":[{"href":"https:\/\/positiveautism.org\/es\/wp-json\/wp\/v2\/media?parent=9949"}],"wp:term":[{"taxonomy":"product_brand","embeddable":true,"href":"https:\/\/positiveautism.org\/es\/wp-json\/wp\/v2\/product_brand?post=9949"},{"taxonomy":"product_cat","embeddable":true,"href":"https:\/\/positiveautism.org\/es\/wp-json\/wp\/v2\/product_cat?post=9949"},{"taxonomy":"product_tag","embeddable":true,"href":"https:\/\/positiveautism.org\/es\/wp-json\/wp\/v2\/product_tag?post=9949"}],"curies":[{"name":"wp","href":"https:\/\/api.w.org\/{rel}","templated":true}]}}