{"id":9943,"date":"2023-07-28T16:27:09","date_gmt":"2025-04-07T15:10:45","guid":{"rendered":"https:\/\/positiveautism.org\/product\/harry-y-el-castillo-de-carton-un-viaje-de-la-soledad-al-compartir-actividad-para-practicar-la-comprension-lectora-y-las-habilidades-de-conversacion-para-ninos-autistas\/"},"modified":"2025-04-07T11:10:45","modified_gmt":"2025-04-07T15:10:45","slug":"harry-y-el-castillo-de-carton-un-viaje-de-la-soledad-al-compartir-actividad-para-practicar-la-comprension-lectora-y-las-habilidades-de-conversacion-para-ninos-autistas","status":"publish","type":"product","link":"https:\/\/positiveautism.org\/es\/producto\/harry-y-el-castillo-de-carton-un-viaje-de-la-soledad-al-compartir-actividad-para-practicar-la-comprension-lectora-y-las-habilidades-de-conversacion-para-ninos-autistas\/","title":{"rendered":"Harry y el castillo de cart\u00f3n: Un viaje de la soledad al compartir. (Actividad para practicar la comprensi\u00f3n lectora y las habilidades de conversaci\u00f3n para ni\u00f1os autistas)"},"content":{"rendered":"","protected":false},"excerpt":{"rendered":"<p>\u00abHarry y el castillo de cart\u00f3n: Un viaje de la soledad a compartir\u00bb es una historia atractiva y educativa dise\u00f1ada para ayudar a los ni\u00f1os autistas a mejorar su comprensi\u00f3n de lectura y sus habilidades sociales. La narraci\u00f3n gira en torno a Harry, un ni\u00f1o creativo pero solitario que descubre las alegr\u00edas de la amistad y la colaboraci\u00f3n despu\u00e9s de que un evento inesperado lo re\u00fane con otros ni\u00f1os. A medida que Harry aprende a equilibrar su amor por la soledad con los beneficios de compartir, se anima a los ni\u00f1os a explorar interacciones sociales y expresiones emocionales similares.  <\/p>\n<p>Este material es particularmente valioso para los ni\u00f1os autistas, ya que proporciona una introducci\u00f3n suave a los escenarios sociales de una manera controlada y predecible. Al seguir el viaje de Harry, los ni\u00f1os pueden identificarse con su vacilaci\u00f3n inicial en situaciones sociales y comprender gradualmente los aspectos positivos de la interacci\u00f3n. La estructura de la historia, junto con las preguntas guiadas y los juegos de rol que se proporcionan en las actividades que la acompa\u00f1an, fomenta el pensamiento cr\u00edtico y anima a los ni\u00f1os a expresar sus pensamientos y sentimientos. Estas actividades est\u00e1n dise\u00f1adas para crear entornos educativos seguros donde los ni\u00f1os autistas puedan practicar habilidades sociales y de comunicaci\u00f3n vitales, prepar\u00e1ndolos as\u00ed para las interacciones del mundo real.   <\/p>\n","protected":false},"featured_media":9944,"comment_status":"open","ping_status":"closed","template":"","meta":{"_acf_changed":false,"_monsterinsights_skip_tracking":false,"_monsterinsights_sitenote_active":false,"_monsterinsights_sitenote_note":"","_monsterinsights_sitenote_category":0},"product_brand":[],"product_cat":[783,787],"product_tag":[788,795,798,857],"class_list":{"0":"post-9943","1":"product","2":"type-product","3":"status-publish","4":"has-post-thumbnail","6":"product_cat-comprension-lectora","7":"product_cat-habilidades-sociales-y-emocionales","8":"product_tag-actividades-para-tecnificar-habilidades-sociales-a-ninos-autistas","9":"product_tag-comprension-lectora-para-ninos-autistas","10":"product_tag-comprension-lectora-para-ninos-con-autismo-es","11":"product_tag-habilidades-de-conversacion","13":"first","14":"instock","15":"downloadable","16":"shipping-taxable","17":"purchasable","18":"product-type-simple"},"acf":[],"aioseo_notices":[],"jetpack_sharing_enabled":true,"_links":{"self":[{"href":"https:\/\/positiveautism.org\/es\/wp-json\/wp\/v2\/product\/9943","targetHints":{"allow":["GET"]}}],"collection":[{"href":"https:\/\/positiveautism.org\/es\/wp-json\/wp\/v2\/product"}],"about":[{"href":"https:\/\/positiveautism.org\/es\/wp-json\/wp\/v2\/types\/product"}],"replies":[{"embeddable":true,"href":"https:\/\/positiveautism.org\/es\/wp-json\/wp\/v2\/comments?post=9943"}],"wp:featuredmedia":[{"embeddable":true,"href":"https:\/\/positiveautism.org\/es\/wp-json\/wp\/v2\/media\/9944"}],"wp:attachment":[{"href":"https:\/\/positiveautism.org\/es\/wp-json\/wp\/v2\/media?parent=9943"}],"wp:term":[{"taxonomy":"product_brand","embeddable":true,"href":"https:\/\/positiveautism.org\/es\/wp-json\/wp\/v2\/product_brand?post=9943"},{"taxonomy":"product_cat","embeddable":true,"href":"https:\/\/positiveautism.org\/es\/wp-json\/wp\/v2\/product_cat?post=9943"},{"taxonomy":"product_tag","embeddable":true,"href":"https:\/\/positiveautism.org\/es\/wp-json\/wp\/v2\/product_tag?post=9943"}],"curies":[{"name":"wp","href":"https:\/\/api.w.org\/{rel}","templated":true}]}}