{"id":9940,"date":"2023-07-27T14:56:38","date_gmt":"2025-04-07T15:10:44","guid":{"rendered":"https:\/\/positiveautism.org\/product\/universos-convergentes-el-viaje-de-rafael-actividad-para-practicar-la-comprension-lectora-y-las-habilidades-de-conversacion-para-ninos-autistas\/"},"modified":"2025-04-07T11:10:44","modified_gmt":"2025-04-07T15:10:44","slug":"universos-convergentes-el-viaje-de-rafael-actividad-para-practicar-la-comprension-lectora-y-las-habilidades-de-conversacion-para-ninos-autistas","status":"publish","type":"product","link":"https:\/\/positiveautism.org\/es\/producto\/universos-convergentes-el-viaje-de-rafael-actividad-para-practicar-la-comprension-lectora-y-las-habilidades-de-conversacion-para-ninos-autistas\/","title":{"rendered":"Universos convergentes: el viaje de Rafael. (Actividad para practicar la comprensi\u00f3n lectora y las habilidades de conversaci\u00f3n para ni\u00f1os autistas)"},"content":{"rendered":"","protected":false},"excerpt":{"rendered":"<div class=\"flex-1 overflow-hidden\">\n<div class=\"react-scroll-to-bottom--css-swfhb-79elbk h-full\">\n<div class=\"react-scroll-to-bottom--css-swfhb-1n7m0yu\">\n<div class=\"flex flex-col text-sm pb-9\">\n<div class=\"w-full text-token-text-primary\" dir=\"auto\" data-testid=\"conversation-turn-9\">\n<div class=\"px-4 py-2 justify-center text-base md:gap-6 m-auto\">\n<div class=\"flex flex-1 text-base mx-auto gap-3 juice:gap-4 juice:md:gap-6 md:px-5 lg:px-1 xl:px-5 md:max-w-3xl lg:max-w-[40rem] xl:max-w-[48rem]\">\n<div class=\"relative flex w-full min-w-0 flex-col agent-turn\">\n<div class=\"flex-col gap-1 md:gap-3\">\n<div class=\"flex flex-grow flex-col max-w-full\">\n<div class=\"min-h-[20px] text-message flex flex-col items-start gap-3 whitespace-pre-wrap break-words [.text-message+&amp;]:mt-5 overflow-x-auto\" dir=\"auto\" data-message-author-role=\"assistant\" data-message-id=\"dd156b56-73db-458b-a6c6-50668cc9bfc9\">\n<div class=\"markdown prose w-full break-words dark:prose-invert light\">\n<p>\u00abUniversos convergentes: el viaje de Rafael\u00bb es un material excepcionalmente dise\u00f1ado para ni\u00f1os autistas, destinado a mejorar tanto la comprensi\u00f3n lectora como las habilidades sociales. La historia de Rafael, un joven introvertido y creativo, sirve como una rica met\u00e1fora para ense\u00f1ar la importancia de la comunicaci\u00f3n y la colaboraci\u00f3n. A trav\u00e9s de la narraci\u00f3n, los ni\u00f1os pueden ver c\u00f3mo Rafael supera los desaf\u00edos personales para trabajar en equipo, destacando c\u00f3mo compartir ideas y escuchar a los dem\u00e1s contribuye al \u00e9xito colectivo. Los juegos de rol sugeridos al final, como el Desaf\u00edo del Origami, la Construcci\u00f3n de Ciudades Sostenibles y el Festival de Ciencia Ficci\u00f3n, se seleccionan meticulosamente para permitir que los ni\u00f1os practiquen estas habilidades en un entorno seguro y estructurado. Estos juegos promueven la creatividad, la paciencia y la empat\u00eda, lo que permite a los ni\u00f1os autistas explorar nuevas formas de interactuar mientras aplican lo que aprendieron de la historia a situaciones pr\u00e1cticas y divertidas.    <\/p>\n<\/div>\n<\/div>\n<\/div>\n<div class=\"mt-1 flex gap-3 empty:hidden\">\n<div class=\"text-gray-400 flex self-end lg:self-center items-center justify-center lg:justify-start mt-0 -ml-1 h-7 gap-[2px] visible\">\n<div class=\"flex\"><\/div>\n<\/div>\n<\/div>\n<div class=\"pr-2 lg:pr-0\"><\/div>\n<\/div>\n<div class=\"absolute\">\n<div class=\"flex w-full gap-2 items-center justify-center\"><\/div>\n<\/div>\n<\/div>\n<\/div>\n<\/div>\n<\/div>\n<\/div>\n<\/div>\n<\/div>\n<\/div>\n<div class=\"w-full pt-2 md:pt-0 dark:border-white\/20 md:border-transparent md:dark:border-transparent md:w-[calc(100%-.5rem)]\">\n<form class=\"stretch mx-2 flex flex-row gap-3 last:mb-2 md:mx-4 md:last:mb-6 lg:mx-auto lg:max-w-2xl xl:max-w-3xl\">\n<div class=\"relative flex h-full max-w-full flex-1 flex-col\">\n<div class=\"absolute bottom-full left-0 right-0\"><\/div>\n<div class=\"flex w-full items-center\"><\/div>\n<\/div>\n<\/form>\n<\/div>\n","protected":false},"featured_media":9941,"comment_status":"open","ping_status":"closed","template":"","meta":{"_acf_changed":false,"_monsterinsights_skip_tracking":false,"_monsterinsights_sitenote_active":false,"_monsterinsights_sitenote_note":"","_monsterinsights_sitenote_category":0},"product_brand":[],"product_cat":[783,787],"product_tag":[795,798,858,867],"class_list":{"0":"post-9940","1":"product","2":"type-product","3":"status-publish","4":"has-post-thumbnail","6":"product_cat-comprension-lectora","7":"product_cat-habilidades-sociales-y-emocionales","8":"product_tag-comprension-lectora-para-ninos-autistas","9":"product_tag-comprension-lectora-para-ninos-con-autismo-es","10":"product_tag-actividades-de-conversacion","11":"product_tag-de-la-lectura-a-las-habilidades-sociales-tecnologicas","13":"first","14":"instock","15":"downloadable","16":"shipping-taxable","17":"purchasable","18":"product-type-simple"},"acf":[],"aioseo_notices":[],"jetpack_sharing_enabled":true,"_links":{"self":[{"href":"https:\/\/positiveautism.org\/es\/wp-json\/wp\/v2\/product\/9940","targetHints":{"allow":["GET"]}}],"collection":[{"href":"https:\/\/positiveautism.org\/es\/wp-json\/wp\/v2\/product"}],"about":[{"href":"https:\/\/positiveautism.org\/es\/wp-json\/wp\/v2\/types\/product"}],"replies":[{"embeddable":true,"href":"https:\/\/positiveautism.org\/es\/wp-json\/wp\/v2\/comments?post=9940"}],"wp:featuredmedia":[{"embeddable":true,"href":"https:\/\/positiveautism.org\/es\/wp-json\/wp\/v2\/media\/9941"}],"wp:attachment":[{"href":"https:\/\/positiveautism.org\/es\/wp-json\/wp\/v2\/media?parent=9940"}],"wp:term":[{"taxonomy":"product_brand","embeddable":true,"href":"https:\/\/positiveautism.org\/es\/wp-json\/wp\/v2\/product_brand?post=9940"},{"taxonomy":"product_cat","embeddable":true,"href":"https:\/\/positiveautism.org\/es\/wp-json\/wp\/v2\/product_cat?post=9940"},{"taxonomy":"product_tag","embeddable":true,"href":"https:\/\/positiveautism.org\/es\/wp-json\/wp\/v2\/product_tag?post=9940"}],"curies":[{"name":"wp","href":"https:\/\/api.w.org\/{rel}","templated":true}]}}