{"id":9936,"date":"2023-08-03T16:57:17","date_gmt":"2025-04-07T15:10:44","guid":{"rendered":"https:\/\/positiveautism.org\/product\/explorando-el-mundo-de-las-hormigas-actividad-para-practicar-la-comprension-lectora-y-las-habilidades-de-conversacion-para-ninos-autistas\/"},"modified":"2025-04-07T11:10:44","modified_gmt":"2025-04-07T15:10:44","slug":"explorando-el-mundo-de-las-hormigas-actividad-para-practicar-la-comprension-lectora-y-las-habilidades-de-conversacion-para-ninos-autistas","status":"publish","type":"product","link":"https:\/\/positiveautism.org\/es\/producto\/explorando-el-mundo-de-las-hormigas-actividad-para-practicar-la-comprension-lectora-y-las-habilidades-de-conversacion-para-ninos-autistas\/","title":{"rendered":"Explorando el mundo de las hormigas. (Actividad para practicar la comprensi\u00f3n lectora y las habilidades de conversaci\u00f3n para ni\u00f1os autistas)"},"content":{"rendered":"","protected":false},"excerpt":{"rendered":"<p>La historia \u00abExplorando el mundo de las hormigas\u00bb ofrece una narrativa rica y cautivadora que puede ser extremadamente beneficiosa para ni\u00f1os autistas que trabajan en la comprensi\u00f3n de lectura y habilidades de conversaci\u00f3n. En el relato, Daniel, un joven curioso sobre los detalles minuciosos de la vida, sue\u00f1a con ser una hormiga y aprende sobre su compleja sociedad. Esta historia no solo captura la intrincada estructura social de las hormigas, mostrando roles como obreras, soldados y nodrizas, sino que tambi\u00e9n enfatiza la importancia de la comunicaci\u00f3n y el trabajo en equipo dentro de su comunidad.  <\/p>\n<p>Al explorar las interacciones de Daniel con Myrmica, la hormiga gu\u00eda, los ni\u00f1os pueden obtener insights sobre diferentes formas de comunicarse y colaborar. Las descripciones detalladas de las operaciones de la colonia de hormigas, desde el cuidado de las larvas en la c\u00e1mara de la reina hasta la defensa contra depredadores, ofrecen m\u00faltiples niveles de entendimiento sobre los roles y responsabilidades sociales. El compromiso con este material a trav\u00e9s de juegos de roles basados en la historia, como explorar la colonia, asistir al consejo de la reina o manejar una crisis de la colonia, permite a los ni\u00f1os practicar e interiorizar estos conceptos de una manera divertida e interactiva. Estas actividades no solo ayudan a desarrollar habilidades conversacionales cruciales, sino que tambi\u00e9n mejoran la comprensi\u00f3n emp\u00e1tica y el aprendizaje cooperativo, habilidades valiosas para todos los ni\u00f1os, especialmente aquellos en el espectro autista.   <\/p>\n","protected":false},"featured_media":9937,"comment_status":"open","ping_status":"closed","template":"","meta":{"_acf_changed":false,"_monsterinsights_skip_tracking":false,"_monsterinsights_sitenote_active":false,"_monsterinsights_sitenote_note":"","_monsterinsights_sitenote_category":0},"product_brand":[],"product_cat":[783,838],"product_tag":[795,798,841],"class_list":{"0":"post-9936","1":"product","2":"type-product","3":"status-publish","4":"has-post-thumbnail","6":"product_cat-comprension-lectora","7":"product_cat-habilidades-de-conversacion","8":"product_tag-comprension-lectora-para-ninos-autistas","9":"product_tag-comprension-lectora-para-ninos-con-autismo-es","10":"product_tag-actividades-de-conversacion-para-ninos-autistas","12":"first","13":"instock","14":"downloadable","15":"shipping-taxable","16":"purchasable","17":"product-type-simple"},"acf":[],"aioseo_notices":[],"jetpack_sharing_enabled":true,"_links":{"self":[{"href":"https:\/\/positiveautism.org\/es\/wp-json\/wp\/v2\/product\/9936","targetHints":{"allow":["GET"]}}],"collection":[{"href":"https:\/\/positiveautism.org\/es\/wp-json\/wp\/v2\/product"}],"about":[{"href":"https:\/\/positiveautism.org\/es\/wp-json\/wp\/v2\/types\/product"}],"replies":[{"embeddable":true,"href":"https:\/\/positiveautism.org\/es\/wp-json\/wp\/v2\/comments?post=9936"}],"wp:featuredmedia":[{"embeddable":true,"href":"https:\/\/positiveautism.org\/es\/wp-json\/wp\/v2\/media\/9937"}],"wp:attachment":[{"href":"https:\/\/positiveautism.org\/es\/wp-json\/wp\/v2\/media?parent=9936"}],"wp:term":[{"taxonomy":"product_brand","embeddable":true,"href":"https:\/\/positiveautism.org\/es\/wp-json\/wp\/v2\/product_brand?post=9936"},{"taxonomy":"product_cat","embeddable":true,"href":"https:\/\/positiveautism.org\/es\/wp-json\/wp\/v2\/product_cat?post=9936"},{"taxonomy":"product_tag","embeddable":true,"href":"https:\/\/positiveautism.org\/es\/wp-json\/wp\/v2\/product_tag?post=9936"}],"curies":[{"name":"wp","href":"https:\/\/api.w.org\/{rel}","templated":true}]}}