{"id":9931,"date":"2023-07-26T16:28:59","date_gmt":"2025-04-07T15:10:39","guid":{"rendered":"https:\/\/positiveautism.org\/product\/gabriel-navegando-por-los-mares-de-la-adolescencia-actividad-para-practicar-la-comprension-lectora-y-las-habilidades-de-conversacion-para-ninos-autistas\/"},"modified":"2025-04-07T11:10:39","modified_gmt":"2025-04-07T15:10:39","slug":"gabriel-navegando-por-los-mares-de-la-adolescencia-actividad-para-practicar-la-comprension-lectora-y-las-habilidades-de-conversacion-para-ninos-autistas","status":"publish","type":"product","link":"https:\/\/positiveautism.org\/es\/producto\/gabriel-navegando-por-los-mares-de-la-adolescencia-actividad-para-practicar-la-comprension-lectora-y-las-habilidades-de-conversacion-para-ninos-autistas\/","title":{"rendered":"Gabriel: Navegando por los mares de la adolescencia. (Actividad para practicar la comprensi\u00f3n lectora y las habilidades de conversaci\u00f3n para ni\u00f1os autistas)"},"content":{"rendered":"","protected":false},"excerpt":{"rendered":"<div class=\"w-full text-token-text-primary\" data-testid=\"conversation-turn-6\">\n<div class=\"px-4 py-2 justify-center text-base md:gap-6 m-auto\">\n<div class=\"flex flex-1 text-base mx-auto gap-3 md:px-5 lg:px-1 xl:px-5 md:max-w-3xl lg:max-w-[40rem] xl:max-w-[48rem] group\">\n<div class=\"relative flex w-full flex-col\">\n<div class=\"flex-col gap-1 md:gap-3\">\n<div class=\"flex flex-grow flex-col max-w-full\">\n<div class=\"min-h-[20px] text-message flex flex-col items-start gap-3 whitespace-pre-wrap break-words [.text-message+&amp;]:mt-5 overflow-x-auto\" data-message-author-role=\"user\" data-message-id=\"aaa295b1-f621-4608-9af0-307f278e37b2\">\n<div class=\"\">\u00abEste material, titulado \u00abGabriel: Navegando por los mares de la adolescencia\u00bb, est\u00e1 dise\u00f1ado para ayudar a los ni\u00f1os y j\u00f3venes con autismo a comprender la comprensi\u00f3n de la lectura, la aceptaci\u00f3n y las habilidades para la vida. Cuenta la historia de Gabriel, un adolescente que experimenta los tumultuosos cambios de la pubertad, que sin darse cuenta se involucra en un acto privado en p\u00fablico. A trav\u00e9s de las interacciones con sus amigas Isabel y Mar\u00eda, y una sincera discusi\u00f3n con su t\u00edo Javier, Gabriel aprende sobre el proceso natural de la pubertad, la importancia de respetar el espacio personal y el manejo de nuevas emociones y cambios f\u00edsicos. La narraci\u00f3n sirve como una introducci\u00f3n suave a temas que pueden ser confusos o vergonzosos para los j\u00f3venes, especialmente aquellos con autismo, que pueden encontrar desafiantes los matices de la interacci\u00f3n social y el desarrollo f\u00edsico. Enfatiza la comunicaci\u00f3n abierta y respetuosa, la importancia de buscar orientaci\u00f3n de adultos de confianza y el valor de comprender y respetar los l\u00edmites propios y de los dem\u00e1s. Las preguntas y los juegos de rol que lo acompa\u00f1an promueven la experiencia educativa, permitiendo a los lectores reflexionar sobre la historia de Gabriel y aplicar sus lecciones a sus propias vidas. Estas actividades est\u00e1n dise\u00f1adas para fomentar una comprensi\u00f3n m\u00e1s profunda del consentimiento, el espacio personal, la comunicaci\u00f3n efectiva para el cambio emocional y f\u00edsico y c\u00f3mo navegar situaciones socialmente inc\u00f3modas. Al adaptar el lenguaje y los escenarios a las necesidades individuales de los j\u00f3venes lectores, este material proporciona un entorno seguro y de apoyo para el aprendizaje y la pr\u00e1ctica de habilidades vitales para la vida. Destaca la importancia de la adaptabilidad en los enfoques educativos, asegurando que todos los ni\u00f1os, independientemente de su lugar en el espectro autista, puedan aprender de una manera que respete su perspectiva y habilidades \u00fanicas\u00bb.<\/div>\n<\/div>\n<\/div>\n<div class=\"mt-1 flex justify-start gap-3 empty:hidden\">\n<div class=\"text-gray-400 flex self-end lg:self-center items-center justify-center lg:justify-start mt-0 -ml-1 h-7 gap-[2px] visible\">\n<div class=\"flex items-center gap-1.5 text-xs\"><\/div>\n<\/div>\n<\/div>\n<\/div>\n<\/div>\n<\/div>\n<\/div>\n<\/div>\n<div class=\"w-full text-token-text-primary\" data-testid=\"conversation-turn-7\">\n<div class=\"px-4 py-2 justify-center text-base md:gap-6 m-auto\">\n<div class=\"flex flex-1 text-base mx-auto gap-3 md:px-5 lg:px-1 xl:px-5 md:max-w-3xl lg:max-w-[40rem] xl:max-w-[48rem] group final-completion\">\n<div class=\"flex-shrink-0 flex flex-col relative items-end\">\n<div>\n<div class=\"pt-0.5\">\n<div class=\"gizmo-shadow-stroke flex h-6 w-6 items-center justify-center overflow-hidden rounded-full\">\n<div class=\"relative p-1 rounded-sm h-9 w-9 text-white flex items-center justify-center\"><\/div>\n<\/div>\n<\/div>\n<\/div>\n<\/div>\n<\/div>\n<\/div>\n<\/div>\n","protected":false},"featured_media":9934,"comment_status":"open","ping_status":"closed","template":"","meta":{"_acf_changed":false,"_monsterinsights_skip_tracking":false,"_monsterinsights_sitenote_active":false,"_monsterinsights_sitenote_note":"","_monsterinsights_sitenote_category":0},"product_brand":[],"product_cat":[783,944],"product_tag":[788,795,798,998],"class_list":{"0":"post-9931","1":"product","2":"type-product","3":"status-publish","4":"has-post-thumbnail","6":"product_cat-comprension-lectora","7":"product_cat-transicion-a-la-adolescencia","8":"product_tag-actividades-para-tecnificar-habilidades-sociales-a-ninos-autistas","9":"product_tag-comprension-lectora-para-ninos-autistas","10":"product_tag-comprension-lectora-para-ninos-con-autismo-es","11":"product_tag-ensenar-sobre-los-cambios-en-la-adolescencia","13":"first","14":"instock","15":"downloadable","16":"shipping-taxable","17":"purchasable","18":"product-type-simple"},"acf":[],"aioseo_notices":[],"jetpack_sharing_enabled":true,"_links":{"self":[{"href":"https:\/\/positiveautism.org\/es\/wp-json\/wp\/v2\/product\/9931","targetHints":{"allow":["GET"]}}],"collection":[{"href":"https:\/\/positiveautism.org\/es\/wp-json\/wp\/v2\/product"}],"about":[{"href":"https:\/\/positiveautism.org\/es\/wp-json\/wp\/v2\/types\/product"}],"replies":[{"embeddable":true,"href":"https:\/\/positiveautism.org\/es\/wp-json\/wp\/v2\/comments?post=9931"}],"wp:featuredmedia":[{"embeddable":true,"href":"https:\/\/positiveautism.org\/es\/wp-json\/wp\/v2\/media\/9934"}],"wp:attachment":[{"href":"https:\/\/positiveautism.org\/es\/wp-json\/wp\/v2\/media?parent=9931"}],"wp:term":[{"taxonomy":"product_brand","embeddable":true,"href":"https:\/\/positiveautism.org\/es\/wp-json\/wp\/v2\/product_brand?post=9931"},{"taxonomy":"product_cat","embeddable":true,"href":"https:\/\/positiveautism.org\/es\/wp-json\/wp\/v2\/product_cat?post=9931"},{"taxonomy":"product_tag","embeddable":true,"href":"https:\/\/positiveautism.org\/es\/wp-json\/wp\/v2\/product_tag?post=9931"}],"curies":[{"name":"wp","href":"https:\/\/api.w.org\/{rel}","templated":true}]}}