{"id":9930,"date":"2023-07-18T16:11:05","date_gmt":"2025-04-07T15:10:39","guid":{"rendered":"https:\/\/positiveautism.org\/product\/una-aventura-con-los-animales-marinos-actividad-para-practicar-la-comprension-lectora-y-las-habilidades-de-conversacion-para-ninos-autistas\/"},"modified":"2025-04-07T11:10:39","modified_gmt":"2025-04-07T15:10:39","slug":"una-aventura-con-los-animales-marinos-actividad-para-practicar-la-comprension-lectora-y-las-habilidades-de-conversacion-para-ninos-autistas","status":"publish","type":"product","link":"https:\/\/positiveautism.org\/es\/producto\/una-aventura-con-los-animales-marinos-actividad-para-practicar-la-comprension-lectora-y-las-habilidades-de-conversacion-para-ninos-autistas\/","title":{"rendered":"Una aventura con los animales marinos. (Actividad para practicar la comprensi\u00f3n lectora y las habilidades de conversaci\u00f3n para ni\u00f1os autistas)"},"content":{"rendered":"","protected":false},"excerpt":{"rendered":"<p>Este material educativo est\u00e1 dise\u00f1ado espec\u00edficamente para ni\u00f1os autistas, con el objetivo de mejorar tanto la comprensi\u00f3n lectora como las habilidades sociales a trav\u00e9s de juegos de rol tem\u00e1ticos sobre el rescate y la conversaci\u00f3n con animales marinos. Cada juego de rol est\u00e1 inspirado en una aventura en la que se rescata a los animales o se interact\u00faa con ellos bajo el agua, lo que permite a los ni\u00f1os asumir el papel de diferentes personajes y criaturas marinas. Por ejemplo, en el juego \u00abRescate de pulpos\u00bb, los ni\u00f1os aprenden sobre la empat\u00eda y la toma de decisiones mientras simulan salvar a un pulpo en peligro de extinci\u00f3n. En \u00abDi\u00e1logo submarino\u00bb, los participantes usan t\u00edteres o disfraces para profundizar el di\u00e1logo y la expresi\u00f3n emocional, desarrollando la capacidad de hacer preguntas y responder adecuadamente. Por \u00faltimo, \u00abJoven Ambientalista\u00bb promueve las habilidades de oratoria y persuasi\u00f3n, as\u00ed como la creaci\u00f3n de conciencia sobre la conservaci\u00f3n del medio ambiente. Estas actividades est\u00e1n dise\u00f1adas para ser divertidas y educativas, proporcionando un entorno seguro y estructurado que ayuda a los ni\u00f1os autistas a practicar y fortalecer sus habilidades sociales y de comunicaci\u00f3n en contextos significativos y atractivos.     <\/p>\n","protected":false},"featured_media":9932,"comment_status":"open","ping_status":"closed","template":"","meta":{"_acf_changed":false,"_monsterinsights_skip_tracking":false,"_monsterinsights_sitenote_active":false,"_monsterinsights_sitenote_note":"","_monsterinsights_sitenote_category":0},"product_brand":[],"product_cat":[783,838],"product_tag":[795,798,839,841,843],"class_list":{"0":"post-9930","1":"product","2":"type-product","3":"status-publish","4":"has-post-thumbnail","6":"product_cat-comprension-lectora","7":"product_cat-habilidades-de-conversacion","8":"product_tag-comprension-lectora-para-ninos-autistas","9":"product_tag-comprension-lectora-para-ninos-con-autismo-es","10":"product_tag-actividades-de-conversacion-para-ninos-con-autismo","11":"product_tag-actividades-de-conversacion-para-ninos-autistas","12":"product_tag-como-ensenar-habilidades-de-conversacion-a-personas-con-autismo","14":"first","15":"instock","16":"downloadable","17":"shipping-taxable","18":"purchasable","19":"product-type-simple"},"acf":[],"aioseo_notices":[],"jetpack_sharing_enabled":true,"_links":{"self":[{"href":"https:\/\/positiveautism.org\/es\/wp-json\/wp\/v2\/product\/9930","targetHints":{"allow":["GET"]}}],"collection":[{"href":"https:\/\/positiveautism.org\/es\/wp-json\/wp\/v2\/product"}],"about":[{"href":"https:\/\/positiveautism.org\/es\/wp-json\/wp\/v2\/types\/product"}],"replies":[{"embeddable":true,"href":"https:\/\/positiveautism.org\/es\/wp-json\/wp\/v2\/comments?post=9930"}],"wp:featuredmedia":[{"embeddable":true,"href":"https:\/\/positiveautism.org\/es\/wp-json\/wp\/v2\/media\/9932"}],"wp:attachment":[{"href":"https:\/\/positiveautism.org\/es\/wp-json\/wp\/v2\/media?parent=9930"}],"wp:term":[{"taxonomy":"product_brand","embeddable":true,"href":"https:\/\/positiveautism.org\/es\/wp-json\/wp\/v2\/product_brand?post=9930"},{"taxonomy":"product_cat","embeddable":true,"href":"https:\/\/positiveautism.org\/es\/wp-json\/wp\/v2\/product_cat?post=9930"},{"taxonomy":"product_tag","embeddable":true,"href":"https:\/\/positiveautism.org\/es\/wp-json\/wp\/v2\/product_tag?post=9930"}],"curies":[{"name":"wp","href":"https:\/\/api.w.org\/{rel}","templated":true}]}}