{"id":9923,"date":"2023-07-18T13:28:09","date_gmt":"2025-04-07T15:10:39","guid":{"rendered":"https:\/\/positiveautism.org\/product\/martin-y-las-mujeres-actividad-para-practicar-la-comprension-lectora-y-las-habilidades-sociales-para-ninos-autistas\/"},"modified":"2025-04-07T11:10:39","modified_gmt":"2025-04-07T15:10:39","slug":"martin-y-las-mujeres-actividad-para-practicar-la-comprension-lectora-y-las-habilidades-sociales-para-ninos-autistas","status":"publish","type":"product","link":"https:\/\/positiveautism.org\/es\/producto\/martin-y-las-mujeres-actividad-para-practicar-la-comprension-lectora-y-las-habilidades-sociales-para-ninos-autistas\/","title":{"rendered":"Mart\u00edn y las mujeres. (Actividad para practicar la comprensi\u00f3n lectora y las habilidades sociales para ni\u00f1os autistas)"},"content":{"rendered":"","protected":false},"excerpt":{"rendered":"<p>Martin y las mujeres\u00bb es un material dise\u00f1ado para ayudar a los ni\u00f1os autistas a comprender y mejorar sus habilidades de interacci\u00f3n social y lectura de se\u00f1ales no verbales, especialmente en relaci\u00f3n con las mujeres. El texto presenta una historia que sirve como veh\u00edculo para explorar y aprender sobre las formas apropiadas e inapropiadas de expresar inter\u00e9s y afecto. <\/p>\n<p>Esta historia se centra en un joven llamado Martin, que a menudo se comporta de maneras que pueden hacer que las mujeres se sientan inc\u00f3modas, sin entender por qu\u00e9 sus acciones tienen este efecto. Con la ayuda de un mentor, Martin aprende a leer las se\u00f1ales sociales y a respetar los l\u00edmites personales. <\/p>\n<p>El cuento se acompa\u00f1a de una serie de preguntas dise\u00f1adas para trabajar la comprensi\u00f3n lectora y motivar la reflexi\u00f3n y la conversaci\u00f3n sobre el contenido del cuento. Las preguntas cubren varios aspectos, desde recordar detalles espec\u00edficos hasta interpretar las acciones y motivaciones de los personajes, y analizar las lecciones y temas subyacentes. <\/p>\n<p>Este material est\u00e1 dise\u00f1ado para ense\u00f1ar habilidades sociales clave como la empat\u00eda, el respeto y la comunicaci\u00f3n adecuada a ni\u00f1os y j\u00f3venes con autismo, ofreciendo adem\u00e1s actividades pr\u00e1cticas como juegos de rol y escenarios interactivos para consolidar estos aprendizajes en situaciones cotidianas.<\/p>\n","protected":false},"featured_media":9925,"comment_status":"open","ping_status":"closed","template":"","meta":{"_acf_changed":false,"_monsterinsights_skip_tracking":false,"_monsterinsights_sitenote_active":false,"_monsterinsights_sitenote_note":"","_monsterinsights_sitenote_category":0},"product_brand":[],"product_cat":[783,787],"product_tag":[795,867,996,997],"class_list":{"0":"post-9923","1":"product","2":"type-product","3":"status-publish","4":"has-post-thumbnail","6":"product_cat-comprension-lectora","7":"product_cat-habilidades-sociales-y-emocionales","8":"product_tag-comprension-lectora-para-ninos-autistas","9":"product_tag-de-la-lectura-a-las-habilidades-sociales-tecnologicas","10":"product_tag-como-ensenar-a-respetar-a-las-mujeres","11":"product_tag-leer-para-ensenar-a-los-jovenes-autistas-sobre-los-limites-personales","13":"first","14":"instock","15":"downloadable","16":"shipping-taxable","17":"purchasable","18":"product-type-simple"},"acf":[],"aioseo_notices":[],"jetpack_sharing_enabled":true,"_links":{"self":[{"href":"https:\/\/positiveautism.org\/es\/wp-json\/wp\/v2\/product\/9923","targetHints":{"allow":["GET"]}}],"collection":[{"href":"https:\/\/positiveautism.org\/es\/wp-json\/wp\/v2\/product"}],"about":[{"href":"https:\/\/positiveautism.org\/es\/wp-json\/wp\/v2\/types\/product"}],"replies":[{"embeddable":true,"href":"https:\/\/positiveautism.org\/es\/wp-json\/wp\/v2\/comments?post=9923"}],"wp:featuredmedia":[{"embeddable":true,"href":"https:\/\/positiveautism.org\/es\/wp-json\/wp\/v2\/media\/9925"}],"wp:attachment":[{"href":"https:\/\/positiveautism.org\/es\/wp-json\/wp\/v2\/media?parent=9923"}],"wp:term":[{"taxonomy":"product_brand","embeddable":true,"href":"https:\/\/positiveautism.org\/es\/wp-json\/wp\/v2\/product_brand?post=9923"},{"taxonomy":"product_cat","embeddable":true,"href":"https:\/\/positiveautism.org\/es\/wp-json\/wp\/v2\/product_cat?post=9923"},{"taxonomy":"product_tag","embeddable":true,"href":"https:\/\/positiveautism.org\/es\/wp-json\/wp\/v2\/product_tag?post=9923"}],"curies":[{"name":"wp","href":"https:\/\/api.w.org\/{rel}","templated":true}]}}