{"id":9917,"date":"2023-07-26T10:47:14","date_gmt":"2025-04-07T15:10:39","guid":{"rendered":"https:\/\/positiveautism.org\/product\/un-viaje-a-italia-actividad-para-practicar-la-comprension-lectora-y-las-habilidades-sociales-para-ninos-autistas\/"},"modified":"2025-04-07T11:10:39","modified_gmt":"2025-04-07T15:10:39","slug":"un-viaje-a-italia-actividad-para-practicar-la-comprension-lectora-y-las-habilidades-sociales-para-ninos-autistas","status":"publish","type":"product","link":"https:\/\/positiveautism.org\/es\/producto\/un-viaje-a-italia-actividad-para-practicar-la-comprension-lectora-y-las-habilidades-sociales-para-ninos-autistas\/","title":{"rendered":"Un viaje a Italia. (Actividad para practicar la comprensi\u00f3n lectora y las habilidades sociales para ni\u00f1os autistas)"},"content":{"rendered":"","protected":false},"excerpt":{"rendered":"<p>Este material educativo est\u00e1 dise\u00f1ado para ni\u00f1os autistas con el objetivo de mejorar su comprensi\u00f3n lectora y desarrollar habilidades sociales a trav\u00e9s del cuento \u00abUn viaje a Italia\u00bb. A trav\u00e9s de la narraci\u00f3n de Lucas y su familia explorando Italia, los ni\u00f1os pueden aprender sobre diferentes culturas y practicar vocabulario italiano b\u00e1sico, como saludos y expresiones educadas. La historia no solo presenta oportunidades para el aprendizaje ling\u00fc\u00edstico, sino tambi\u00e9n para la interacci\u00f3n social a trav\u00e9s de juegos de rol. Estos juegos permiten a los ni\u00f1os simular situaciones de la vida real, como pedir comida en un restaurante o actuar como gu\u00eda tur\u00edstico, lo que ayuda a reforzar el vocabulario y los comportamientos sociales aprendidos. Adem\u00e1s, las actividades programadas fomentan la participaci\u00f3n activa y la expresi\u00f3n emocional, claves en el desarrollo integral de las habilidades sociales tanto en el contexto educativo como en el cotidiano. Este enfoque integrador y divertido est\u00e1 dise\u00f1ado para mantener a los ni\u00f1os comprometidos y motivados a medida que aprenden y practican nuevas habilidades de manera pr\u00e1ctica.     <\/p>\n","protected":false},"featured_media":9919,"comment_status":"open","ping_status":"closed","template":"","meta":{"_acf_changed":false,"_monsterinsights_skip_tracking":false,"_monsterinsights_sitenote_active":false,"_monsterinsights_sitenote_note":"","_monsterinsights_sitenote_category":0},"product_brand":[],"product_cat":[783,838],"product_tag":[795,798,857],"class_list":{"0":"post-9917","1":"product","2":"type-product","3":"status-publish","4":"has-post-thumbnail","6":"product_cat-comprension-lectora","7":"product_cat-habilidades-de-conversacion","8":"product_tag-comprension-lectora-para-ninos-autistas","9":"product_tag-comprension-lectora-para-ninos-con-autismo-es","10":"product_tag-habilidades-de-conversacion","12":"first","13":"instock","14":"downloadable","15":"shipping-taxable","16":"purchasable","17":"product-type-simple"},"acf":[],"aioseo_notices":[],"jetpack_sharing_enabled":true,"_links":{"self":[{"href":"https:\/\/positiveautism.org\/es\/wp-json\/wp\/v2\/product\/9917","targetHints":{"allow":["GET"]}}],"collection":[{"href":"https:\/\/positiveautism.org\/es\/wp-json\/wp\/v2\/product"}],"about":[{"href":"https:\/\/positiveautism.org\/es\/wp-json\/wp\/v2\/types\/product"}],"replies":[{"embeddable":true,"href":"https:\/\/positiveautism.org\/es\/wp-json\/wp\/v2\/comments?post=9917"}],"wp:featuredmedia":[{"embeddable":true,"href":"https:\/\/positiveautism.org\/es\/wp-json\/wp\/v2\/media\/9919"}],"wp:attachment":[{"href":"https:\/\/positiveautism.org\/es\/wp-json\/wp\/v2\/media?parent=9917"}],"wp:term":[{"taxonomy":"product_brand","embeddable":true,"href":"https:\/\/positiveautism.org\/es\/wp-json\/wp\/v2\/product_brand?post=9917"},{"taxonomy":"product_cat","embeddable":true,"href":"https:\/\/positiveautism.org\/es\/wp-json\/wp\/v2\/product_cat?post=9917"},{"taxonomy":"product_tag","embeddable":true,"href":"https:\/\/positiveautism.org\/es\/wp-json\/wp\/v2\/product_tag?post=9917"}],"curies":[{"name":"wp","href":"https:\/\/api.w.org\/{rel}","templated":true}]}}