{"id":9916,"date":"2023-07-18T10:34:33","date_gmt":"2025-04-07T15:10:39","guid":{"rendered":"https:\/\/positiveautism.org\/product\/una-aventura-en-el-mundo-de-las-abejas-actividad-para-practicar-la-comprension-lectora-y-las-habilidades-de-conversacion-para-ninos-autistas\/"},"modified":"2025-04-07T11:10:39","modified_gmt":"2025-04-07T15:10:39","slug":"una-aventura-en-el-mundo-de-las-abejas-actividad-para-practicar-la-comprension-lectora-y-las-habilidades-de-conversacion-para-ninos-autistas","status":"publish","type":"product","link":"https:\/\/positiveautism.org\/es\/producto\/una-aventura-en-el-mundo-de-las-abejas-actividad-para-practicar-la-comprension-lectora-y-las-habilidades-de-conversacion-para-ninos-autistas\/","title":{"rendered":"Una aventura en el mundo de las abejas. (Actividad para practicar la comprensi\u00f3n lectora y las habilidades de conversaci\u00f3n para ni\u00f1os autistas)"},"content":{"rendered":"","protected":false},"excerpt":{"rendered":"<p>El material \u00abUna aventura en el mundo de las abejas\u00bb proporciona una excelente herramienta para los ni\u00f1os autistas, permiti\u00e9ndoles trabajar tanto la comprensi\u00f3n lectora como las habilidades conversacionales y sociales. A trav\u00e9s de la encantadora historia de Deryk y su madre, que se transforman en abejas y exploran la vida en la colmena, los ni\u00f1os pueden aprender sobre la cooperaci\u00f3n, los roles de la comunidad y la importancia de la naturaleza. Las preguntas guiadas y los juegos de rol dise\u00f1ados al final del texto invitan a los ni\u00f1os a pensar cr\u00edticamente sobre la narraci\u00f3n, practicar la expresi\u00f3n de emociones y mejorar la interacci\u00f3n social. Estas actividades fomentan la empat\u00eda y el respeto por los seres vivos, al tiempo que proporcionan una plataforma segura para que los ni\u00f1os autistas experimenten y desarrollen importantes habilidades de conversaci\u00f3n en un entorno controlado y comprensivo.   <\/p>\n","protected":false},"featured_media":9918,"comment_status":"open","ping_status":"closed","template":"","meta":{"_acf_changed":false,"_monsterinsights_skip_tracking":false,"_monsterinsights_sitenote_active":false,"_monsterinsights_sitenote_note":"","_monsterinsights_sitenote_category":0},"product_brand":[],"product_cat":[783,838],"product_tag":[795,798,839,841],"class_list":{"0":"post-9916","1":"product","2":"type-product","3":"status-publish","4":"has-post-thumbnail","6":"product_cat-comprension-lectora","7":"product_cat-habilidades-de-conversacion","8":"product_tag-comprension-lectora-para-ninos-autistas","9":"product_tag-comprension-lectora-para-ninos-con-autismo-es","10":"product_tag-actividades-de-conversacion-para-ninos-con-autismo","11":"product_tag-actividades-de-conversacion-para-ninos-autistas","13":"first","14":"instock","15":"downloadable","16":"shipping-taxable","17":"purchasable","18":"product-type-simple"},"acf":[],"aioseo_notices":[],"jetpack_sharing_enabled":true,"_links":{"self":[{"href":"https:\/\/positiveautism.org\/es\/wp-json\/wp\/v2\/product\/9916","targetHints":{"allow":["GET"]}}],"collection":[{"href":"https:\/\/positiveautism.org\/es\/wp-json\/wp\/v2\/product"}],"about":[{"href":"https:\/\/positiveautism.org\/es\/wp-json\/wp\/v2\/types\/product"}],"replies":[{"embeddable":true,"href":"https:\/\/positiveautism.org\/es\/wp-json\/wp\/v2\/comments?post=9916"}],"wp:featuredmedia":[{"embeddable":true,"href":"https:\/\/positiveautism.org\/es\/wp-json\/wp\/v2\/media\/9918"}],"wp:attachment":[{"href":"https:\/\/positiveautism.org\/es\/wp-json\/wp\/v2\/media?parent=9916"}],"wp:term":[{"taxonomy":"product_brand","embeddable":true,"href":"https:\/\/positiveautism.org\/es\/wp-json\/wp\/v2\/product_brand?post=9916"},{"taxonomy":"product_cat","embeddable":true,"href":"https:\/\/positiveautism.org\/es\/wp-json\/wp\/v2\/product_cat?post=9916"},{"taxonomy":"product_tag","embeddable":true,"href":"https:\/\/positiveautism.org\/es\/wp-json\/wp\/v2\/product_tag?post=9916"}],"curies":[{"name":"wp","href":"https:\/\/api.w.org\/{rel}","templated":true}]}}