{"id":9903,"date":"2023-07-21T11:53:13","date_gmt":"2025-04-07T15:10:38","guid":{"rendered":"https:\/\/positiveautism.org\/product\/dylan-aprende-a-decir-la-verdad-actividad-para-practicar-la-comprension-lectora-y-las-habilidades-esenciales-para-la-vida-de-los-ninos-autistas\/"},"modified":"2025-04-07T11:10:38","modified_gmt":"2025-04-07T15:10:38","slug":"dylan-aprende-a-decir-la-verdad-actividad-para-practicar-la-comprension-lectora-y-las-habilidades-esenciales-para-la-vida-de-los-ninos-autistas","status":"publish","type":"product","link":"https:\/\/positiveautism.org\/es\/producto\/dylan-aprende-a-decir-la-verdad-actividad-para-practicar-la-comprension-lectora-y-las-habilidades-esenciales-para-la-vida-de-los-ninos-autistas\/","title":{"rendered":"Dylan aprende a decir la verdad. (Actividad para practicar la comprensi\u00f3n lectora y las habilidades esenciales para la vida de los ni\u00f1os autistas)"},"content":{"rendered":"","protected":false},"excerpt":{"rendered":"<p>Este material, centrado en el cuento \u00abDylan aprende a decir la verdad\u00bb, est\u00e1 dise\u00f1ado para ayudar a los ni\u00f1os autistas a mejorar su comprensi\u00f3n lectora y sus habilidades esenciales para la vida a trav\u00e9s de contenido atractivo y relacionable. El viaje de Dylan desde cometer un error hasta aprender el valor de la honestidad es una narrativa poderosa que ense\u00f1a la importancia de decir la verdad de una manera accesible para ni\u00f1os con diversas necesidades de aprendizaje. Al identificarse con Dylan, los ni\u00f1os pueden explorar sus propios sentimientos sobre la honestidad y aprender formas pr\u00e1cticas de aplicar estas lecciones en su vida diaria.  <\/p>\n<p>&nbsp;<\/p>\n<p>La inclusi\u00f3n de juegos de rol al final del cuento sirve como un m\u00e9todo pr\u00e1ctico para que los ni\u00f1os practiquen lo que han aprendido. Estos juegos, como \u00abEl caso de las galletas perdidas\u00bb, \u00abEl misterio del juguete roto\u00bb y \u00abLa aventura del tesoro escondido\u00bb, no solo son divertidos, sino que tambi\u00e9n refuerzan el mensaje de la historia al poner a los ni\u00f1os en situaciones en las que deben elegir ser honestos. Este enfoque interactivo es beneficioso para los ni\u00f1os autistas, que a menudo se benefician de actividades de aprendizaje estructuradas que permiten la repetici\u00f3n y el juego de roles para comprender conceptos sociales.  <\/p>\n<p>&nbsp;<\/p>\n<p>Se anima a los padres y educadores a utilizar estos juegos como herramientas para hablar m\u00e1s sobre la importancia de la honestidad y c\u00f3mo afecta a las relaciones. La flexibilidad para adaptar estas actividades a las necesidades e intereses individuales de cada ni\u00f1o garantiza que todos los ni\u00f1os puedan participar y aprender de la manera m\u00e1s eficaz para ellos. Este material tiene como objetivo crear un entorno seguro y emp\u00e1tico donde los ni\u00f1os se sientan c\u00f3modos expres\u00e1ndose y comprendiendo las consecuencias de sus acciones, fomentando as\u00ed una comprensi\u00f3n m\u00e1s profunda de la lectura y desarrollando habilidades esenciales para la vida.  <\/p>\n","protected":false},"featured_media":9904,"comment_status":"open","ping_status":"closed","template":"","meta":{"_acf_changed":false,"_monsterinsights_skip_tracking":false,"_monsterinsights_sitenote_active":false,"_monsterinsights_sitenote_note":"","_monsterinsights_sitenote_category":0},"product_brand":[],"product_cat":[783,835],"product_tag":[795,798,844,892],"class_list":{"0":"post-9903","1":"product","2":"type-product","3":"status-publish","4":"has-post-thumbnail","6":"product_cat-comprension-lectora","7":"product_cat-independencia-y-habilidades-para-la-vida","8":"product_tag-comprension-lectora-para-ninos-autistas","9":"product_tag-comprension-lectora-para-ninos-con-autismo-es","10":"product_tag-ensenar-a-los-ninos-a-decir-la-verdad","11":"product_tag-leer-para-ensenar-habilidades-para-la-vida","13":"first","14":"instock","15":"downloadable","16":"shipping-taxable","17":"purchasable","18":"product-type-simple"},"acf":[],"aioseo_notices":[],"jetpack_sharing_enabled":true,"_links":{"self":[{"href":"https:\/\/positiveautism.org\/es\/wp-json\/wp\/v2\/product\/9903","targetHints":{"allow":["GET"]}}],"collection":[{"href":"https:\/\/positiveautism.org\/es\/wp-json\/wp\/v2\/product"}],"about":[{"href":"https:\/\/positiveautism.org\/es\/wp-json\/wp\/v2\/types\/product"}],"replies":[{"embeddable":true,"href":"https:\/\/positiveautism.org\/es\/wp-json\/wp\/v2\/comments?post=9903"}],"wp:featuredmedia":[{"embeddable":true,"href":"https:\/\/positiveautism.org\/es\/wp-json\/wp\/v2\/media\/9904"}],"wp:attachment":[{"href":"https:\/\/positiveautism.org\/es\/wp-json\/wp\/v2\/media?parent=9903"}],"wp:term":[{"taxonomy":"product_brand","embeddable":true,"href":"https:\/\/positiveautism.org\/es\/wp-json\/wp\/v2\/product_brand?post=9903"},{"taxonomy":"product_cat","embeddable":true,"href":"https:\/\/positiveautism.org\/es\/wp-json\/wp\/v2\/product_cat?post=9903"},{"taxonomy":"product_tag","embeddable":true,"href":"https:\/\/positiveautism.org\/es\/wp-json\/wp\/v2\/product_tag?post=9903"}],"curies":[{"name":"wp","href":"https:\/\/api.w.org\/{rel}","templated":true}]}}