{"id":9900,"date":"2023-06-27T19:04:39","date_gmt":"2025-04-07T15:10:32","guid":{"rendered":"https:\/\/positiveautism.org\/product\/nadie-puede-decidir-por-ti-hojas-de-trabajo-para-ensenar-a-los-ninos-habilidades-sociales-y-emocionales\/"},"modified":"2025-04-07T11:10:32","modified_gmt":"2025-04-07T15:10:32","slug":"nadie-puede-decidir-por-ti-hojas-de-trabajo-para-ensenar-a-los-ninos-habilidades-sociales-y-emocionales","status":"publish","type":"product","link":"https:\/\/positiveautism.org\/es\/producto\/nadie-puede-decidir-por-ti-hojas-de-trabajo-para-ensenar-a-los-ninos-habilidades-sociales-y-emocionales\/","title":{"rendered":"Nadie puede decidir por ti. (Hojas de trabajo para ense\u00f1ar a los ni\u00f1os habilidades sociales y emocionales)"},"content":{"rendered":"","protected":false},"excerpt":{"rendered":"<p>En este libro de ejercicios, encontrar\u00e1s una exploraci\u00f3n en profundidad del poder y la importancia de aprender a decir \u00abNO\u00bb. Abarca temas como el equilibrio entre ayudar a los dem\u00e1s y cuidarse a uno mismo, la firmeza en la toma de decisiones y el valor de la libertad de elecci\u00f3n. Adem\u00e1s, incluye ejemplos pr\u00e1cticos y escenarios hipot\u00e9ticos para reflexionar y discutir, que te ayudar\u00e1n a comprender mejor c\u00f3mo manejar situaciones en las que puedes sentirte presionado a hacer algo que no quieres hacer. Con actividades de pr\u00e1ctica y autoevaluaci\u00f3n, este material tiene como objetivo reforzar su confianza y habilidades de comunicaci\u00f3n, lo que le permite manejar de manera efectiva situaciones dif\u00edciles y mantener prioridades claras.   <\/p>\n","protected":false},"featured_media":9901,"comment_status":"open","ping_status":"closed","template":"","meta":{"_acf_changed":false,"_monsterinsights_skip_tracking":false,"_monsterinsights_sitenote_active":false,"_monsterinsights_sitenote_note":"","_monsterinsights_sitenote_category":0},"product_brand":[],"product_cat":[787],"product_tag":[788,847,915],"class_list":{"0":"post-9900","1":"product","2":"type-product","3":"status-publish","4":"has-post-thumbnail","6":"product_cat-habilidades-sociales-y-emocionales","7":"product_tag-actividades-para-tecnificar-habilidades-sociales-a-ninos-autistas","8":"product_tag-actividades-para-ensenar-habilidades-sociales-a-ninos-con-autismo","9":"product_tag-ensene-a-los-ninos-a-decir-no","11":"first","12":"instock","13":"downloadable","14":"shipping-taxable","15":"purchasable","16":"product-type-simple"},"acf":[],"aioseo_notices":[],"jetpack_sharing_enabled":true,"_links":{"self":[{"href":"https:\/\/positiveautism.org\/es\/wp-json\/wp\/v2\/product\/9900","targetHints":{"allow":["GET"]}}],"collection":[{"href":"https:\/\/positiveautism.org\/es\/wp-json\/wp\/v2\/product"}],"about":[{"href":"https:\/\/positiveautism.org\/es\/wp-json\/wp\/v2\/types\/product"}],"replies":[{"embeddable":true,"href":"https:\/\/positiveautism.org\/es\/wp-json\/wp\/v2\/comments?post=9900"}],"wp:featuredmedia":[{"embeddable":true,"href":"https:\/\/positiveautism.org\/es\/wp-json\/wp\/v2\/media\/9901"}],"wp:attachment":[{"href":"https:\/\/positiveautism.org\/es\/wp-json\/wp\/v2\/media?parent=9900"}],"wp:term":[{"taxonomy":"product_brand","embeddable":true,"href":"https:\/\/positiveautism.org\/es\/wp-json\/wp\/v2\/product_brand?post=9900"},{"taxonomy":"product_cat","embeddable":true,"href":"https:\/\/positiveautism.org\/es\/wp-json\/wp\/v2\/product_cat?post=9900"},{"taxonomy":"product_tag","embeddable":true,"href":"https:\/\/positiveautism.org\/es\/wp-json\/wp\/v2\/product_tag?post=9900"}],"curies":[{"name":"wp","href":"https:\/\/api.w.org\/{rel}","templated":true}]}}