{"id":9898,"date":"2023-07-05T20:48:37","date_gmt":"2025-04-07T15:10:32","guid":{"rendered":"https:\/\/positiveautism.org\/product\/mira-las-caras-de-otras-personas-cuando-les-hables-hojas-de-trabajo-de-actividades-para-ensenar-habilidades-sociales-a-ninos-autistas\/"},"modified":"2025-04-07T11:10:32","modified_gmt":"2025-04-07T15:10:32","slug":"mira-las-caras-de-otras-personas-cuando-les-hables-hojas-de-trabajo-de-actividades-para-ensenar-habilidades-sociales-a-ninos-autistas","status":"publish","type":"product","link":"https:\/\/positiveautism.org\/es\/producto\/mira-las-caras-de-otras-personas-cuando-les-hables-hojas-de-trabajo-de-actividades-para-ensenar-habilidades-sociales-a-ninos-autistas\/","title":{"rendered":"Mira las caras de otras personas cuando les hables. (Hojas de trabajo de actividades para ense\u00f1ar habilidades sociales a ni\u00f1os autistas)"},"content":{"rendered":"","protected":false},"excerpt":{"rendered":"<p>Este libro de ejercicios est\u00e1 dise\u00f1ado para ense\u00f1ar una habilidad social esencial a los ni\u00f1os en el espectro autista: el contacto visual. Dentro de \u00e9l, aprender\u00e1n la importancia de mirar a la cara de las personas al interactuar con ellas, entendiendo c\u00f3mo este acto puede transmitir respeto, atenci\u00f3n y retroalimentaci\u00f3n. Tambi\u00e9n se exploran diversas estrategias para facilitar el contacto visual, como mirar de cerca a los ojos o usar gafas de sol, adapt\u00e1ndose a las comodidades individuales de cada ni\u00f1o. Adem\u00e1s, incluye juegos pr\u00e1cticos y educativos para ayudar a los ni\u00f1os a poner en pr\u00e1ctica lo aprendido en un entorno divertido y seguro. Este recurso es un paso para mejorar las habilidades de comunicaci\u00f3n y la confianza social de los ni\u00f1os con autismo.    <\/p>\n","protected":false},"featured_media":9899,"comment_status":"open","ping_status":"closed","template":"","meta":{"_acf_changed":false,"_monsterinsights_skip_tracking":false,"_monsterinsights_sitenote_active":false,"_monsterinsights_sitenote_note":"","_monsterinsights_sitenote_category":0},"product_brand":[],"product_cat":[787,838],"product_tag":[788,847,994],"class_list":{"0":"post-9898","1":"product","2":"type-product","3":"status-publish","4":"has-post-thumbnail","6":"product_cat-habilidades-sociales-y-emocionales","7":"product_cat-habilidades-de-conversacion","8":"product_tag-actividades-para-tecnificar-habilidades-sociales-a-ninos-autistas","9":"product_tag-actividades-para-ensenar-habilidades-sociales-a-ninos-con-autismo","10":"product_tag-ensenar-a-los-ninos-autistas-a-mirar-a-la-cara","12":"first","13":"instock","14":"downloadable","15":"shipping-taxable","16":"purchasable","17":"product-type-simple"},"acf":[],"aioseo_notices":[],"jetpack_sharing_enabled":true,"_links":{"self":[{"href":"https:\/\/positiveautism.org\/es\/wp-json\/wp\/v2\/product\/9898","targetHints":{"allow":["GET"]}}],"collection":[{"href":"https:\/\/positiveautism.org\/es\/wp-json\/wp\/v2\/product"}],"about":[{"href":"https:\/\/positiveautism.org\/es\/wp-json\/wp\/v2\/types\/product"}],"replies":[{"embeddable":true,"href":"https:\/\/positiveautism.org\/es\/wp-json\/wp\/v2\/comments?post=9898"}],"wp:featuredmedia":[{"embeddable":true,"href":"https:\/\/positiveautism.org\/es\/wp-json\/wp\/v2\/media\/9899"}],"wp:attachment":[{"href":"https:\/\/positiveautism.org\/es\/wp-json\/wp\/v2\/media?parent=9898"}],"wp:term":[{"taxonomy":"product_brand","embeddable":true,"href":"https:\/\/positiveautism.org\/es\/wp-json\/wp\/v2\/product_brand?post=9898"},{"taxonomy":"product_cat","embeddable":true,"href":"https:\/\/positiveautism.org\/es\/wp-json\/wp\/v2\/product_cat?post=9898"},{"taxonomy":"product_tag","embeddable":true,"href":"https:\/\/positiveautism.org\/es\/wp-json\/wp\/v2\/product_tag?post=9898"}],"curies":[{"name":"wp","href":"https:\/\/api.w.org\/{rel}","templated":true}]}}