{"id":9895,"date":"2023-07-04T20:36:05","date_gmt":"2025-04-07T15:10:31","guid":{"rendered":"https:\/\/positiveautism.org\/product\/mira-las-caras-de-los-demas-cuando-les-hables-hojas-de-trabajo-de-actividades-para-ensenar-habilidades-sociales-a-ninos-autistas\/"},"modified":"2025-04-07T11:10:31","modified_gmt":"2025-04-07T15:10:31","slug":"mira-las-caras-de-los-demas-cuando-les-hables-hojas-de-trabajo-de-actividades-para-ensenar-habilidades-sociales-a-ninos-autistas","status":"publish","type":"product","link":"https:\/\/positiveautism.org\/es\/producto\/mira-las-caras-de-los-demas-cuando-les-hables-hojas-de-trabajo-de-actividades-para-ensenar-habilidades-sociales-a-ninos-autistas\/","title":{"rendered":"Mira las caras de los dem\u00e1s cuando les hables. (Hojas de trabajo de actividades para ense\u00f1ar habilidades sociales a ni\u00f1os autistas)"},"content":{"rendered":"","protected":false},"excerpt":{"rendered":"<p>Este libro de ejercicios est\u00e1 dise\u00f1ado para ense\u00f1ar a los ni\u00f1os autistas la importancia de mirar las caras de las personas cuando hablan con ellas. Contiene explicaciones detalladas de por qu\u00e9 esto es importante, c\u00f3mo puede ayudar a interpretar las emociones y, en general, c\u00f3mo puede mejorar la comunicaci\u00f3n. Adem\u00e1s, incluye una serie de ejercicios pr\u00e1cticos y juegos que animan a los ni\u00f1os a imitar expresiones emocionales y caras divertidas, fomentando as\u00ed la observaci\u00f3n y el reconocimiento de las expresiones faciales. Al final del material, se propone un reto de mantener el contacto visual durante tres minutos, que une todas las habilidades trabajadas y las recompensa con un incentivo divertido.   <\/p>\n","protected":false},"featured_media":9897,"comment_status":"open","ping_status":"closed","template":"","meta":{"_acf_changed":false,"_monsterinsights_skip_tracking":false,"_monsterinsights_sitenote_active":false,"_monsterinsights_sitenote_note":"","_monsterinsights_sitenote_category":0},"product_brand":[],"product_cat":[787,838],"product_tag":[788,847],"class_list":{"0":"post-9895","1":"product","2":"type-product","3":"status-publish","4":"has-post-thumbnail","6":"product_cat-habilidades-sociales-y-emocionales","7":"product_cat-habilidades-de-conversacion","8":"product_tag-actividades-para-tecnificar-habilidades-sociales-a-ninos-autistas","9":"product_tag-actividades-para-ensenar-habilidades-sociales-a-ninos-con-autismo","11":"first","12":"instock","13":"downloadable","14":"shipping-taxable","15":"purchasable","16":"product-type-simple"},"acf":[],"aioseo_notices":[],"jetpack_sharing_enabled":true,"_links":{"self":[{"href":"https:\/\/positiveautism.org\/es\/wp-json\/wp\/v2\/product\/9895","targetHints":{"allow":["GET"]}}],"collection":[{"href":"https:\/\/positiveautism.org\/es\/wp-json\/wp\/v2\/product"}],"about":[{"href":"https:\/\/positiveautism.org\/es\/wp-json\/wp\/v2\/types\/product"}],"replies":[{"embeddable":true,"href":"https:\/\/positiveautism.org\/es\/wp-json\/wp\/v2\/comments?post=9895"}],"wp:featuredmedia":[{"embeddable":true,"href":"https:\/\/positiveautism.org\/es\/wp-json\/wp\/v2\/media\/9897"}],"wp:attachment":[{"href":"https:\/\/positiveautism.org\/es\/wp-json\/wp\/v2\/media?parent=9895"}],"wp:term":[{"taxonomy":"product_brand","embeddable":true,"href":"https:\/\/positiveautism.org\/es\/wp-json\/wp\/v2\/product_brand?post=9895"},{"taxonomy":"product_cat","embeddable":true,"href":"https:\/\/positiveautism.org\/es\/wp-json\/wp\/v2\/product_cat?post=9895"},{"taxonomy":"product_tag","embeddable":true,"href":"https:\/\/positiveautism.org\/es\/wp-json\/wp\/v2\/product_tag?post=9895"}],"curies":[{"name":"wp","href":"https:\/\/api.w.org\/{rel}","templated":true}]}}