{"id":9894,"date":"2023-06-26T16:44:06","date_gmt":"2025-04-07T15:10:31","guid":{"rendered":"https:\/\/positiveautism.org\/product\/ser-un-detective-de-emociones-como-mejorar-la-comprension-de-la-conversacion-hojas-de-trabajo-para-ensenar-habilidades-de-conversacion-a-ninos-autistas\/"},"modified":"2025-04-07T11:10:31","modified_gmt":"2025-04-07T15:10:31","slug":"ser-un-detective-de-emociones-como-mejorar-la-comprension-de-la-conversacion-hojas-de-trabajo-para-ensenar-habilidades-de-conversacion-a-ninos-autistas","status":"publish","type":"product","link":"https:\/\/positiveautism.org\/es\/producto\/ser-un-detective-de-emociones-como-mejorar-la-comprension-de-la-conversacion-hojas-de-trabajo-para-ensenar-habilidades-de-conversacion-a-ninos-autistas\/","title":{"rendered":"Ser un detective de emociones: c\u00f3mo mejorar la comprensi\u00f3n de la conversaci\u00f3n. (Hojas de trabajo para ense\u00f1ar habilidades de conversaci\u00f3n a ni\u00f1os autistas)"},"content":{"rendered":"","protected":false},"excerpt":{"rendered":"<p>En este material titulado \u00abSer un detective de emociones: c\u00f3mo mejorar la comprensi\u00f3n de la conversaci\u00f3n\u00bb, los lectores se embarcar\u00e1n en un viaje para decodificar los elementos sutiles de las conversaciones humanas que a menudo pasan desapercibidos. Las conversaciones se comparan como un gran rompecabezas, en el que cada pieza es una palabra o frase que alguien pronuncia. Sin embargo, este rompecabezas tambi\u00e9n comprende detalles m\u00e1s sutiles, como el tono de voz del hablante, su sonrisa o ce\u00f1o fruncido, comparados con las texturas y colores de las piezas del rompecabezas, lo que contribuye a la imagen general de lo que alguien est\u00e1 tratando de transmitir. Los lectores aprender\u00e1n a ser un \u00abdetective de emociones\u00bb, observando e interpretando estas se\u00f1ales sutiles para obtener una comprensi\u00f3n m\u00e1s profunda de los sentimientos e intenciones de las personas. A trav\u00e9s de ejercicios pr\u00e1cticos y escenarios, los lectores perfeccionar\u00e1n su capacidad para empatizar y responder de manera efectiva, mejorando as\u00ed sus relaciones interpersonales.    <\/p>\n","protected":false},"featured_media":9896,"comment_status":"open","ping_status":"closed","template":"","meta":{"_acf_changed":false,"_monsterinsights_skip_tracking":false,"_monsterinsights_sitenote_active":false,"_monsterinsights_sitenote_note":"","_monsterinsights_sitenote_category":0},"product_brand":[],"product_cat":[838],"product_tag":[839,841],"class_list":{"0":"post-9894","1":"product","2":"type-product","3":"status-publish","4":"has-post-thumbnail","6":"product_cat-habilidades-de-conversacion","7":"product_tag-actividades-de-conversacion-para-ninos-con-autismo","8":"product_tag-actividades-de-conversacion-para-ninos-autistas","10":"first","11":"instock","12":"downloadable","13":"shipping-taxable","14":"purchasable","15":"product-type-simple"},"acf":[],"aioseo_notices":[],"jetpack_sharing_enabled":true,"_links":{"self":[{"href":"https:\/\/positiveautism.org\/es\/wp-json\/wp\/v2\/product\/9894","targetHints":{"allow":["GET"]}}],"collection":[{"href":"https:\/\/positiveautism.org\/es\/wp-json\/wp\/v2\/product"}],"about":[{"href":"https:\/\/positiveautism.org\/es\/wp-json\/wp\/v2\/types\/product"}],"replies":[{"embeddable":true,"href":"https:\/\/positiveautism.org\/es\/wp-json\/wp\/v2\/comments?post=9894"}],"wp:featuredmedia":[{"embeddable":true,"href":"https:\/\/positiveautism.org\/es\/wp-json\/wp\/v2\/media\/9896"}],"wp:attachment":[{"href":"https:\/\/positiveautism.org\/es\/wp-json\/wp\/v2\/media?parent=9894"}],"wp:term":[{"taxonomy":"product_brand","embeddable":true,"href":"https:\/\/positiveautism.org\/es\/wp-json\/wp\/v2\/product_brand?post=9894"},{"taxonomy":"product_cat","embeddable":true,"href":"https:\/\/positiveautism.org\/es\/wp-json\/wp\/v2\/product_cat?post=9894"},{"taxonomy":"product_tag","embeddable":true,"href":"https:\/\/positiveautism.org\/es\/wp-json\/wp\/v2\/product_tag?post=9894"}],"curies":[{"name":"wp","href":"https:\/\/api.w.org\/{rel}","templated":true}]}}