{"id":9892,"date":"2023-06-30T11:37:15","date_gmt":"2025-04-07T15:10:31","guid":{"rendered":"https:\/\/positiveautism.org\/product\/mira-las-caras-de-los-demas-cuando-les-hables-hojas-de-trabajo-de-actividades-grupales-para-ensenar-conversacion-y-habilidades-sociales-a-ninos-autistas\/"},"modified":"2025-04-07T11:10:31","modified_gmt":"2025-04-07T15:10:31","slug":"mira-las-caras-de-los-demas-cuando-les-hables-hojas-de-trabajo-de-actividades-grupales-para-ensenar-conversacion-y-habilidades-sociales-a-ninos-autistas","status":"publish","type":"product","link":"https:\/\/positiveautism.org\/es\/producto\/mira-las-caras-de-los-demas-cuando-les-hables-hojas-de-trabajo-de-actividades-grupales-para-ensenar-conversacion-y-habilidades-sociales-a-ninos-autistas\/","title":{"rendered":"Mira las caras de los dem\u00e1s cuando les hables. (Hojas de trabajo de actividades grupales para ense\u00f1ar conversaci\u00f3n y habilidades sociales a ni\u00f1os autistas)"},"content":{"rendered":"","protected":false},"excerpt":{"rendered":"<p>En este material, encontrar\u00e1 una hoja de trabajo interactiva y divertida creada espec\u00edficamente para ayudar a los ni\u00f1os autistas a desarrollar habilidades sociales y de conversaci\u00f3n esenciales. A trav\u00e9s de juegos y actividades atractivas, los ni\u00f1os aprender\u00e1n a mirar las caras de otras personas cuando les hablan, un elemento clave de la comunicaci\u00f3n no verbal. Este enfoque no solo mejorar\u00e1 su capacidad para comunicarse, sino que tambi\u00e9n les ayudar\u00e1 a comprender mejor a los dem\u00e1s y a crear conexiones m\u00e1s fuertes y significativas. La hoja de trabajo est\u00e1 dise\u00f1ada para que los ni\u00f1os practiquen a su propio ritmo, fomentando la confianza y la comodidad en su aprendizaje, y ayud\u00e1ndolos a aplicar estas habilidades en la vida real.   <\/p>\n","protected":false},"featured_media":9893,"comment_status":"open","ping_status":"closed","template":"","meta":{"_acf_changed":false,"_monsterinsights_skip_tracking":false,"_monsterinsights_sitenote_active":false,"_monsterinsights_sitenote_note":"","_monsterinsights_sitenote_category":0},"product_brand":[],"product_cat":[787,838],"product_tag":[788,854],"class_list":{"0":"post-9892","1":"product","2":"type-product","3":"status-publish","4":"has-post-thumbnail","6":"product_cat-habilidades-sociales-y-emocionales","7":"product_cat-habilidades-de-conversacion","8":"product_tag-actividades-para-tecnificar-habilidades-sociales-a-ninos-autistas","9":"product_tag-hojas-de-trabajo-para-ensenar-habilidades-de-conversacion-a-ninos-autistas","11":"first","12":"instock","13":"downloadable","14":"shipping-taxable","15":"purchasable","16":"product-type-simple"},"acf":[],"aioseo_notices":[],"jetpack_sharing_enabled":true,"_links":{"self":[{"href":"https:\/\/positiveautism.org\/es\/wp-json\/wp\/v2\/product\/9892","targetHints":{"allow":["GET"]}}],"collection":[{"href":"https:\/\/positiveautism.org\/es\/wp-json\/wp\/v2\/product"}],"about":[{"href":"https:\/\/positiveautism.org\/es\/wp-json\/wp\/v2\/types\/product"}],"replies":[{"embeddable":true,"href":"https:\/\/positiveautism.org\/es\/wp-json\/wp\/v2\/comments?post=9892"}],"wp:featuredmedia":[{"embeddable":true,"href":"https:\/\/positiveautism.org\/es\/wp-json\/wp\/v2\/media\/9893"}],"wp:attachment":[{"href":"https:\/\/positiveautism.org\/es\/wp-json\/wp\/v2\/media?parent=9892"}],"wp:term":[{"taxonomy":"product_brand","embeddable":true,"href":"https:\/\/positiveautism.org\/es\/wp-json\/wp\/v2\/product_brand?post=9892"},{"taxonomy":"product_cat","embeddable":true,"href":"https:\/\/positiveautism.org\/es\/wp-json\/wp\/v2\/product_cat?post=9892"},{"taxonomy":"product_tag","embeddable":true,"href":"https:\/\/positiveautism.org\/es\/wp-json\/wp\/v2\/product_tag?post=9892"}],"curies":[{"name":"wp","href":"https:\/\/api.w.org\/{rel}","templated":true}]}}