{"id":9888,"date":"2023-06-29T12:28:42","date_gmt":"2025-04-07T15:10:31","guid":{"rendered":"https:\/\/positiveautism.org\/product\/mira-las-caras-de-otras-personas-cuando-les-hables-hojas-de-trabajo-para-ensenar-habilidades-de-conversacion-a-ninos-autistas\/"},"modified":"2025-04-07T11:10:31","modified_gmt":"2025-04-07T15:10:31","slug":"mira-las-caras-de-otras-personas-cuando-les-hables-hojas-de-trabajo-para-ensenar-habilidades-de-conversacion-a-ninos-autistas","status":"publish","type":"product","link":"https:\/\/positiveautism.org\/es\/producto\/mira-las-caras-de-otras-personas-cuando-les-hables-hojas-de-trabajo-para-ensenar-habilidades-de-conversacion-a-ninos-autistas\/","title":{"rendered":"Mira las caras de otras personas cuando les hables. (Hojas de trabajo para ense\u00f1ar habilidades de conversaci\u00f3n a ni\u00f1os autistas)"},"content":{"rendered":"","protected":false},"excerpt":{"rendered":"<p>Esta gu\u00eda completa est\u00e1 dise\u00f1ada para mejorar las habilidades de conversaci\u00f3n en ni\u00f1os con autismo al centrarse en uno de los aspectos m\u00e1s fundamentales de la interacci\u00f3n humana: el contacto visual. Reconociendo que mantener el contacto visual puede ser un desaf\u00edo para algunos, especialmente para aquellos con autismo, este material proporciona pr\u00e1cticas paso a paso y juegos interactivos para aumentar gradualmente la comodidad y la competencia. La gu\u00eda hace hincapi\u00e9 en la importancia de mirar los rostros de los interlocutores como signo de atenci\u00f3n y como medio para comprender mejor sus emociones. Adem\u00e1s, ofrece estrategias para que los padres y educadores fomenten esta habilidad de una manera agradable y no amenazante. Ya sea jugando a ser reporteros o practicando con fotograf\u00edas, cada actividad cumple el objetivo de permitir que los ni\u00f1os se comuniquen de manera m\u00e1s efectiva y aut\u00e9ntica. Tambi\u00e9n reconoce y respeta las diferencias individuales, sugiriendo alternativas como centrarse en la nariz o la frente para aquellos que consideran que el contacto visual directo es demasiado intenso. Con paciencia, pr\u00e1ctica y refuerzo, esta gu\u00eda tiene como objetivo marcar una diferencia significativa en las habilidades comunicativas de los ni\u00f1os con autismo.      <\/p>\n","protected":false},"featured_media":9889,"comment_status":"open","ping_status":"closed","template":"","meta":{"_acf_changed":false,"_monsterinsights_skip_tracking":false,"_monsterinsights_sitenote_active":false,"_monsterinsights_sitenote_note":"","_monsterinsights_sitenote_category":0},"product_brand":[],"product_cat":[838],"product_tag":[839,841,857],"class_list":{"0":"post-9888","1":"product","2":"type-product","3":"status-publish","4":"has-post-thumbnail","6":"product_cat-habilidades-de-conversacion","7":"product_tag-actividades-de-conversacion-para-ninos-con-autismo","8":"product_tag-actividades-de-conversacion-para-ninos-autistas","9":"product_tag-habilidades-de-conversacion","11":"first","12":"instock","13":"downloadable","14":"shipping-taxable","15":"purchasable","16":"product-type-simple"},"acf":[],"aioseo_notices":[],"jetpack_sharing_enabled":true,"_links":{"self":[{"href":"https:\/\/positiveautism.org\/es\/wp-json\/wp\/v2\/product\/9888","targetHints":{"allow":["GET"]}}],"collection":[{"href":"https:\/\/positiveautism.org\/es\/wp-json\/wp\/v2\/product"}],"about":[{"href":"https:\/\/positiveautism.org\/es\/wp-json\/wp\/v2\/types\/product"}],"replies":[{"embeddable":true,"href":"https:\/\/positiveautism.org\/es\/wp-json\/wp\/v2\/comments?post=9888"}],"wp:featuredmedia":[{"embeddable":true,"href":"https:\/\/positiveautism.org\/es\/wp-json\/wp\/v2\/media\/9889"}],"wp:attachment":[{"href":"https:\/\/positiveautism.org\/es\/wp-json\/wp\/v2\/media?parent=9888"}],"wp:term":[{"taxonomy":"product_brand","embeddable":true,"href":"https:\/\/positiveautism.org\/es\/wp-json\/wp\/v2\/product_brand?post=9888"},{"taxonomy":"product_cat","embeddable":true,"href":"https:\/\/positiveautism.org\/es\/wp-json\/wp\/v2\/product_cat?post=9888"},{"taxonomy":"product_tag","embeddable":true,"href":"https:\/\/positiveautism.org\/es\/wp-json\/wp\/v2\/product_tag?post=9888"}],"curies":[{"name":"wp","href":"https:\/\/api.w.org\/{rel}","templated":true}]}}