{"id":9885,"date":"2023-06-23T11:50:06","date_gmt":"2025-04-07T15:10:31","guid":{"rendered":"https:\/\/positiveautism.org\/product\/conversacion-sobre-algo-que-te-hace-sentir-triste-hojas-de-trabajo-para-ensenar-a-los-ninos-conversaciones-habilidades-sociales-y-emocionales\/"},"modified":"2025-04-07T11:10:31","modified_gmt":"2025-04-07T15:10:31","slug":"conversacion-sobre-algo-que-te-hace-sentir-triste-hojas-de-trabajo-para-ensenar-a-los-ninos-conversaciones-habilidades-sociales-y-emocionales","status":"publish","type":"product","link":"https:\/\/positiveautism.org\/es\/producto\/conversacion-sobre-algo-que-te-hace-sentir-triste-hojas-de-trabajo-para-ensenar-a-los-ninos-conversaciones-habilidades-sociales-y-emocionales\/","title":{"rendered":"Conversaci\u00f3n sobre algo que te hace sentir triste. (Hojas de trabajo para ense\u00f1ar a los ni\u00f1os conversaciones, habilidades sociales y emocionales)"},"content":{"rendered":"","protected":false},"excerpt":{"rendered":"<p>En este material, encontrar\u00e1 una gu\u00eda completa dise\u00f1ada para ayudar a los ni\u00f1os con autismo a desarrollar su conversaci\u00f3n y habilidades sociales. Profundizamos en la comprensi\u00f3n y gesti\u00f3n de las emociones personales, una habilidad esencial para todos. Esto incluye reconocer las emociones, comprender por qu\u00e9 las sentimos, expresar emociones, manejar emociones abrumadoras y practicar la autocompasi\u00f3n. Los ejercicios atractivos brindan aplicaciones pr\u00e1cticas de estos conceptos, incluidos escenarios de juego de roles, completar conversaciones y tareas para colorear emociones. El objetivo de este material no es solo empoderar a los ni\u00f1os para mantener conversaciones sobre temas tristes, sino tambi\u00e9n equiparlos con las habilidades para manejar sus emociones de manera efectiva y emp\u00e1tica.    <\/p>\n","protected":false},"featured_media":9887,"comment_status":"open","ping_status":"closed","template":"","meta":{"_acf_changed":false,"_monsterinsights_skip_tracking":false,"_monsterinsights_sitenote_active":false,"_monsterinsights_sitenote_note":"","_monsterinsights_sitenote_category":0},"product_brand":[],"product_cat":[787,838],"product_tag":[839,841,993],"class_list":{"0":"post-9885","1":"product","2":"type-product","3":"status-publish","4":"has-post-thumbnail","6":"product_cat-habilidades-sociales-y-emocionales","7":"product_cat-habilidades-de-conversacion","8":"product_tag-actividades-de-conversacion-para-ninos-con-autismo","9":"product_tag-actividades-de-conversacion-para-ninos-autistas","10":"product_tag-aprender-a-reconocer-y-gestionar-las-emociones","12":"first","13":"instock","14":"downloadable","15":"shipping-taxable","16":"purchasable","17":"product-type-simple"},"acf":[],"aioseo_notices":[],"jetpack_sharing_enabled":true,"_links":{"self":[{"href":"https:\/\/positiveautism.org\/es\/wp-json\/wp\/v2\/product\/9885","targetHints":{"allow":["GET"]}}],"collection":[{"href":"https:\/\/positiveautism.org\/es\/wp-json\/wp\/v2\/product"}],"about":[{"href":"https:\/\/positiveautism.org\/es\/wp-json\/wp\/v2\/types\/product"}],"replies":[{"embeddable":true,"href":"https:\/\/positiveautism.org\/es\/wp-json\/wp\/v2\/comments?post=9885"}],"wp:featuredmedia":[{"embeddable":true,"href":"https:\/\/positiveautism.org\/es\/wp-json\/wp\/v2\/media\/9887"}],"wp:attachment":[{"href":"https:\/\/positiveautism.org\/es\/wp-json\/wp\/v2\/media?parent=9885"}],"wp:term":[{"taxonomy":"product_brand","embeddable":true,"href":"https:\/\/positiveautism.org\/es\/wp-json\/wp\/v2\/product_brand?post=9885"},{"taxonomy":"product_cat","embeddable":true,"href":"https:\/\/positiveautism.org\/es\/wp-json\/wp\/v2\/product_cat?post=9885"},{"taxonomy":"product_tag","embeddable":true,"href":"https:\/\/positiveautism.org\/es\/wp-json\/wp\/v2\/product_tag?post=9885"}],"curies":[{"name":"wp","href":"https:\/\/api.w.org\/{rel}","templated":true}]}}