{"id":9884,"date":"2023-06-28T16:11:15","date_gmt":"2025-04-07T15:10:31","guid":{"rendered":"https:\/\/positiveautism.org\/product\/ser-detective-presta-atencion-a-los-pequenos-comentarios-y-a-la-emocion-que-se-muestra-en-ellos-hojas-de-trabajo-para-ensenar-habilidades-de-conversacion-a-ninos-autistas\/"},"modified":"2025-04-07T11:10:31","modified_gmt":"2025-04-07T15:10:31","slug":"ser-detective-presta-atencion-a-los-pequenos-comentarios-y-a-la-emocion-que-se-muestra-en-ellos-hojas-de-trabajo-para-ensenar-habilidades-de-conversacion-a-ninos-autistas","status":"publish","type":"product","link":"https:\/\/positiveautism.org\/es\/producto\/ser-detective-presta-atencion-a-los-pequenos-comentarios-y-a-la-emocion-que-se-muestra-en-ellos-hojas-de-trabajo-para-ensenar-habilidades-de-conversacion-a-ninos-autistas\/","title":{"rendered":"\u00a1Ser detective! Presta atenci\u00f3n a los peque\u00f1os comentarios y a la emoci\u00f3n que se muestra en ellos. (Hojas de trabajo para ense\u00f1ar habilidades de conversaci\u00f3n a ni\u00f1os autistas)"},"content":{"rendered":"","protected":false},"excerpt":{"rendered":"<p>Este material de trabajo, titulado \u00ab\u00a1S\u00e9 un detective!\u00bb, te invita a explorar y mejorar tus habilidades de comunicaci\u00f3n y empat\u00eda. El contenido sugiere entender la comunicaci\u00f3n como un acto detectivesco, en el que las palabras, el tono de voz, las expresiones faciales y los gestos nos proporcionan pistas para comprender mejor los pensamientos y sentimientos de los dem\u00e1s. Incluye ejemplos y situaciones hipot\u00e9ticas para analizar y responder con empat\u00eda. Adem\u00e1s, propone ejercicios pr\u00e1cticos de juego de roles para aplicar las habilidades aprendidas en diversas situaciones cotidianas. Al final del material, se espera que los participantes sean m\u00e1s capaces de comprender y responder a las emociones y necesidades de los dem\u00e1s.    <\/p>\n","protected":false},"featured_media":9886,"comment_status":"open","ping_status":"closed","template":"","meta":{"_acf_changed":false,"_monsterinsights_skip_tracking":false,"_monsterinsights_sitenote_active":false,"_monsterinsights_sitenote_note":"","_monsterinsights_sitenote_category":0},"product_brand":[],"product_cat":[787,838],"product_tag":[830,857,859],"class_list":{"0":"post-9884","1":"product","2":"type-product","3":"status-publish","4":"has-post-thumbnail","6":"product_cat-habilidades-sociales-y-emocionales","7":"product_cat-habilidades-de-conversacion","8":"product_tag-habilidades-sociales-y-emocionales-para-personas-autistas","9":"product_tag-habilidades-de-conversacion","10":"product_tag-hojas-de-trabajo-para-practicar-la-conversacion-con-ninos-autistas","12":"first","13":"instock","14":"downloadable","15":"shipping-taxable","16":"purchasable","17":"product-type-simple"},"acf":[],"aioseo_notices":[],"jetpack_sharing_enabled":true,"_links":{"self":[{"href":"https:\/\/positiveautism.org\/es\/wp-json\/wp\/v2\/product\/9884","targetHints":{"allow":["GET"]}}],"collection":[{"href":"https:\/\/positiveautism.org\/es\/wp-json\/wp\/v2\/product"}],"about":[{"href":"https:\/\/positiveautism.org\/es\/wp-json\/wp\/v2\/types\/product"}],"replies":[{"embeddable":true,"href":"https:\/\/positiveautism.org\/es\/wp-json\/wp\/v2\/comments?post=9884"}],"wp:featuredmedia":[{"embeddable":true,"href":"https:\/\/positiveautism.org\/es\/wp-json\/wp\/v2\/media\/9886"}],"wp:attachment":[{"href":"https:\/\/positiveautism.org\/es\/wp-json\/wp\/v2\/media?parent=9884"}],"wp:term":[{"taxonomy":"product_brand","embeddable":true,"href":"https:\/\/positiveautism.org\/es\/wp-json\/wp\/v2\/product_brand?post=9884"},{"taxonomy":"product_cat","embeddable":true,"href":"https:\/\/positiveautism.org\/es\/wp-json\/wp\/v2\/product_cat?post=9884"},{"taxonomy":"product_tag","embeddable":true,"href":"https:\/\/positiveautism.org\/es\/wp-json\/wp\/v2\/product_tag?post=9884"}],"curies":[{"name":"wp","href":"https:\/\/api.w.org\/{rel}","templated":true}]}}