{"id":9878,"date":"2023-10-02T11:16:01","date_gmt":"2025-04-07T15:06:26","guid":{"rendered":"https:\/\/positiveautism.org\/product\/la-nina-y-el-dibujo-descolorido-actividad-para-practicar-la-comprension-lectora-habilidades-sociales-y-emocionales-para-ninos-autistas\/"},"modified":"2025-04-07T11:06:26","modified_gmt":"2025-04-07T15:06:26","slug":"la-nina-y-el-dibujo-descolorido-actividad-para-practicar-la-comprension-lectora-habilidades-sociales-y-emocionales-para-ninos-autistas","status":"publish","type":"product","link":"https:\/\/positiveautism.org\/es\/producto\/la-nina-y-el-dibujo-descolorido-actividad-para-practicar-la-comprension-lectora-habilidades-sociales-y-emocionales-para-ninos-autistas\/","title":{"rendered":"La ni\u00f1a y el dibujo descolorido. (Actividad para practicar la comprensi\u00f3n lectora, habilidades sociales y emocionales para ni\u00f1os autistas)"},"content":{"rendered":"","protected":false},"excerpt":{"rendered":"<p>En este material, los padres y educadores encontrar\u00e1n un valioso recurso dise\u00f1ado para ense\u00f1ar habilidades sociales y mejorar la comprensi\u00f3n lectora de los ni\u00f1os autistas. A trav\u00e9s de la atractiva historia \u00abLa ni\u00f1a y el dibujo descolorido\u00bb, se presenta a los ni\u00f1os escenarios que enfatizan la empat\u00eda, la comprensi\u00f3n y la importancia de apoyar a los amigos. Adem\u00e1s, se incluyen tres actividades de juego de roles, cada una basada en diferentes aspectos de la historia, para ayudar a los ni\u00f1os a practicar lo que han aprendido en situaciones de la vida real. Estas actividades alientan a los ni\u00f1os a desarrollar habilidades sociales cruciales como el perd\u00f3n, el trabajo en equipo y la inclusi\u00f3n, proporcionando una forma pr\u00e1ctica e interactiva de reforzar estos conceptos.   <\/p>\n","protected":false},"featured_media":9879,"comment_status":"closed","ping_status":"closed","template":"","meta":{"_acf_changed":false,"_monsterinsights_skip_tracking":false,"_monsterinsights_sitenote_active":false,"_monsterinsights_sitenote_note":"","_monsterinsights_sitenote_category":0},"product_brand":[],"product_cat":[783,787],"product_tag":[795,798,834],"class_list":{"0":"post-9878","1":"product","2":"type-product","3":"status-publish","4":"has-post-thumbnail","6":"product_cat-comprension-lectora","7":"product_cat-habilidades-sociales-y-emocionales","8":"product_tag-comprension-lectora-para-ninos-autistas","9":"product_tag-comprension-lectora-para-ninos-con-autismo-es","10":"product_tag-lectura-para-ensenar-habilidades-sociales-y-emocionales-a-ninos-autistas","12":"first","13":"instock","14":"downloadable","15":"shipping-taxable","16":"purchasable","17":"product-type-simple"},"acf":[],"aioseo_notices":[],"jetpack_sharing_enabled":true,"_links":{"self":[{"href":"https:\/\/positiveautism.org\/es\/wp-json\/wp\/v2\/product\/9878","targetHints":{"allow":["GET"]}}],"collection":[{"href":"https:\/\/positiveautism.org\/es\/wp-json\/wp\/v2\/product"}],"about":[{"href":"https:\/\/positiveautism.org\/es\/wp-json\/wp\/v2\/types\/product"}],"replies":[{"embeddable":true,"href":"https:\/\/positiveautism.org\/es\/wp-json\/wp\/v2\/comments?post=9878"}],"wp:featuredmedia":[{"embeddable":true,"href":"https:\/\/positiveautism.org\/es\/wp-json\/wp\/v2\/media\/9879"}],"wp:attachment":[{"href":"https:\/\/positiveautism.org\/es\/wp-json\/wp\/v2\/media?parent=9878"}],"wp:term":[{"taxonomy":"product_brand","embeddable":true,"href":"https:\/\/positiveautism.org\/es\/wp-json\/wp\/v2\/product_brand?post=9878"},{"taxonomy":"product_cat","embeddable":true,"href":"https:\/\/positiveautism.org\/es\/wp-json\/wp\/v2\/product_cat?post=9878"},{"taxonomy":"product_tag","embeddable":true,"href":"https:\/\/positiveautism.org\/es\/wp-json\/wp\/v2\/product_tag?post=9878"}],"curies":[{"name":"wp","href":"https:\/\/api.w.org\/{rel}","templated":true}]}}