{"id":9875,"date":"2023-09-28T12:59:01","date_gmt":"2025-04-07T15:06:25","guid":{"rendered":"https:\/\/positiveautism.org\/product\/la-mariposa-y-el-saltamontes-actividad-para-practicar-la-comprension-lectora-y-las-habilidades-sociales-para-ninos-autistas\/"},"modified":"2025-04-07T11:06:25","modified_gmt":"2025-04-07T15:06:25","slug":"la-mariposa-y-el-saltamontes-actividad-para-practicar-la-comprension-lectora-y-las-habilidades-sociales-para-ninos-autistas","status":"publish","type":"product","link":"https:\/\/positiveautism.org\/es\/producto\/la-mariposa-y-el-saltamontes-actividad-para-practicar-la-comprension-lectora-y-las-habilidades-sociales-para-ninos-autistas\/","title":{"rendered":"La mariposa y el saltamontes. (Actividad para practicar la comprensi\u00f3n lectora y las habilidades sociales para ni\u00f1os autistas)"},"content":{"rendered":"","protected":false},"excerpt":{"rendered":"<p>Este material, centrado en el cuento \u00abLa mariposa y el saltamontes\u00bb, junto con los juegos de rol posteriores, sirve como una herramienta invaluable para los ni\u00f1os autistas que trabajan en la comprensi\u00f3n lectora y el desarrollo de habilidades sociales. La narraci\u00f3n en s\u00ed teje una historia de empat\u00eda, apoyo y superaci\u00f3n de miedos a trav\u00e9s de la amistad, ilustrada por las interacciones entre Mat\u00edas el saltamontes y Valentina la mariposa. Anima a los ni\u00f1os a reconocer y articular emociones, tanto las propias como las de los dem\u00e1s, fomentando la comprensi\u00f3n de la empat\u00eda en contextos del mundo real.  <\/p>\n<p>Despu\u00e9s de la historia, las actividades de juego de roles ofrecen una aplicaci\u00f3n pr\u00e1ctica de los temas discutidos, lo que permite a los ni\u00f1os participar activamente en escenarios que imitan situaciones de la vida real. Estos escenarios est\u00e1n dise\u00f1ados para practicar la empat\u00eda, ofrecer y recibir ayuda, enfrentar los miedos con apoyo y comunicarse abiertamente sobre sentimientos y preocupaciones. Al asumir los roles de Mat\u00edas y Valentina, los ni\u00f1os pueden explorar estos conceptos en un entorno seguro y estructurado, mejorando as\u00ed su capacidad para navegar las interacciones sociales y las expresiones emocionales.  <\/p>\n<p>Para los padres y educadores, este enfoque no solo ayuda a reforzar las lecciones de la historia, sino que tambi\u00e9n proporciona a los ni\u00f1os autistas las herramientas pr\u00e1cticas que necesitan para manejar sus emociones y fomentar relaciones significativas. A trav\u00e9s del juego, se anima a los ni\u00f1os a expresar empat\u00eda, aceptar y ofrecer ayuda, y a enfrentar los miedos con el apoyo de sus amigos, construyendo as\u00ed una base para un desarrollo social y emocional saludable. <\/p>\n","protected":false},"featured_media":9876,"comment_status":"open","ping_status":"closed","template":"","meta":{"_acf_changed":false,"_monsterinsights_skip_tracking":false,"_monsterinsights_sitenote_active":false,"_monsterinsights_sitenote_note":"","_monsterinsights_sitenote_category":0},"product_brand":[],"product_cat":[783,787],"product_tag":[795,818,867],"class_list":{"0":"post-9875","1":"product","2":"type-product","3":"status-publish","4":"has-post-thumbnail","6":"product_cat-comprension-lectora","7":"product_cat-habilidades-sociales-y-emocionales","8":"product_tag-comprension-lectora-para-ninos-autistas","9":"product_tag-leer-para-ensenar-habilidades-emocionales","10":"product_tag-de-la-lectura-a-las-habilidades-sociales-tecnologicas","12":"first","13":"instock","14":"downloadable","15":"shipping-taxable","16":"purchasable","17":"product-type-simple"},"acf":[],"aioseo_notices":[],"jetpack_sharing_enabled":true,"_links":{"self":[{"href":"https:\/\/positiveautism.org\/es\/wp-json\/wp\/v2\/product\/9875","targetHints":{"allow":["GET"]}}],"collection":[{"href":"https:\/\/positiveautism.org\/es\/wp-json\/wp\/v2\/product"}],"about":[{"href":"https:\/\/positiveautism.org\/es\/wp-json\/wp\/v2\/types\/product"}],"replies":[{"embeddable":true,"href":"https:\/\/positiveautism.org\/es\/wp-json\/wp\/v2\/comments?post=9875"}],"wp:featuredmedia":[{"embeddable":true,"href":"https:\/\/positiveautism.org\/es\/wp-json\/wp\/v2\/media\/9876"}],"wp:attachment":[{"href":"https:\/\/positiveautism.org\/es\/wp-json\/wp\/v2\/media?parent=9875"}],"wp:term":[{"taxonomy":"product_brand","embeddable":true,"href":"https:\/\/positiveautism.org\/es\/wp-json\/wp\/v2\/product_brand?post=9875"},{"taxonomy":"product_cat","embeddable":true,"href":"https:\/\/positiveautism.org\/es\/wp-json\/wp\/v2\/product_cat?post=9875"},{"taxonomy":"product_tag","embeddable":true,"href":"https:\/\/positiveautism.org\/es\/wp-json\/wp\/v2\/product_tag?post=9875"}],"curies":[{"name":"wp","href":"https:\/\/api.w.org\/{rel}","templated":true}]}}