{"id":9872,"date":"2023-09-27T12:30:54","date_gmt":"2025-04-07T15:06:25","guid":{"rendered":"https:\/\/positiveautism.org\/product\/la-nube-que-llora-actividad-para-practicar-la-comprension-lectora-habilidades-sociales-y-emocionales-para-ninos-autistas\/"},"modified":"2025-04-07T11:06:25","modified_gmt":"2025-04-07T15:06:25","slug":"la-nube-que-llora-actividad-para-practicar-la-comprension-lectora-habilidades-sociales-y-emocionales-para-ninos-autistas","status":"publish","type":"product","link":"https:\/\/positiveautism.org\/es\/producto\/la-nube-que-llora-actividad-para-practicar-la-comprension-lectora-habilidades-sociales-y-emocionales-para-ninos-autistas\/","title":{"rendered":"La nube que llora. (Actividad para practicar la comprensi\u00f3n lectora, habilidades sociales y emocionales para ni\u00f1os autistas)"},"content":{"rendered":"","protected":false},"excerpt":{"rendered":"<p>\u00abThe Crying Cloud\u00bb es una historia dise\u00f1ada para ayudar a los ni\u00f1os autistas a desarrollar la comprensi\u00f3n lectora y las habilidades socioemocionales a trav\u00e9s de una narrativa atractiva y escenarios identificables. La historia de Diego, Isabella y Mateo ense\u00f1a valores importantes como la empat\u00eda, el apoyo y el poder de la amistad. Para reforzar estas lecciones, hemos incluido tres juegos de rol: \u00abEl amigo triste\u00bb, donde los ni\u00f1os practican la empat\u00eda y ofrecen ayuda a un amigo en apuros; \u00bb Recordando momentos felices\u00bb, que ayuda a los ni\u00f1os a recordar y compartir recuerdos positivos para animar a un amigo; y \u00abResolviendo un problema juntos\u00bb, fomentando la resoluci\u00f3n colaborativa de problemas y el trabajo en equipo. Estas actividades tienen como objetivo proporcionar a los ni\u00f1os herramientas pr\u00e1cticas para navegar por las interacciones sociales y expresar sus emociones de manera efectiva, reflejando situaciones de la vida real. <\/p>\n","protected":false},"featured_media":9873,"comment_status":"closed","ping_status":"closed","template":"","meta":{"_acf_changed":false,"_monsterinsights_skip_tracking":false,"_monsterinsights_sitenote_active":false,"_monsterinsights_sitenote_note":"","_monsterinsights_sitenote_category":0},"product_brand":[],"product_cat":[783,787],"product_tag":[795,798,867,897],"class_list":{"0":"post-9872","1":"product","2":"type-product","3":"status-publish","4":"has-post-thumbnail","6":"product_cat-comprension-lectora","7":"product_cat-habilidades-sociales-y-emocionales","8":"product_tag-comprension-lectora-para-ninos-autistas","9":"product_tag-comprension-lectora-para-ninos-con-autismo-es","10":"product_tag-de-la-lectura-a-las-habilidades-sociales-tecnologicas","11":"product_tag-leer-para-ensenar-habilidades-sociales-y-emocionales","13":"first","14":"instock","15":"downloadable","16":"shipping-taxable","17":"purchasable","18":"product-type-simple"},"acf":[],"aioseo_notices":[],"jetpack_sharing_enabled":true,"_links":{"self":[{"href":"https:\/\/positiveautism.org\/es\/wp-json\/wp\/v2\/product\/9872","targetHints":{"allow":["GET"]}}],"collection":[{"href":"https:\/\/positiveautism.org\/es\/wp-json\/wp\/v2\/product"}],"about":[{"href":"https:\/\/positiveautism.org\/es\/wp-json\/wp\/v2\/types\/product"}],"replies":[{"embeddable":true,"href":"https:\/\/positiveautism.org\/es\/wp-json\/wp\/v2\/comments?post=9872"}],"wp:featuredmedia":[{"embeddable":true,"href":"https:\/\/positiveautism.org\/es\/wp-json\/wp\/v2\/media\/9873"}],"wp:attachment":[{"href":"https:\/\/positiveautism.org\/es\/wp-json\/wp\/v2\/media?parent=9872"}],"wp:term":[{"taxonomy":"product_brand","embeddable":true,"href":"https:\/\/positiveautism.org\/es\/wp-json\/wp\/v2\/product_brand?post=9872"},{"taxonomy":"product_cat","embeddable":true,"href":"https:\/\/positiveautism.org\/es\/wp-json\/wp\/v2\/product_cat?post=9872"},{"taxonomy":"product_tag","embeddable":true,"href":"https:\/\/positiveautism.org\/es\/wp-json\/wp\/v2\/product_tag?post=9872"}],"curies":[{"name":"wp","href":"https:\/\/api.w.org\/{rel}","templated":true}]}}