{"id":9866,"date":"2023-10-04T12:34:48","date_gmt":"2025-04-07T15:06:23","guid":{"rendered":"https:\/\/positiveautism.org\/product\/el-misterio-de-las-palabras-ocultas-actividad-para-practicar-la-comprension-lectora-y-las-habilidades-sociales-para-ninos-autistas\/"},"modified":"2025-04-07T11:06:23","modified_gmt":"2025-04-07T15:06:23","slug":"el-misterio-de-las-palabras-ocultas-actividad-para-practicar-la-comprension-lectora-y-las-habilidades-sociales-para-ninos-autistas","status":"publish","type":"product","link":"https:\/\/positiveautism.org\/es\/producto\/el-misterio-de-las-palabras-ocultas-actividad-para-practicar-la-comprension-lectora-y-las-habilidades-sociales-para-ninos-autistas\/","title":{"rendered":"El misterio de las palabras ocultas. (Actividad para practicar la comprensi\u00f3n lectora y las habilidades sociales para ni\u00f1os autistas)"},"content":{"rendered":"","protected":false},"excerpt":{"rendered":"<div class=\"flex-shrink-0 flex flex-col relative items-end\">\n<div>\n<div class=\"pt-0.5 juice:pt-0\">\n<div class=\"gizmo-bot-avatar flex h-6 w-6 items-center justify-center overflow-hidden rounded-full juice:h-8 juice:w-8\">\n<div class=\"relative p-1 rounded-sm flex items-center justify-center bg-token-main-surface-primary text-token-text-primary h-8 w-8\">Este material est\u00e1 dise\u00f1ado espec\u00edficamente para ni\u00f1os y j\u00f3venes con autismo, con el objetivo de mejorar su comprensi\u00f3n lectora, comunicaci\u00f3n y habilidades sociales. Usando el cuento \u00abEl misterio de las palabras ocultas\u00bb, los ni\u00f1os pueden practicar la interpretaci\u00f3n de expresiones figurativas y modismos, que a menudo son desafiantes para ellos. A trav\u00e9s de ejemplos pr\u00e1cticos y juegos de rol, los ni\u00f1os tienen la oportunidad de aplicar lo que han aprendido en situaciones de la vida real. Adem\u00e1s, las actividades adicionales, como llevar un cuaderno de expresi\u00f3n y jugar a los juegos de detectives de palabras, fomentan la curiosidad y el aprendizaje colaborativo. Este enfoque interactivo y l\u00fadico ayuda a los ni\u00f1os a comprender mejor el lenguaje y mejorar su capacidad para comunicarse eficazmente con los dem\u00e1s.    <\/div>\n<\/div>\n<\/div>\n<\/div>\n<\/div>\n","protected":false},"featured_media":9867,"comment_status":"closed","ping_status":"closed","template":"","meta":{"_acf_changed":false,"_monsterinsights_skip_tracking":false,"_monsterinsights_sitenote_active":false,"_monsterinsights_sitenote_note":"","_monsterinsights_sitenote_category":0},"product_brand":[],"product_cat":[741,783,787],"product_tag":[795,798,991],"class_list":{"0":"post-9866","1":"product","2":"type-product","3":"status-publish","4":"has-post-thumbnail","6":"product_cat-comunicacion-y-lenguaje","7":"product_cat-comprension-lectora","8":"product_cat-habilidades-sociales-y-emocionales","9":"product_tag-comprension-lectora-para-ninos-autistas","10":"product_tag-comprension-lectora-para-ninos-con-autismo-es","11":"product_tag-entender-los-dobles-significados","13":"first","14":"instock","15":"downloadable","16":"shipping-taxable","17":"purchasable","18":"product-type-simple"},"acf":[],"aioseo_notices":[],"jetpack_sharing_enabled":true,"_links":{"self":[{"href":"https:\/\/positiveautism.org\/es\/wp-json\/wp\/v2\/product\/9866","targetHints":{"allow":["GET"]}}],"collection":[{"href":"https:\/\/positiveautism.org\/es\/wp-json\/wp\/v2\/product"}],"about":[{"href":"https:\/\/positiveautism.org\/es\/wp-json\/wp\/v2\/types\/product"}],"replies":[{"embeddable":true,"href":"https:\/\/positiveautism.org\/es\/wp-json\/wp\/v2\/comments?post=9866"}],"wp:featuredmedia":[{"embeddable":true,"href":"https:\/\/positiveautism.org\/es\/wp-json\/wp\/v2\/media\/9867"}],"wp:attachment":[{"href":"https:\/\/positiveautism.org\/es\/wp-json\/wp\/v2\/media?parent=9866"}],"wp:term":[{"taxonomy":"product_brand","embeddable":true,"href":"https:\/\/positiveautism.org\/es\/wp-json\/wp\/v2\/product_brand?post=9866"},{"taxonomy":"product_cat","embeddable":true,"href":"https:\/\/positiveautism.org\/es\/wp-json\/wp\/v2\/product_cat?post=9866"},{"taxonomy":"product_tag","embeddable":true,"href":"https:\/\/positiveautism.org\/es\/wp-json\/wp\/v2\/product_tag?post=9866"}],"curies":[{"name":"wp","href":"https:\/\/api.w.org\/{rel}","templated":true}]}}