{"id":9863,"date":"2023-09-22T17:26:23","date_gmt":"2025-04-07T15:06:18","guid":{"rendered":"https:\/\/positiveautism.org\/product\/un-paseo-por-marineland-en-mario-kart-actividad-para-practicar-la-comprension-lectora-y-las-habilidades-sociales-para-ninos-autistas\/"},"modified":"2025-04-07T11:06:18","modified_gmt":"2025-04-07T15:06:18","slug":"un-paseo-por-marineland-en-mario-kart-actividad-para-practicar-la-comprension-lectora-y-las-habilidades-sociales-para-ninos-autistas","status":"publish","type":"product","link":"https:\/\/positiveautism.org\/es\/producto\/un-paseo-por-marineland-en-mario-kart-actividad-para-practicar-la-comprension-lectora-y-las-habilidades-sociales-para-ninos-autistas\/","title":{"rendered":"Un paseo por Marineland en Mario Kart. (Actividad para practicar la comprensi\u00f3n lectora y las habilidades sociales para ni\u00f1os autistas)"},"content":{"rendered":"","protected":false},"excerpt":{"rendered":"<p>Este material est\u00e1 dise\u00f1ado para ayudar a los ni\u00f1os autistas a practicar la comprensi\u00f3n lectora y las habilidades sociales a trav\u00e9s de una historia atractiva sobre una aventura m\u00e1gica. La historia sigue a Mar\u00eda Juliana y su primo Deryk mientras se embarcan en un viaje fant\u00e1stico a Marineland, donde se encuentran con delfines voladores, elefantes bailarines y emocionantes atracciones. Las preguntas de comprensi\u00f3n lectora animan a los ni\u00f1os a reflexionar sobre la narraci\u00f3n y los detalles de la historia. Adem\u00e1s, se proporcionan tres escenarios de juego de roles para ayudar a los ni\u00f1os a practicar el inicio de conversaciones, la expresi\u00f3n de emociones positivas, la cooperaci\u00f3n y la gratitud. Estas actividades tienen como objetivo hacer que los ni\u00f1os se sientan m\u00e1s c\u00f3modos con las interacciones sociales y mejorar su capacidad para iniciar y mantener conversaciones en diversos contextos, todo mientras se divierten y refuerzan las lecciones aprendidas de la historia.    <\/p>\n","protected":false},"featured_media":9864,"comment_status":"open","ping_status":"closed","template":"","meta":{"_acf_changed":false,"_monsterinsights_skip_tracking":false,"_monsterinsights_sitenote_active":false,"_monsterinsights_sitenote_note":"","_monsterinsights_sitenote_category":0},"product_brand":[],"product_cat":[783],"product_tag":[795,798,857],"class_list":{"0":"post-9863","1":"product","2":"type-product","3":"status-publish","4":"has-post-thumbnail","6":"product_cat-comprension-lectora","7":"product_tag-comprension-lectora-para-ninos-autistas","8":"product_tag-comprension-lectora-para-ninos-con-autismo-es","9":"product_tag-habilidades-de-conversacion","11":"first","12":"instock","13":"downloadable","14":"shipping-taxable","15":"purchasable","16":"product-type-simple"},"acf":[],"aioseo_notices":[],"jetpack_sharing_enabled":true,"_links":{"self":[{"href":"https:\/\/positiveautism.org\/es\/wp-json\/wp\/v2\/product\/9863","targetHints":{"allow":["GET"]}}],"collection":[{"href":"https:\/\/positiveautism.org\/es\/wp-json\/wp\/v2\/product"}],"about":[{"href":"https:\/\/positiveautism.org\/es\/wp-json\/wp\/v2\/types\/product"}],"replies":[{"embeddable":true,"href":"https:\/\/positiveautism.org\/es\/wp-json\/wp\/v2\/comments?post=9863"}],"wp:featuredmedia":[{"embeddable":true,"href":"https:\/\/positiveautism.org\/es\/wp-json\/wp\/v2\/media\/9864"}],"wp:attachment":[{"href":"https:\/\/positiveautism.org\/es\/wp-json\/wp\/v2\/media?parent=9863"}],"wp:term":[{"taxonomy":"product_brand","embeddable":true,"href":"https:\/\/positiveautism.org\/es\/wp-json\/wp\/v2\/product_brand?post=9863"},{"taxonomy":"product_cat","embeddable":true,"href":"https:\/\/positiveautism.org\/es\/wp-json\/wp\/v2\/product_cat?post=9863"},{"taxonomy":"product_tag","embeddable":true,"href":"https:\/\/positiveautism.org\/es\/wp-json\/wp\/v2\/product_tag?post=9863"}],"curies":[{"name":"wp","href":"https:\/\/api.w.org\/{rel}","templated":true}]}}