{"id":9853,"date":"2023-09-19T13:10:13","date_gmt":"2025-04-07T15:06:18","guid":{"rendered":"https:\/\/positiveautism.org\/product\/un-viaje-al-interior-del-ipad-actividad-para-practicar-la-comprension-lectora-y-las-habilidades-sociales-para-ninos-autistas\/"},"modified":"2025-04-07T11:06:18","modified_gmt":"2025-04-07T15:06:18","slug":"un-viaje-al-interior-del-ipad-actividad-para-practicar-la-comprension-lectora-y-las-habilidades-sociales-para-ninos-autistas","status":"publish","type":"product","link":"https:\/\/positiveautism.org\/es\/producto\/un-viaje-al-interior-del-ipad-actividad-para-practicar-la-comprension-lectora-y-las-habilidades-sociales-para-ninos-autistas\/","title":{"rendered":"Un viaje al interior del iPad. (Actividad para practicar la comprensi\u00f3n lectora y las habilidades sociales para ni\u00f1os autistas)"},"content":{"rendered":"","protected":false},"excerpt":{"rendered":"<p>En este material de trabajo para ni\u00f1os autistas, encontrar\u00e1s el cuento \u00abUn viaje dentro del iPad\u00bb, protagonizado por Laura y Deryk, dos primos curiosos que exploran el funcionamiento interno de un iPad a trav\u00e9s de una aplicaci\u00f3n m\u00e1gica. La historia los lleva a varios reinos digitales, incluido el \u00abReino de la Creatividad\u00bb y la \u00abTierra del Tiempo Perdido\u00bb, donde aprenden sobre los beneficios y las posibles desventajas del uso de la tecnolog\u00eda. Despu\u00e9s de la historia, hay preguntas de comprensi\u00f3n para reforzar las lecciones aprendidas y cuatro juegos de rol dise\u00f1ados para ayudar a los ni\u00f1os a practicar habilidades sociales. Estos juegos fomentan la comunicaci\u00f3n, el trabajo en equipo y la gesti\u00f3n responsable del tiempo frente a la pantalla, utilizando escenarios y di\u00e1logos de la historia. Este material tiene como objetivo ense\u00f1ar a los ni\u00f1os a equilibrar su uso de la tecnolog\u00eda con otras actividades importantes de la vida, fomentando habilidades sociales esenciales como la cooperaci\u00f3n y la gesti\u00f3n del tiempo.    <\/p>\n","protected":false},"featured_media":9854,"comment_status":"open","ping_status":"closed","template":"","meta":{"_acf_changed":false,"_monsterinsights_skip_tracking":false,"_monsterinsights_sitenote_active":false,"_monsterinsights_sitenote_note":"","_monsterinsights_sitenote_category":0},"product_brand":[],"product_cat":[783,787],"product_tag":[795,798],"class_list":{"0":"post-9853","1":"product","2":"type-product","3":"status-publish","4":"has-post-thumbnail","6":"product_cat-comprension-lectora","7":"product_cat-habilidades-sociales-y-emocionales","8":"product_tag-comprension-lectora-para-ninos-autistas","9":"product_tag-comprension-lectora-para-ninos-con-autismo-es","11":"first","12":"instock","13":"downloadable","14":"shipping-taxable","15":"purchasable","16":"product-type-simple"},"acf":[],"aioseo_notices":[],"jetpack_sharing_enabled":true,"_links":{"self":[{"href":"https:\/\/positiveautism.org\/es\/wp-json\/wp\/v2\/product\/9853","targetHints":{"allow":["GET"]}}],"collection":[{"href":"https:\/\/positiveautism.org\/es\/wp-json\/wp\/v2\/product"}],"about":[{"href":"https:\/\/positiveautism.org\/es\/wp-json\/wp\/v2\/types\/product"}],"replies":[{"embeddable":true,"href":"https:\/\/positiveautism.org\/es\/wp-json\/wp\/v2\/comments?post=9853"}],"wp:featuredmedia":[{"embeddable":true,"href":"https:\/\/positiveautism.org\/es\/wp-json\/wp\/v2\/media\/9854"}],"wp:attachment":[{"href":"https:\/\/positiveautism.org\/es\/wp-json\/wp\/v2\/media?parent=9853"}],"wp:term":[{"taxonomy":"product_brand","embeddable":true,"href":"https:\/\/positiveautism.org\/es\/wp-json\/wp\/v2\/product_brand?post=9853"},{"taxonomy":"product_cat","embeddable":true,"href":"https:\/\/positiveautism.org\/es\/wp-json\/wp\/v2\/product_cat?post=9853"},{"taxonomy":"product_tag","embeddable":true,"href":"https:\/\/positiveautism.org\/es\/wp-json\/wp\/v2\/product_tag?post=9853"}],"curies":[{"name":"wp","href":"https:\/\/api.w.org\/{rel}","templated":true}]}}