{"id":9841,"date":"2023-09-12T20:08:46","date_gmt":"2025-04-07T15:06:17","guid":{"rendered":"https:\/\/positiveautism.org\/product\/el-mundo-de-diego-actividad-para-practicar-la-comprension-lectora-y-las-habilidades-sociales-para-ninos-autistas\/"},"modified":"2025-04-07T11:06:17","modified_gmt":"2025-04-07T15:06:17","slug":"el-mundo-de-diego-actividad-para-practicar-la-comprension-lectora-y-las-habilidades-sociales-para-ninos-autistas","status":"publish","type":"product","link":"https:\/\/positiveautism.org\/es\/producto\/el-mundo-de-diego-actividad-para-practicar-la-comprension-lectora-y-las-habilidades-sociales-para-ninos-autistas\/","title":{"rendered":"El mundo de Diego. (Actividad para practicar la comprensi\u00f3n lectora y las habilidades sociales para ni\u00f1os autistas)"},"content":{"rendered":"","protected":false},"excerpt":{"rendered":"<p>En esta obra, ni\u00f1os y j\u00f3venes con autismo descubrir\u00e1n la historia de Diego, un joven que, desde muy joven, qued\u00f3 profundamente cautivado por sus intereses \u00fanicos, como los patrones de hojas, la mec\u00e1nica de los relojes y la l\u00f3gica de los videojuegos. A pesar de que se le anim\u00f3 a participar en actividades m\u00e1s convencionales, Diego se mantuvo fiel a sus pasiones. La narraci\u00f3n sigue su viaje mientras persigue su sue\u00f1o de convertirse en dise\u00f1ador de videojuegos, un camino que saca a la luz sus desaf\u00edos con las interacciones sociales y la comunicaci\u00f3n durante una importante entrevista de trabajo. Despu\u00e9s de enfrentar el rechazo, Diego aprende la importancia de las habilidades sociales en entornos profesionales a trav\u00e9s del apoyo y la comprensi\u00f3n de su hermana, Clara.   <\/p>\n<p>Este cuento sirve como base para ense\u00f1ar habilidades sociales y emocionales a trav\u00e9s de juegos de rol dise\u00f1ados para simular escenarios que Diego encontr\u00f3. Estos juegos de roles ayudar\u00e1n a los participantes a practicar el contacto visual, la interpretaci\u00f3n de las se\u00f1ales no verbales y la comunicaci\u00f3n efectiva dentro de un equipo. Cada juego tiene como objetivo desarrollar habilidades espec\u00edficas como el manejo del rechazo y el trabajo colaborativo, que son cruciales para el \u00e9xito personal y profesional. Las actividades estructuradas fomentan la pr\u00e1ctica repetitiva, lo que las convierte en una herramienta pr\u00e1ctica para mejorar las capacidades de interacci\u00f3n social en los j\u00f3venes autistas.   <\/p>\n","protected":false},"featured_media":9843,"comment_status":"open","ping_status":"closed","template":"","meta":{"_acf_changed":false,"_monsterinsights_skip_tracking":false,"_monsterinsights_sitenote_active":false,"_monsterinsights_sitenote_note":"","_monsterinsights_sitenote_category":0},"product_brand":[],"product_cat":[783,787],"product_tag":[795,798,867],"class_list":{"0":"post-9841","1":"product","2":"type-product","3":"status-publish","4":"has-post-thumbnail","6":"product_cat-comprension-lectora","7":"product_cat-habilidades-sociales-y-emocionales","8":"product_tag-comprension-lectora-para-ninos-autistas","9":"product_tag-comprension-lectora-para-ninos-con-autismo-es","10":"product_tag-de-la-lectura-a-las-habilidades-sociales-tecnologicas","12":"first","13":"instock","14":"downloadable","15":"shipping-taxable","16":"purchasable","17":"product-type-simple"},"acf":[],"aioseo_notices":[],"jetpack_sharing_enabled":true,"_links":{"self":[{"href":"https:\/\/positiveautism.org\/es\/wp-json\/wp\/v2\/product\/9841","targetHints":{"allow":["GET"]}}],"collection":[{"href":"https:\/\/positiveautism.org\/es\/wp-json\/wp\/v2\/product"}],"about":[{"href":"https:\/\/positiveautism.org\/es\/wp-json\/wp\/v2\/types\/product"}],"replies":[{"embeddable":true,"href":"https:\/\/positiveautism.org\/es\/wp-json\/wp\/v2\/comments?post=9841"}],"wp:featuredmedia":[{"embeddable":true,"href":"https:\/\/positiveautism.org\/es\/wp-json\/wp\/v2\/media\/9843"}],"wp:attachment":[{"href":"https:\/\/positiveautism.org\/es\/wp-json\/wp\/v2\/media?parent=9841"}],"wp:term":[{"taxonomy":"product_brand","embeddable":true,"href":"https:\/\/positiveautism.org\/es\/wp-json\/wp\/v2\/product_brand?post=9841"},{"taxonomy":"product_cat","embeddable":true,"href":"https:\/\/positiveautism.org\/es\/wp-json\/wp\/v2\/product_cat?post=9841"},{"taxonomy":"product_tag","embeddable":true,"href":"https:\/\/positiveautism.org\/es\/wp-json\/wp\/v2\/product_tag?post=9841"}],"curies":[{"name":"wp","href":"https:\/\/api.w.org\/{rel}","templated":true}]}}