{"id":9834,"date":"2023-09-21T20:43:40","date_gmt":"2025-04-07T15:06:17","guid":{"rendered":"https:\/\/positiveautism.org\/product\/el-paseo-de-deryk-por-el-bosque-actividad-para-practicar-la-comprension-lectora-y-las-habilidades-de-conversacion-para-ninos-autistas\/"},"modified":"2025-04-07T11:06:17","modified_gmt":"2025-04-07T15:06:17","slug":"el-paseo-de-deryk-por-el-bosque-actividad-para-practicar-la-comprension-lectora-y-las-habilidades-de-conversacion-para-ninos-autistas","status":"publish","type":"product","link":"https:\/\/positiveautism.org\/es\/producto\/el-paseo-de-deryk-por-el-bosque-actividad-para-practicar-la-comprension-lectora-y-las-habilidades-de-conversacion-para-ninos-autistas\/","title":{"rendered":"El paseo de Deryk por el bosque. (Actividad para practicar la comprensi\u00f3n lectora y las habilidades de conversaci\u00f3n para ni\u00f1os autistas)"},"content":{"rendered":"","protected":false},"excerpt":{"rendered":"<p>En este cuaderno de trabajo, encontrar\u00e1 materiales dise\u00f1ados para ense\u00f1ar comprensi\u00f3n lectora y habilidades sociales a ni\u00f1os autistas. Basado en el cuento \u00abDeryk&#8217;s Walk in the Forest\u00bb, los ni\u00f1os seguir\u00e1n la aventura de Deryk con sus padres y ex maestros de escuela primaria mientras exploran un bosque m\u00e1gico, descubren un mapa misterioso y encuentran una biblioteca oculta llena de libros antiguos. La historia enfatiza el valor del conocimiento y la importancia de los recuerdos y lecciones preciados. Para reforzar la comprensi\u00f3n y practicar las habilidades sociales, el cuaderno de trabajo incluye varios escenarios de juego de roles, como saludar y presentarse, trabajar juntos para resolver problemas y expresar gratitud. Estas actividades no solo mejoran la interacci\u00f3n social, sino que tambi\u00e9n profundizan la comprensi\u00f3n y promueven el trabajo en equipo. Los padres y educadores pueden usar estos ejercicios atractivos para apoyar el desarrollo de habilidades clave en ni\u00f1os autistas.     <\/p>\n","protected":false},"featured_media":9836,"comment_status":"open","ping_status":"closed","template":"","meta":{"_acf_changed":false,"_monsterinsights_skip_tracking":false,"_monsterinsights_sitenote_active":false,"_monsterinsights_sitenote_note":"","_monsterinsights_sitenote_category":0},"product_brand":[],"product_cat":[783,838],"product_tag":[795,798,841],"class_list":{"0":"post-9834","1":"product","2":"type-product","3":"status-publish","4":"has-post-thumbnail","6":"product_cat-comprension-lectora","7":"product_cat-habilidades-de-conversacion","8":"product_tag-comprension-lectora-para-ninos-autistas","9":"product_tag-comprension-lectora-para-ninos-con-autismo-es","10":"product_tag-actividades-de-conversacion-para-ninos-autistas","12":"first","13":"instock","14":"downloadable","15":"shipping-taxable","16":"purchasable","17":"product-type-simple"},"acf":[],"aioseo_notices":[],"jetpack_sharing_enabled":true,"_links":{"self":[{"href":"https:\/\/positiveautism.org\/es\/wp-json\/wp\/v2\/product\/9834","targetHints":{"allow":["GET"]}}],"collection":[{"href":"https:\/\/positiveautism.org\/es\/wp-json\/wp\/v2\/product"}],"about":[{"href":"https:\/\/positiveautism.org\/es\/wp-json\/wp\/v2\/types\/product"}],"replies":[{"embeddable":true,"href":"https:\/\/positiveautism.org\/es\/wp-json\/wp\/v2\/comments?post=9834"}],"wp:featuredmedia":[{"embeddable":true,"href":"https:\/\/positiveautism.org\/es\/wp-json\/wp\/v2\/media\/9836"}],"wp:attachment":[{"href":"https:\/\/positiveautism.org\/es\/wp-json\/wp\/v2\/media?parent=9834"}],"wp:term":[{"taxonomy":"product_brand","embeddable":true,"href":"https:\/\/positiveautism.org\/es\/wp-json\/wp\/v2\/product_brand?post=9834"},{"taxonomy":"product_cat","embeddable":true,"href":"https:\/\/positiveautism.org\/es\/wp-json\/wp\/v2\/product_cat?post=9834"},{"taxonomy":"product_tag","embeddable":true,"href":"https:\/\/positiveautism.org\/es\/wp-json\/wp\/v2\/product_tag?post=9834"}],"curies":[{"name":"wp","href":"https:\/\/api.w.org\/{rel}","templated":true}]}}