{"id":9833,"date":"2023-09-12T11:47:43","date_gmt":"2025-04-07T15:06:17","guid":{"rendered":"https:\/\/positiveautism.org\/product\/recordar-los-intereses-de-nuestros-amigos-o-conversaciones-anteriores-hojas-de-trabajo-de-actividades-para-ensenar-conversacion-y-habilidades-sociales-a-ninos-autistas\/"},"modified":"2025-04-07T11:06:17","modified_gmt":"2025-04-07T15:06:17","slug":"recordar-los-intereses-de-nuestros-amigos-o-conversaciones-anteriores-hojas-de-trabajo-de-actividades-para-ensenar-conversacion-y-habilidades-sociales-a-ninos-autistas","status":"publish","type":"product","link":"https:\/\/positiveautism.org\/es\/producto\/recordar-los-intereses-de-nuestros-amigos-o-conversaciones-anteriores-hojas-de-trabajo-de-actividades-para-ensenar-conversacion-y-habilidades-sociales-a-ninos-autistas\/","title":{"rendered":"Recordar los intereses de nuestros amigos o conversaciones anteriores. (Hojas de trabajo de actividades para ense\u00f1ar conversaci\u00f3n y habilidades sociales a ni\u00f1os autistas)"},"content":{"rendered":"","protected":false},"excerpt":{"rendered":"<p>El material presentado es una gu\u00eda detallada y pr\u00e1ctica dise\u00f1ada para ni\u00f1os autistas que buscan mejorar sus habilidades de conversaci\u00f3n. Los ni\u00f1os autistas a menudo enfrentan desaf\u00edos en las interacciones sociales, especialmente en las conversaciones, debido a las dificultades para reconocer y responder adecuadamente a las se\u00f1ales sociales. Este recurso tiene como objetivo abordar esas \u00e1reas ense\u00f1ando a los ni\u00f1os la importancia de recordar intereses y eventos pasados relacionados con sus amigos y familiares.  <\/p>\n<p>La gu\u00eda les ayuda a comprender c\u00f3mo iniciar y mantener una conversaci\u00f3n basada en el conocimiento previo sobre la otra persona. Se proporciona un marco estructurado en el que los ni\u00f1os pueden anotar y reflexionar sobre los intereses y eventos de las personas antes de interactuar con ellas. Adem\u00e1s, se enfatiza la importancia de la conexi\u00f3n emocional, que puede fomentar la empat\u00eda y la consideraci\u00f3n hacia los dem\u00e1s.  <\/p>\n<p>Despu\u00e9s de tener la conversaci\u00f3n, los ni\u00f1os tienen la oportunidad de reflexionar sobre c\u00f3mo fue la conversaci\u00f3n, lo que ayuda a fortalecer la autoconciencia e identificar \u00e1reas de mejora. En resumen, esta herramienta es invaluable para promover habilidades de comunicaci\u00f3n efectivas en ni\u00f1os autistas, permiti\u00e9ndoles conectarse mejor con los dem\u00e1s y enriquecer sus relaciones interpersonales. <\/p>\n","protected":false},"featured_media":9835,"comment_status":"open","ping_status":"closed","template":"","meta":{"_acf_changed":false,"_monsterinsights_skip_tracking":false,"_monsterinsights_sitenote_active":false,"_monsterinsights_sitenote_note":"","_monsterinsights_sitenote_category":0},"product_brand":[],"product_cat":[787,838],"product_tag":[841,843],"class_list":{"0":"post-9833","1":"product","2":"type-product","3":"status-publish","4":"has-post-thumbnail","6":"product_cat-habilidades-sociales-y-emocionales","7":"product_cat-habilidades-de-conversacion","8":"product_tag-actividades-de-conversacion-para-ninos-autistas","9":"product_tag-como-ensenar-habilidades-de-conversacion-a-personas-con-autismo","11":"first","12":"instock","13":"downloadable","14":"shipping-taxable","15":"purchasable","16":"product-type-simple"},"acf":[],"aioseo_notices":[],"jetpack_sharing_enabled":true,"_links":{"self":[{"href":"https:\/\/positiveautism.org\/es\/wp-json\/wp\/v2\/product\/9833","targetHints":{"allow":["GET"]}}],"collection":[{"href":"https:\/\/positiveautism.org\/es\/wp-json\/wp\/v2\/product"}],"about":[{"href":"https:\/\/positiveautism.org\/es\/wp-json\/wp\/v2\/types\/product"}],"replies":[{"embeddable":true,"href":"https:\/\/positiveautism.org\/es\/wp-json\/wp\/v2\/comments?post=9833"}],"wp:featuredmedia":[{"embeddable":true,"href":"https:\/\/positiveautism.org\/es\/wp-json\/wp\/v2\/media\/9835"}],"wp:attachment":[{"href":"https:\/\/positiveautism.org\/es\/wp-json\/wp\/v2\/media?parent=9833"}],"wp:term":[{"taxonomy":"product_brand","embeddable":true,"href":"https:\/\/positiveautism.org\/es\/wp-json\/wp\/v2\/product_brand?post=9833"},{"taxonomy":"product_cat","embeddable":true,"href":"https:\/\/positiveautism.org\/es\/wp-json\/wp\/v2\/product_cat?post=9833"},{"taxonomy":"product_tag","embeddable":true,"href":"https:\/\/positiveautism.org\/es\/wp-json\/wp\/v2\/product_tag?post=9833"}],"curies":[{"name":"wp","href":"https:\/\/api.w.org\/{rel}","templated":true}]}}