{"id":9829,"date":"2023-09-21T16:23:21","date_gmt":"2025-04-07T15:06:17","guid":{"rendered":"https:\/\/positiveautism.org\/product\/el-rey-de-los-abrazos-actividad-para-practicar-la-comprension-lectora-y-las-habilidades-sociales-para-ninos-autistas\/"},"modified":"2025-04-07T11:06:17","modified_gmt":"2025-04-07T15:06:17","slug":"el-rey-de-los-abrazos-actividad-para-practicar-la-comprension-lectora-y-las-habilidades-sociales-para-ninos-autistas","status":"publish","type":"product","link":"https:\/\/positiveautism.org\/es\/producto\/el-rey-de-los-abrazos-actividad-para-practicar-la-comprension-lectora-y-las-habilidades-sociales-para-ninos-autistas\/","title":{"rendered":"El rey de los abrazos. (Actividad para practicar la comprensi\u00f3n lectora y las habilidades sociales para ni\u00f1os autistas)"},"content":{"rendered":"","protected":false},"excerpt":{"rendered":"<p>Este material est\u00e1 dise\u00f1ado para ayudar a los ni\u00f1os autistas a mejorar su comprensi\u00f3n lectora y sus habilidades sociales a trav\u00e9s del cuento \u00abEl Rey de los Abrazos\u00bb. La historia sigue a Tom\u00e1s, un joven conocido por su amor por los abrazos, que aprende la importancia de respetar el espacio personal de los dem\u00e1s. A medida que Tom\u00e1s crece, descubre que no todo el mundo se siente c\u00f3modo con los abrazos, y con la ayuda de su madre, aprende a pedir permiso antes de abrazar y a mostrar afecto de otras maneras. La lectura incluye preguntas de comprensi\u00f3n para reforzar el aprendizaje y ayudar a los ni\u00f1os a reflexionar sobre diferentes aspectos de la historia. Adem\u00e1s, se proporcionan juegos de rol para permitir que los ni\u00f1os practiquen situaciones sociales reales, como pedir permiso para abrazarse, mostrar apoyo sin abrazarse, crear un espacio seguro para compartir sentimientos y usar diferentes formas de saludar y despedirse. Estos ejercicios ayudan a los ni\u00f1os a desarrollar empat\u00eda, respetar el espacio personal y comprender y aceptar las diferentes formas en que las personas expresan afecto.     <\/p>\n","protected":false},"featured_media":9830,"comment_status":"open","ping_status":"closed","template":"","meta":{"_acf_changed":false,"_monsterinsights_skip_tracking":false,"_monsterinsights_sitenote_active":false,"_monsterinsights_sitenote_note":"","_monsterinsights_sitenote_category":0},"product_brand":[],"product_cat":[783,787],"product_tag":[795,830,841],"class_list":{"0":"post-9829","1":"product","2":"type-product","3":"status-publish","4":"has-post-thumbnail","6":"product_cat-comprension-lectora","7":"product_cat-habilidades-sociales-y-emocionales","8":"product_tag-comprension-lectora-para-ninos-autistas","9":"product_tag-habilidades-sociales-y-emocionales-para-personas-autistas","10":"product_tag-actividades-de-conversacion-para-ninos-autistas","12":"first","13":"instock","14":"downloadable","15":"shipping-taxable","16":"purchasable","17":"product-type-simple"},"acf":[],"aioseo_notices":[],"jetpack_sharing_enabled":true,"_links":{"self":[{"href":"https:\/\/positiveautism.org\/es\/wp-json\/wp\/v2\/product\/9829","targetHints":{"allow":["GET"]}}],"collection":[{"href":"https:\/\/positiveautism.org\/es\/wp-json\/wp\/v2\/product"}],"about":[{"href":"https:\/\/positiveautism.org\/es\/wp-json\/wp\/v2\/types\/product"}],"replies":[{"embeddable":true,"href":"https:\/\/positiveautism.org\/es\/wp-json\/wp\/v2\/comments?post=9829"}],"wp:featuredmedia":[{"embeddable":true,"href":"https:\/\/positiveautism.org\/es\/wp-json\/wp\/v2\/media\/9830"}],"wp:attachment":[{"href":"https:\/\/positiveautism.org\/es\/wp-json\/wp\/v2\/media?parent=9829"}],"wp:term":[{"taxonomy":"product_brand","embeddable":true,"href":"https:\/\/positiveautism.org\/es\/wp-json\/wp\/v2\/product_brand?post=9829"},{"taxonomy":"product_cat","embeddable":true,"href":"https:\/\/positiveautism.org\/es\/wp-json\/wp\/v2\/product_cat?post=9829"},{"taxonomy":"product_tag","embeddable":true,"href":"https:\/\/positiveautism.org\/es\/wp-json\/wp\/v2\/product_tag?post=9829"}],"curies":[{"name":"wp","href":"https:\/\/api.w.org\/{rel}","templated":true}]}}