{"id":9822,"date":"2023-09-07T15:49:52","date_gmt":"2025-04-07T15:06:11","guid":{"rendered":"https:\/\/positiveautism.org\/product\/tomas-y-su-pasion-por-la-escritura-actividad-para-practicar-la-comprension-lectora-y-las-habilidades-sociales-para-ninos-autistas\/"},"modified":"2025-04-07T11:06:11","modified_gmt":"2025-04-07T15:06:11","slug":"tomas-y-su-pasion-por-la-escritura-actividad-para-practicar-la-comprension-lectora-y-las-habilidades-sociales-para-ninos-autistas","status":"publish","type":"product","link":"https:\/\/positiveautism.org\/es\/producto\/tomas-y-su-pasion-por-la-escritura-actividad-para-practicar-la-comprension-lectora-y-las-habilidades-sociales-para-ninos-autistas\/","title":{"rendered":"Tom\u00e1s y su pasi\u00f3n por la escritura. (Actividad para practicar la comprensi\u00f3n lectora y las habilidades sociales para ni\u00f1os autistas)"},"content":{"rendered":"","protected":false},"excerpt":{"rendered":"<p>Este material est\u00e1 dise\u00f1ado para ayudar a los ni\u00f1os a mejorar sus habilidades de comprensi\u00f3n lectora y conversaci\u00f3n. A trav\u00e9s de la inspiradora historia de Tom\u00e1s, los ni\u00f1os pueden identificarse y conectarse con los sentimientos y aspiraciones de un joven escritor. El escenario de la historia, en un pueblo rodeado de monta\u00f1as en Espa\u00f1a, ofrece un tel\u00f3n de fondo rico y evocador que puede estimular la imaginaci\u00f3n de los lectores. La progresi\u00f3n narrativa, desde la juventud de Tom\u00e1s hasta su eventual reconocimiento, est\u00e1 estructurada de tal manera que los ni\u00f1os pueden seguir el desarrollo y la pasi\u00f3n del personaje a medida que enfrenta desaf\u00edos y oportunidades. Las preguntas al final est\u00e1n dise\u00f1adas para evaluar la comprensi\u00f3n de los estudiantes de detalles espec\u00edficos y temas m\u00e1s amplios de la historia. Adem\u00e1s, las preguntas pueden servir como punto de partida para discusiones grupales o ejercicios de conversaci\u00f3n, lo que permite a los ni\u00f1os expresar sus propias opiniones, sentimientos y experiencias relacionadas con la historia o temas similares. Adem\u00e1s, se proponen tres ejemplos de juegos de rol para practicar situaciones de la vida real basadas en la historia, fomentando la interacci\u00f3n social y la expresi\u00f3n emocional en un entorno seguro y controlado.      <\/p>\n","protected":false},"featured_media":9823,"comment_status":"closed","ping_status":"closed","template":"","meta":{"_acf_changed":false,"_monsterinsights_skip_tracking":false,"_monsterinsights_sitenote_active":false,"_monsterinsights_sitenote_note":"","_monsterinsights_sitenote_category":0},"product_brand":[],"product_cat":[783,914],"product_tag":[795,798],"class_list":{"0":"post-9822","1":"product","2":"type-product","3":"status-publish","4":"has-post-thumbnail","6":"product_cat-comprension-lectora","7":"product_cat-fortalezca-sus-fortalezas","8":"product_tag-comprension-lectora-para-ninos-autistas","9":"product_tag-comprension-lectora-para-ninos-con-autismo-es","11":"first","12":"instock","13":"downloadable","14":"shipping-taxable","15":"purchasable","16":"product-type-simple"},"acf":[],"aioseo_notices":[],"jetpack_sharing_enabled":true,"_links":{"self":[{"href":"https:\/\/positiveautism.org\/es\/wp-json\/wp\/v2\/product\/9822","targetHints":{"allow":["GET"]}}],"collection":[{"href":"https:\/\/positiveautism.org\/es\/wp-json\/wp\/v2\/product"}],"about":[{"href":"https:\/\/positiveautism.org\/es\/wp-json\/wp\/v2\/types\/product"}],"replies":[{"embeddable":true,"href":"https:\/\/positiveautism.org\/es\/wp-json\/wp\/v2\/comments?post=9822"}],"wp:featuredmedia":[{"embeddable":true,"href":"https:\/\/positiveautism.org\/es\/wp-json\/wp\/v2\/media\/9823"}],"wp:attachment":[{"href":"https:\/\/positiveautism.org\/es\/wp-json\/wp\/v2\/media?parent=9822"}],"wp:term":[{"taxonomy":"product_brand","embeddable":true,"href":"https:\/\/positiveautism.org\/es\/wp-json\/wp\/v2\/product_brand?post=9822"},{"taxonomy":"product_cat","embeddable":true,"href":"https:\/\/positiveautism.org\/es\/wp-json\/wp\/v2\/product_cat?post=9822"},{"taxonomy":"product_tag","embeddable":true,"href":"https:\/\/positiveautism.org\/es\/wp-json\/wp\/v2\/product_tag?post=9822"}],"curies":[{"name":"wp","href":"https:\/\/api.w.org\/{rel}","templated":true}]}}