{"id":9816,"date":"2023-08-17T15:15:04","date_gmt":"2025-04-07T15:06:11","guid":{"rendered":"https:\/\/positiveautism.org\/product\/historias-con-zapatos-aprendiendo-a-conectarse-con-los-demas-hojas-de-trabajo-de-actividades-para-ensenar-habilidades-sociales-y-emocionales-a-ninos-autistas\/"},"modified":"2025-04-07T11:06:11","modified_gmt":"2025-04-07T15:06:11","slug":"historias-con-zapatos-aprendiendo-a-conectarse-con-los-demas-hojas-de-trabajo-de-actividades-para-ensenar-habilidades-sociales-y-emocionales-a-ninos-autistas","status":"publish","type":"product","link":"https:\/\/positiveautism.org\/es\/producto\/historias-con-zapatos-aprendiendo-a-conectarse-con-los-demas-hojas-de-trabajo-de-actividades-para-ensenar-habilidades-sociales-y-emocionales-a-ninos-autistas\/","title":{"rendered":"Historias con zapatos: Aprendiendo a conectarse con los dem\u00e1s. (Hojas de trabajo de actividades para ense\u00f1ar habilidades sociales y emocionales a ni\u00f1os autistas)"},"content":{"rendered":"","protected":false},"excerpt":{"rendered":"<p>\u00abAprendiendo a conectarse con los dem\u00e1s\u00bb es un material educativo dise\u00f1ado para ense\u00f1ar habilidades sociales a ni\u00f1os autistas, con el objetivo principal de ayudarlos a comprender y conectarse con las emociones y perspectivas de los dem\u00e1s. A trav\u00e9s de este recurso, los ni\u00f1os aprender\u00e1n sobre la importancia de establecer relaciones profundas, comunicarse de manera efectiva, resolver conflictos, crecimiento personal y tener \u00e9xito en el mundo laboral. Se ofrecen t\u00e9cnicas pr\u00e1cticas como la escucha activa, la observaci\u00f3n del lenguaje corporal y la pr\u00e1ctica de la empat\u00eda. Adem\u00e1s, se presenta una actividad interactiva titulada \u00abCuentos con zapatos\u00bb, en la que se utilizan varios pares de zapatos y tarjetas de cuentos para ayudar a los ni\u00f1os a \u00abponerse en los zapatos de otra persona\u00bb, fomentando as\u00ed la empat\u00eda y la comprensi\u00f3n. Las historias abarcan una amplia gama de emociones y situaciones, desde la pasi\u00f3n por el ballet hasta la soledad de una anciana, proporcionando a los ni\u00f1os una visi\u00f3n diversa de las experiencias humanas.    <\/p>\n","protected":false},"featured_media":9818,"comment_status":"open","ping_status":"closed","template":"","meta":{"_acf_changed":false,"_monsterinsights_skip_tracking":false,"_monsterinsights_sitenote_active":false,"_monsterinsights_sitenote_note":"","_monsterinsights_sitenote_category":0},"product_brand":[],"product_cat":[787],"product_tag":[811,975,984],"class_list":{"0":"post-9816","1":"product","2":"type-product","3":"status-publish","4":"has-post-thumbnail","6":"product_cat-habilidades-sociales-y-emocionales","7":"product_tag-habilidades-sociales-y-emocionales-en-ninos-autistas","8":"product_tag-ensenar-empatia-a-las-personas-autistas","9":"product_tag-empatia-en-personas-autistas","11":"first","12":"instock","13":"downloadable","14":"shipping-taxable","15":"purchasable","16":"product-type-simple"},"acf":[],"aioseo_notices":[],"jetpack_sharing_enabled":true,"_links":{"self":[{"href":"https:\/\/positiveautism.org\/es\/wp-json\/wp\/v2\/product\/9816","targetHints":{"allow":["GET"]}}],"collection":[{"href":"https:\/\/positiveautism.org\/es\/wp-json\/wp\/v2\/product"}],"about":[{"href":"https:\/\/positiveautism.org\/es\/wp-json\/wp\/v2\/types\/product"}],"replies":[{"embeddable":true,"href":"https:\/\/positiveautism.org\/es\/wp-json\/wp\/v2\/comments?post=9816"}],"wp:featuredmedia":[{"embeddable":true,"href":"https:\/\/positiveautism.org\/es\/wp-json\/wp\/v2\/media\/9818"}],"wp:attachment":[{"href":"https:\/\/positiveautism.org\/es\/wp-json\/wp\/v2\/media?parent=9816"}],"wp:term":[{"taxonomy":"product_brand","embeddable":true,"href":"https:\/\/positiveautism.org\/es\/wp-json\/wp\/v2\/product_brand?post=9816"},{"taxonomy":"product_cat","embeddable":true,"href":"https:\/\/positiveautism.org\/es\/wp-json\/wp\/v2\/product_cat?post=9816"},{"taxonomy":"product_tag","embeddable":true,"href":"https:\/\/positiveautism.org\/es\/wp-json\/wp\/v2\/product_tag?post=9816"}],"curies":[{"name":"wp","href":"https:\/\/api.w.org\/{rel}","templated":true}]}}