{"id":9811,"date":"2023-08-31T12:02:25","date_gmt":"2025-04-07T15:06:11","guid":{"rendered":"https:\/\/positiveautism.org\/product\/horario-de-samuel-actividad-para-practicar-la-comprension-lectora-y-las-habilidades-sociales-para-ninos-autistas\/"},"modified":"2025-04-07T11:06:11","modified_gmt":"2025-04-07T15:06:11","slug":"horario-de-samuel-actividad-para-practicar-la-comprension-lectora-y-las-habilidades-sociales-para-ninos-autistas","status":"publish","type":"product","link":"https:\/\/positiveautism.org\/es\/producto\/horario-de-samuel-actividad-para-practicar-la-comprension-lectora-y-las-habilidades-sociales-para-ninos-autistas\/","title":{"rendered":"Horario de Samuel: (Actividad para practicar la comprensi\u00f3n lectora y las habilidades sociales para ni\u00f1os autistas)"},"content":{"rendered":"","protected":false},"excerpt":{"rendered":"<p><span style=\"font-weight: 400;\">Este material educativo, centrado en \u00abEl horario de Samuel\u00bb, ofrece una forma atractiva y perspicaz de ense\u00f1ar a los ni\u00f1os y j\u00f3venes autistas sobre la comprensi\u00f3n lectora y las habilidades para la vida a trav\u00e9s de actividades estructuradas. La historia de Samuel, un ni\u00f1o de 10 a\u00f1os al que le encantan las rutinas, proporciona una base para entender c\u00f3mo uno puede adaptarse a los cambios y explorar nuevos entornos a pesar de la incomodidad inicial. Al seguir las experiencias de Samuel, desde su rutina diaria hasta su cambio inesperado de planes cuando su autob\u00fas se retrasa, los alumnos pueden ver ejemplos pr\u00e1cticos de c\u00f3mo manejar la ansiedad y aceptar eventos inesperados en la vida. Junto con la narrativa, este material incluye juegos de rol interactivos que simulan escenarios de la vida real, como visitar un museo, lidiar con los cambios en un parque y manejar los retrasos. Estos juegos de roles alientan a los ni\u00f1os autistas a practicar y desarrollar sus habilidades sociales y de afrontamiento en un entorno controlado, fomentando su capacidad para navegar y adaptarse a situaciones del mundo real. A trav\u00e9s de estas actividades, los educandos no solo se involucran en la comprensi\u00f3n del texto, sino tambi\u00e9n en la aplicaci\u00f3n de sus lecciones de manera vers\u00e1til y pr\u00e1ctica.     <\/span><\/p>\n<p>&nbsp;<\/p>\n","protected":false},"featured_media":9813,"comment_status":"open","ping_status":"closed","template":"","meta":{"_acf_changed":false,"_monsterinsights_skip_tracking":false,"_monsterinsights_sitenote_active":false,"_monsterinsights_sitenote_note":"","_monsterinsights_sitenote_category":0},"product_brand":[],"product_cat":[783,835],"product_tag":[795,798,988],"class_list":{"0":"post-9811","1":"product","2":"type-product","3":"status-publish","4":"has-post-thumbnail","6":"product_cat-comprension-lectora","7":"product_cat-independencia-y-habilidades-para-la-vida","8":"product_tag-comprension-lectora-para-ninos-autistas","9":"product_tag-comprension-lectora-para-ninos-con-autismo-es","10":"product_tag-aceptar-los-cambios-en-los-ninos-autistas","12":"first","13":"instock","14":"downloadable","15":"shipping-taxable","16":"purchasable","17":"product-type-simple"},"acf":[],"aioseo_notices":[],"jetpack_sharing_enabled":true,"_links":{"self":[{"href":"https:\/\/positiveautism.org\/es\/wp-json\/wp\/v2\/product\/9811","targetHints":{"allow":["GET"]}}],"collection":[{"href":"https:\/\/positiveautism.org\/es\/wp-json\/wp\/v2\/product"}],"about":[{"href":"https:\/\/positiveautism.org\/es\/wp-json\/wp\/v2\/types\/product"}],"replies":[{"embeddable":true,"href":"https:\/\/positiveautism.org\/es\/wp-json\/wp\/v2\/comments?post=9811"}],"wp:featuredmedia":[{"embeddable":true,"href":"https:\/\/positiveautism.org\/es\/wp-json\/wp\/v2\/media\/9813"}],"wp:attachment":[{"href":"https:\/\/positiveautism.org\/es\/wp-json\/wp\/v2\/media?parent=9811"}],"wp:term":[{"taxonomy":"product_brand","embeddable":true,"href":"https:\/\/positiveautism.org\/es\/wp-json\/wp\/v2\/product_brand?post=9811"},{"taxonomy":"product_cat","embeddable":true,"href":"https:\/\/positiveautism.org\/es\/wp-json\/wp\/v2\/product_cat?post=9811"},{"taxonomy":"product_tag","embeddable":true,"href":"https:\/\/positiveautism.org\/es\/wp-json\/wp\/v2\/product_tag?post=9811"}],"curies":[{"name":"wp","href":"https:\/\/api.w.org\/{rel}","templated":true}]}}