{"id":9810,"date":"2023-08-14T15:14:51","date_gmt":"2025-04-07T15:06:11","guid":{"rendered":"https:\/\/positiveautism.org\/product\/lucy-y-el-libro-magico-aventuras-mas-alla-del-miedo-actividad-para-practicar-la-comprension-lectora-y-las-habilidades-sociales-para-ninos-autistas\/"},"modified":"2025-04-07T11:06:11","modified_gmt":"2025-04-07T15:06:11","slug":"lucy-y-el-libro-magico-aventuras-mas-alla-del-miedo-actividad-para-practicar-la-comprension-lectora-y-las-habilidades-sociales-para-ninos-autistas","status":"publish","type":"product","link":"https:\/\/positiveautism.org\/es\/producto\/lucy-y-el-libro-magico-aventuras-mas-alla-del-miedo-actividad-para-practicar-la-comprension-lectora-y-las-habilidades-sociales-para-ninos-autistas\/","title":{"rendered":"Lucy y el Libro M\u00e1gico: Aventuras M\u00e1s All\u00e1 del Miedo. (Actividad para practicar la comprensi\u00f3n lectora y las habilidades sociales para ni\u00f1os autistas)"},"content":{"rendered":"","protected":false},"excerpt":{"rendered":"<p>\u00abLucy y el Libro M\u00e1gico: Aventuras M\u00e1s All\u00e1 del Miedo\u00bb es una excelente herramienta educativa dise\u00f1ada para ni\u00f1os autistas, enfocada en mejorar la comprensi\u00f3n lectora y las habilidades para la vida a trav\u00e9s de un enfoque narrativo emocionante y emp\u00e1tico. La historia sigue a Lucy, una ni\u00f1a con una imaginaci\u00f3n sin l\u00edmites, que se enfrenta a sus miedos despu\u00e9s de una experiencia negativa al recibir una vacuna. A trav\u00e9s de un libro de magia, Lucy se sumerge en aventuras que reflejan sus propios miedos, aprendiendo valiosas lecciones sobre el coraje, la amistad y la superaci\u00f3n de desaf\u00edos. Al identificarse con Lucy y participar en actividades interactivas como juegos de rol basados en la historia, los ni\u00f1os autistas pueden practicar habilidades sociales y de comunicaci\u00f3n, mientras manejan sus emociones y trabajan en equipo. Estas actividades no solo fomentan la comprensi\u00f3n y la aplicaci\u00f3n del material de lectura, sino que tambi\u00e9n ofrecen oportunidades para enfrentar y superar los miedos personales, promoviendo una mayor confianza y seguridad en diversas situaciones de la vida.    <\/p>\n","protected":false},"featured_media":9812,"comment_status":"open","ping_status":"closed","template":"","meta":{"_acf_changed":false,"_monsterinsights_skip_tracking":false,"_monsterinsights_sitenote_active":false,"_monsterinsights_sitenote_note":"","_monsterinsights_sitenote_category":0},"product_brand":[],"product_cat":[783,787],"product_tag":[795,798,811,987],"class_list":{"0":"post-9810","1":"product","2":"type-product","3":"status-publish","4":"has-post-thumbnail","6":"product_cat-comprension-lectora","7":"product_cat-habilidades-sociales-y-emocionales","8":"product_tag-comprension-lectora-para-ninos-autistas","9":"product_tag-comprension-lectora-para-ninos-con-autismo-es","10":"product_tag-habilidades-sociales-y-emocionales-en-ninos-autistas","11":"product_tag-enfrentate-al-miedo","13":"first","14":"instock","15":"downloadable","16":"shipping-taxable","17":"purchasable","18":"product-type-simple"},"acf":[],"aioseo_notices":[],"jetpack_sharing_enabled":true,"_links":{"self":[{"href":"https:\/\/positiveautism.org\/es\/wp-json\/wp\/v2\/product\/9810","targetHints":{"allow":["GET"]}}],"collection":[{"href":"https:\/\/positiveautism.org\/es\/wp-json\/wp\/v2\/product"}],"about":[{"href":"https:\/\/positiveautism.org\/es\/wp-json\/wp\/v2\/types\/product"}],"replies":[{"embeddable":true,"href":"https:\/\/positiveautism.org\/es\/wp-json\/wp\/v2\/comments?post=9810"}],"wp:featuredmedia":[{"embeddable":true,"href":"https:\/\/positiveautism.org\/es\/wp-json\/wp\/v2\/media\/9812"}],"wp:attachment":[{"href":"https:\/\/positiveautism.org\/es\/wp-json\/wp\/v2\/media?parent=9810"}],"wp:term":[{"taxonomy":"product_brand","embeddable":true,"href":"https:\/\/positiveautism.org\/es\/wp-json\/wp\/v2\/product_brand?post=9810"},{"taxonomy":"product_cat","embeddable":true,"href":"https:\/\/positiveautism.org\/es\/wp-json\/wp\/v2\/product_cat?post=9810"},{"taxonomy":"product_tag","embeddable":true,"href":"https:\/\/positiveautism.org\/es\/wp-json\/wp\/v2\/product_tag?post=9810"}],"curies":[{"name":"wp","href":"https:\/\/api.w.org\/{rel}","templated":true}]}}