{"id":9804,"date":"2023-08-11T11:19:44","date_gmt":"2025-04-07T15:06:10","guid":{"rendered":"https:\/\/positiveautism.org\/product\/mis-zapatos-tus-zapatos-la-importancia-de-mostrar-empatia-hojas-de-trabajo-de-actividades-para-ensenar-conversacion-y-habilidades-sociales-a-ninos-autistas\/"},"modified":"2025-04-07T11:06:10","modified_gmt":"2025-04-07T15:06:10","slug":"mis-zapatos-tus-zapatos-la-importancia-de-mostrar-empatia-hojas-de-trabajo-de-actividades-para-ensenar-conversacion-y-habilidades-sociales-a-ninos-autistas","status":"publish","type":"product","link":"https:\/\/positiveautism.org\/es\/producto\/mis-zapatos-tus-zapatos-la-importancia-de-mostrar-empatia-hojas-de-trabajo-de-actividades-para-ensenar-conversacion-y-habilidades-sociales-a-ninos-autistas\/","title":{"rendered":"\u00abMis zapatos, tus zapatos\u00bb. La importancia de mostrar empat\u00eda. (Hojas de trabajo de actividades para ense\u00f1ar conversaci\u00f3n y habilidades sociales a ni\u00f1os autistas)"},"content":{"rendered":"","protected":false},"excerpt":{"rendered":"<p>En este material, encontrar\u00e1 una gu\u00eda completa sobre la ense\u00f1anza de habilidades sociales, espec\u00edficamente la empat\u00eda, a los ni\u00f1os autistas. La empat\u00eda, descrita como un superpoder que todos poseemos, es la capacidad de comprender y compartir los sentimientos de los dem\u00e1s. A trav\u00e9s de diversas actividades, escenarios y ejercicios interactivos, se anima a los ni\u00f1os a \u00abponerse en los zapatos de otra persona\u00bb y practicar esta habilidad esencial. La secci\u00f3n \u00abMis zapatos, tus zapatos\u00bb ofrece una actividad estructurada con tarjetas que representan diferentes situaciones y emociones, lo que permite a los ni\u00f1os representar y participar en conversaciones que fomentan la empat\u00eda. Este recurso tiene como objetivo ayudar a los ni\u00f1os a navegar las interacciones sociales de manera m\u00e1s efectiva, comprender diversas perspectivas y construir conexiones m\u00e1s s\u00f3lidas con quienes los rodean.    <\/p>\n","protected":false},"featured_media":9805,"comment_status":"open","ping_status":"closed","template":"","meta":{"_acf_changed":false,"_monsterinsights_skip_tracking":false,"_monsterinsights_sitenote_active":false,"_monsterinsights_sitenote_note":"","_monsterinsights_sitenote_category":0},"product_brand":[],"product_cat":[787,838],"product_tag":[839,841,984,986],"class_list":{"0":"post-9804","1":"product","2":"type-product","3":"status-publish","4":"has-post-thumbnail","6":"product_cat-habilidades-sociales-y-emocionales","7":"product_cat-habilidades-de-conversacion","8":"product_tag-actividades-de-conversacion-para-ninos-con-autismo","9":"product_tag-actividades-de-conversacion-para-ninos-autistas","10":"product_tag-empatia-en-personas-autistas","11":"product_tag-empatia","13":"first","14":"instock","15":"downloadable","16":"shipping-taxable","17":"purchasable","18":"product-type-simple"},"acf":[],"aioseo_notices":[],"jetpack_sharing_enabled":true,"_links":{"self":[{"href":"https:\/\/positiveautism.org\/es\/wp-json\/wp\/v2\/product\/9804","targetHints":{"allow":["GET"]}}],"collection":[{"href":"https:\/\/positiveautism.org\/es\/wp-json\/wp\/v2\/product"}],"about":[{"href":"https:\/\/positiveautism.org\/es\/wp-json\/wp\/v2\/types\/product"}],"replies":[{"embeddable":true,"href":"https:\/\/positiveautism.org\/es\/wp-json\/wp\/v2\/comments?post=9804"}],"wp:featuredmedia":[{"embeddable":true,"href":"https:\/\/positiveautism.org\/es\/wp-json\/wp\/v2\/media\/9805"}],"wp:attachment":[{"href":"https:\/\/positiveautism.org\/es\/wp-json\/wp\/v2\/media?parent=9804"}],"wp:term":[{"taxonomy":"product_brand","embeddable":true,"href":"https:\/\/positiveautism.org\/es\/wp-json\/wp\/v2\/product_brand?post=9804"},{"taxonomy":"product_cat","embeddable":true,"href":"https:\/\/positiveautism.org\/es\/wp-json\/wp\/v2\/product_cat?post=9804"},{"taxonomy":"product_tag","embeddable":true,"href":"https:\/\/positiveautism.org\/es\/wp-json\/wp\/v2\/product_tag?post=9804"}],"curies":[{"name":"wp","href":"https:\/\/api.w.org\/{rel}","templated":true}]}}