{"id":9803,"date":"2023-08-23T12:39:00","date_gmt":"2025-04-07T15:06:10","guid":{"rendered":"https:\/\/positiveautism.org\/product\/las-multiples-facetas-de-juliano-actividad-para-practicar-la-comprension-lectora-y-las-habilidades-sociales-para-ninos-autistas\/"},"modified":"2025-04-07T11:06:10","modified_gmt":"2025-04-07T15:06:10","slug":"las-multiples-facetas-de-juliano-actividad-para-practicar-la-comprension-lectora-y-las-habilidades-sociales-para-ninos-autistas","status":"publish","type":"product","link":"https:\/\/positiveautism.org\/es\/producto\/las-multiples-facetas-de-juliano-actividad-para-practicar-la-comprension-lectora-y-las-habilidades-sociales-para-ninos-autistas\/","title":{"rendered":"Las m\u00faltiples facetas de Juliano. (Actividad para practicar la comprensi\u00f3n lectora y las habilidades sociales para ni\u00f1os autistas)"},"content":{"rendered":"","protected":false},"excerpt":{"rendered":"<p>El material educativo &#8216;Las muchas facetas de Julian&#8217; proporciona un recurso perspicaz y atractivo para ni\u00f1os y adolescentes con autismo. Cuenta la historia de Julian, un joven de diecis\u00e9is a\u00f1os con talentos excepcionales en matem\u00e1ticas, dise\u00f1o arquitect\u00f3nico y programaci\u00f3n de computadoras, que tambi\u00e9n enfrenta desaf\u00edos debido a su autismo, particularmente en las interacciones sociales. La narraci\u00f3n explora el viaje de Julian mientras navega por las complejidades del compromiso social con la ayuda de un terapeuta de habilidades sociales, mostrando su desarrollo y las estrategias que emplea para mejorar sus habilidades sociales y comunicativas.  <\/p>\n<p>Este recurso tiene como objetivo inspirar y ense\u00f1ar con el ejemplo, ilustrando que los desaf\u00edos personales se pueden abordar a trav\u00e9s de la perseverancia y el apoyo. Incluye juegos de rol interactivos que imitan escenarios de la vida real con los que se encuentra Julian, como iniciar conversaciones en una biblioteca, participar en una entrevista para un club de programaci\u00f3n y observar las interacciones sociales en un parque. Estas actividades est\u00e1n dise\u00f1adas para ayudar a los j\u00f3venes autistas a practicar y desarrollar sus habilidades sociales en un entorno estructurado pero flexible, que se adapta a sus necesidades espec\u00edficas y niveles de comodidad. Adem\u00e1s, el material fomenta la comprensi\u00f3n y la apreciaci\u00f3n de las diversas habilidades y la importancia de la integraci\u00f3n social, lo que lo convierte en una herramienta valiosa tanto para las personas autistas como para quienes las rodean.   <\/p>\n","protected":false},"featured_media":9806,"comment_status":"open","ping_status":"closed","template":"","meta":{"_acf_changed":false,"_monsterinsights_skip_tracking":false,"_monsterinsights_sitenote_active":false,"_monsterinsights_sitenote_note":"","_monsterinsights_sitenote_category":0},"product_brand":[],"product_cat":[783,787],"product_tag":[794,795,798,985],"class_list":{"0":"post-9803","1":"product","2":"type-product","3":"status-publish","4":"has-post-thumbnail","6":"product_cat-comprension-lectora","7":"product_cat-habilidades-sociales-y-emocionales","8":"product_tag-lectura-para-ensenar-habilidades-de-comunicacion-a-ninos-con-autismo","9":"product_tag-comprension-lectora-para-ninos-autistas","10":"product_tag-comprension-lectora-para-ninos-con-autismo-es","11":"product_tag-importancia-de-aprender-a-socializar","13":"first","14":"instock","15":"downloadable","16":"shipping-taxable","17":"purchasable","18":"product-type-simple"},"acf":[],"aioseo_notices":[],"jetpack_sharing_enabled":true,"_links":{"self":[{"href":"https:\/\/positiveautism.org\/es\/wp-json\/wp\/v2\/product\/9803","targetHints":{"allow":["GET"]}}],"collection":[{"href":"https:\/\/positiveautism.org\/es\/wp-json\/wp\/v2\/product"}],"about":[{"href":"https:\/\/positiveautism.org\/es\/wp-json\/wp\/v2\/types\/product"}],"replies":[{"embeddable":true,"href":"https:\/\/positiveautism.org\/es\/wp-json\/wp\/v2\/comments?post=9803"}],"wp:featuredmedia":[{"embeddable":true,"href":"https:\/\/positiveautism.org\/es\/wp-json\/wp\/v2\/media\/9806"}],"wp:attachment":[{"href":"https:\/\/positiveautism.org\/es\/wp-json\/wp\/v2\/media?parent=9803"}],"wp:term":[{"taxonomy":"product_brand","embeddable":true,"href":"https:\/\/positiveautism.org\/es\/wp-json\/wp\/v2\/product_brand?post=9803"},{"taxonomy":"product_cat","embeddable":true,"href":"https:\/\/positiveautism.org\/es\/wp-json\/wp\/v2\/product_cat?post=9803"},{"taxonomy":"product_tag","embeddable":true,"href":"https:\/\/positiveautism.org\/es\/wp-json\/wp\/v2\/product_tag?post=9803"}],"curies":[{"name":"wp","href":"https:\/\/api.w.org\/{rel}","templated":true}]}}