{"id":9801,"date":"2023-08-04T18:47:29","date_gmt":"2025-04-07T15:06:10","guid":{"rendered":"https:\/\/positiveautism.org\/product\/aprendamos-a-decir-no-hojas-de-trabajo-de-actividades-para-ensenar-habilidades-sociales-a-ninos-autistas\/"},"modified":"2025-04-07T11:06:10","modified_gmt":"2025-04-07T15:06:10","slug":"aprendamos-a-decir-no-hojas-de-trabajo-de-actividades-para-ensenar-habilidades-sociales-a-ninos-autistas","status":"publish","type":"product","link":"https:\/\/positiveautism.org\/es\/producto\/aprendamos-a-decir-no-hojas-de-trabajo-de-actividades-para-ensenar-habilidades-sociales-a-ninos-autistas\/","title":{"rendered":"\u00a1Aprendamos a decir NO!. (Hojas de trabajo de actividades para ense\u00f1ar habilidades sociales a ni\u00f1os autistas)"},"content":{"rendered":"","protected":false},"excerpt":{"rendered":"<p><span style=\"font-weight: 400;\">En esta hoja de trabajo, \u00ab\u00a1Aprendiendo a decir NO!\u00bb, nuestro objetivo es empoderar a los ni\u00f1os autistas con las herramientas para comprender y practicar la importancia del consentimiento en las interacciones sociales. Esta gu\u00eda proporciona una inmersi\u00f3n profunda en situaciones en las que uno debe sentirse c\u00f3modo afirmando un \u00abNO\u00bb, en el contexto del espacio personal, las emociones y las interacciones f\u00edsicas. Tambi\u00e9n hacemos hincapi\u00e9 en la importancia de respetar el \u00abNO\u00bb de los dem\u00e1s. Se cubren m\u00faltiples escenarios, incluidas las interacciones entre pares y adultos, lo que ofrece la oportunidad de pensar, escribir y representar las respuestas. Igualmente importante, abordamos el equilibrio del consentimiento, reconociendo que est\u00e1 bien decir \u00abS\u00cd\u00bb cuando te sientes seguro y feliz. Cada ejercicio est\u00e1 dise\u00f1ado para ayudar a los ni\u00f1os a comprender sus derechos, desarrollar confianza y comunicarse de manera efectiva. Esperamos que este material sirva como una herramienta completa y valiosa en su viaje para dominar las habilidades sociales esenciales.      <\/span><\/p>\n","protected":false},"featured_media":9802,"comment_status":"open","ping_status":"closed","template":"","meta":{"_acf_changed":false,"_monsterinsights_skip_tracking":false,"_monsterinsights_sitenote_active":false,"_monsterinsights_sitenote_note":"","_monsterinsights_sitenote_category":0},"product_brand":[],"product_cat":[787],"product_tag":[811,833,982],"class_list":{"0":"post-9801","1":"product","2":"type-product","3":"status-publish","4":"has-post-thumbnail","6":"product_cat-habilidades-sociales-y-emocionales","7":"product_tag-habilidades-sociales-y-emocionales-en-ninos-autistas","8":"product_tag-habilidades-sociales-y-emocionales-en-ninos-con-autismo","9":"product_tag-aprende-a-decir-no","11":"first","12":"instock","13":"downloadable","14":"shipping-taxable","15":"purchasable","16":"product-type-simple"},"acf":[],"aioseo_notices":[],"jetpack_sharing_enabled":true,"_links":{"self":[{"href":"https:\/\/positiveautism.org\/es\/wp-json\/wp\/v2\/product\/9801","targetHints":{"allow":["GET"]}}],"collection":[{"href":"https:\/\/positiveautism.org\/es\/wp-json\/wp\/v2\/product"}],"about":[{"href":"https:\/\/positiveautism.org\/es\/wp-json\/wp\/v2\/types\/product"}],"replies":[{"embeddable":true,"href":"https:\/\/positiveautism.org\/es\/wp-json\/wp\/v2\/comments?post=9801"}],"wp:featuredmedia":[{"embeddable":true,"href":"https:\/\/positiveautism.org\/es\/wp-json\/wp\/v2\/media\/9802"}],"wp:attachment":[{"href":"https:\/\/positiveautism.org\/es\/wp-json\/wp\/v2\/media?parent=9801"}],"wp:term":[{"taxonomy":"product_brand","embeddable":true,"href":"https:\/\/positiveautism.org\/es\/wp-json\/wp\/v2\/product_brand?post=9801"},{"taxonomy":"product_cat","embeddable":true,"href":"https:\/\/positiveautism.org\/es\/wp-json\/wp\/v2\/product_cat?post=9801"},{"taxonomy":"product_tag","embeddable":true,"href":"https:\/\/positiveautism.org\/es\/wp-json\/wp\/v2\/product_tag?post=9801"}],"curies":[{"name":"wp","href":"https:\/\/api.w.org\/{rel}","templated":true}]}}