{"id":9790,"date":"2023-12-04T12:09:39","date_gmt":"2025-04-07T15:04:58","guid":{"rendered":"https:\/\/positiveautism.org\/product\/la-historia-de-luis-y-el-poder-del-no-hojas-de-trabajo-para-ensenar-a-los-ninos-comprension-lectora-autoafirmacion-y-habilidades-sociales\/"},"modified":"2025-04-07T11:04:58","modified_gmt":"2025-04-07T15:04:58","slug":"la-historia-de-luis-y-el-poder-del-no-hojas-de-trabajo-para-ensenar-a-los-ninos-comprension-lectora-autoafirmacion-y-habilidades-sociales","status":"publish","type":"product","link":"https:\/\/positiveautism.org\/es\/producto\/la-historia-de-luis-y-el-poder-del-no-hojas-de-trabajo-para-ensenar-a-los-ninos-comprension-lectora-autoafirmacion-y-habilidades-sociales\/","title":{"rendered":"La historia de Luis y el poder del \u00abNo\u00bb. (Hojas de trabajo para ense\u00f1ar a los ni\u00f1os comprensi\u00f3n lectora, autoafirmaci\u00f3n y habilidades sociales)"},"content":{"rendered":"","protected":false},"excerpt":{"rendered":"<div class=\"flex flex-grow flex-col max-w-full\">\n<div class=\"min-h-[20px] text-message flex flex-col items-start whitespace-pre-wrap break-words [.text-message+&amp;]:mt-5 juice:w-full juice:items-end overflow-x-auto gap-2\" dir=\"auto\" data-message-author-role=\"assistant\" data-message-id=\"8c3fcc05-57bc-43de-8589-da69ff49386a\">\n<div class=\"flex w-full flex-col gap-1 juice:empty:hidden juice:first:pt-[3px]\">\n<div class=\"markdown prose w-full break-words dark:prose-invert light\">\n<p>Este material proporciona a los padres y educadores herramientas para trabajar en la comprensi\u00f3n lectora y ense\u00f1ar habilidades sociales y emocionales a los ni\u00f1os autistas. A trav\u00e9s de la historia de Luis y ejemplos pr\u00e1cticos de juegos de rol, se pretende desarrollar la capacidad de establecer l\u00edmites personales, decir \u00abno\u00bb en situaciones inapropiadas o peligrosas y comprender las implicaciones morales de sus acciones. Los ejercicios est\u00e1n dise\u00f1ados para reforzar la autonom\u00eda y la seguridad personal, promoviendo interacciones saludables y respetuosas con los dem\u00e1s.  <\/p>\n<\/div>\n<\/div>\n<\/div>\n<\/div>\n<div class=\"mt-1 flex gap-3 empty:hidden juice:-ml-3\">\n<div class=\"items-center justify-start rounded-xl p-1 flex\">\n<div class=\"flex items-center\">\n<div class=\"flex\"><\/div>\n<div class=\"flex items-center pb-0.5 juice:pb-0\">\n<div class=\"[&amp;_svg]:h-full [&amp;_svg]:w-full icon-md h-4 w-4\"><\/div>\n<\/div>\n<\/div>\n<\/div>\n<\/div>\n","protected":false},"featured_media":9791,"comment_status":"closed","ping_status":"closed","template":"","meta":{"_acf_changed":false,"_monsterinsights_skip_tracking":false,"_monsterinsights_sitenote_active":false,"_monsterinsights_sitenote_note":"","_monsterinsights_sitenote_category":0},"product_brand":[],"product_cat":[783,787],"product_tag":[795,867,982],"class_list":{"0":"post-9790","1":"product","2":"type-product","3":"status-publish","4":"has-post-thumbnail","6":"product_cat-comprension-lectora","7":"product_cat-habilidades-sociales-y-emocionales","8":"product_tag-comprension-lectora-para-ninos-autistas","9":"product_tag-de-la-lectura-a-las-habilidades-sociales-tecnologicas","10":"product_tag-aprende-a-decir-no","12":"first","13":"instock","14":"downloadable","15":"shipping-taxable","16":"purchasable","17":"product-type-simple"},"acf":[],"aioseo_notices":[],"jetpack_sharing_enabled":true,"_links":{"self":[{"href":"https:\/\/positiveautism.org\/es\/wp-json\/wp\/v2\/product\/9790","targetHints":{"allow":["GET"]}}],"collection":[{"href":"https:\/\/positiveautism.org\/es\/wp-json\/wp\/v2\/product"}],"about":[{"href":"https:\/\/positiveautism.org\/es\/wp-json\/wp\/v2\/types\/product"}],"replies":[{"embeddable":true,"href":"https:\/\/positiveautism.org\/es\/wp-json\/wp\/v2\/comments?post=9790"}],"wp:featuredmedia":[{"embeddable":true,"href":"https:\/\/positiveautism.org\/es\/wp-json\/wp\/v2\/media\/9791"}],"wp:attachment":[{"href":"https:\/\/positiveautism.org\/es\/wp-json\/wp\/v2\/media?parent=9790"}],"wp:term":[{"taxonomy":"product_brand","embeddable":true,"href":"https:\/\/positiveautism.org\/es\/wp-json\/wp\/v2\/product_brand?post=9790"},{"taxonomy":"product_cat","embeddable":true,"href":"https:\/\/positiveautism.org\/es\/wp-json\/wp\/v2\/product_cat?post=9790"},{"taxonomy":"product_tag","embeddable":true,"href":"https:\/\/positiveautism.org\/es\/wp-json\/wp\/v2\/product_tag?post=9790"}],"curies":[{"name":"wp","href":"https:\/\/api.w.org\/{rel}","templated":true}]}}